{"id":8047,"date":"2022-09-04T08:44:15","date_gmt":"2022-09-04T08:44:15","guid":{"rendered":"https:\/\/new.reikiforum.fr\/?page_id=8047"},"modified":"2022-09-04T10:53:05","modified_gmt":"2022-09-04T10:53:05","slug":"pratique-des-sons-wakas","status":"publish","type":"page","link":"https:\/\/new.reikiforum.fr\/?page_id=8047","title":{"rendered":"Pratique des Sons Wakas"},"content":{"rendered":"\t\t<div data-elementor-type=\"wp-page\" data-elementor-id=\"8047\" class=\"elementor elementor-8047\">\n\t\t\t\t\t\t<div class=\"elementor-inner\">\n\t\t\t\t<div class=\"elementor-section-wrap\">\n\t\t\t\t\t\t\t\t\t<section class=\"elementor-section elementor-top-section elementor-element elementor-element-db4e83f elementor-section-boxed elementor-section-height-default elementor-section-height-default\" data-id=\"db4e83f\" data-element_type=\"section\">\n\t\t\t\t\t\t<div class=\"elementor-container elementor-column-gap-default\">\n\t\t\t\t\t\t\t<div class=\"elementor-row\">\n\t\t\t\t\t<div class=\"elementor-column elementor-col-50 elementor-top-column elementor-element elementor-element-329a4c5 leftSideBarCol\" data-id=\"329a4c5\" data-element_type=\"column\" data-settings=\"{&quot;background_background&quot;:&quot;classic&quot;}\">\n\t\t\t<div class=\"elementor-column-wrap elementor-element-populated\">\n\t\t\t\t\t\t\t<div class=\"elementor-widget-wrap\">\n\t\t\t\t\t\t<div class=\"elementor-element elementor-element-635a26b elementor-widget elementor-widget-heading\" data-id=\"635a26b\" data-element_type=\"widget\" data-widget_type=\"heading.default\">\n\t\t\t\t<div class=\"elementor-widget-container\">\n\t\t\t<h5 class=\"elementor-heading-title elementor-size-default\">Congr\u00e8s Reiki<\/h5>\t\t<\/div>\n\t\t\t\t<\/div>\n\t\t\t\t<div class=\"elementor-element elementor-element-eb3a697 elementor-widget-divider--view-line elementor-widget elementor-widget-divider\" data-id=\"eb3a697\" data-element_type=\"widget\" data-widget_type=\"divider.default\">\n\t\t\t\t<div class=\"elementor-widget-container\">\n\t\t\t\t\t<div class=\"elementor-divider\">\n\t\t\t<span class=\"elementor-divider-separator\">\n\t\t\t\t\t\t<\/span>\n\t\t<\/div>\n\t\t\t\t<\/div>\n\t\t\t\t<\/div>\n\t\t\t\t<div class=\"elementor-element elementor-element-f742b6c hfe-nav-menu__align-left hfe-submenu-icon-arrow hfe-link-redirect-child hfe-nav-menu__breakpoint-tablet elementor-widget elementor-widget-navigation-menu\" data-id=\"f742b6c\" data-element_type=\"widget\" data-settings=\"{&quot;padding_vertical_menu_item&quot;:{&quot;unit&quot;:&quot;px&quot;,&quot;size&quot;:5,&quot;sizes&quot;:[]},&quot;padding_horizontal_menu_item&quot;:{&quot;unit&quot;:&quot;px&quot;,&quot;size&quot;:15,&quot;sizes&quot;:[]},&quot;padding_horizontal_menu_item_tablet&quot;:{&quot;unit&quot;:&quot;px&quot;,&quot;size&quot;:&quot;&quot;,&quot;sizes&quot;:[]},&quot;padding_horizontal_menu_item_mobile&quot;:{&quot;unit&quot;:&quot;px&quot;,&quot;size&quot;:&quot;&quot;,&quot;sizes&quot;:[]},&quot;padding_vertical_menu_item_tablet&quot;:{&quot;unit&quot;:&quot;px&quot;,&quot;size&quot;:&quot;&quot;,&quot;sizes&quot;:[]},&quot;padding_vertical_menu_item_mobile&quot;:{&quot;unit&quot;:&quot;px&quot;,&quot;size&quot;:&quot;&quot;,&quot;sizes&quot;:[]},&quot;menu_space_between&quot;:{&quot;unit&quot;:&quot;px&quot;,&quot;size&quot;:&quot;&quot;,&quot;sizes&quot;:[]},&quot;menu_space_between_tablet&quot;:{&quot;unit&quot;:&quot;px&quot;,&quot;size&quot;:&quot;&quot;,&quot;sizes&quot;:[]},&quot;menu_space_between_mobile&quot;:{&quot;unit&quot;:&quot;px&quot;,&quot;size&quot;:&quot;&quot;,&quot;sizes&quot;:[]},&quot;dropdown_border_radius&quot;:{&quot;unit&quot;:&quot;px&quot;,&quot;top&quot;:&quot;&quot;,&quot;right&quot;:&quot;&quot;,&quot;bottom&quot;:&quot;&quot;,&quot;left&quot;:&quot;&quot;,&quot;isLinked&quot;:true},&quot;dropdown_border_radius_tablet&quot;:{&quot;unit&quot;:&quot;px&quot;,&quot;top&quot;:&quot;&quot;,&quot;right&quot;:&quot;&quot;,&quot;bottom&quot;:&quot;&quot;,&quot;left&quot;:&quot;&quot;,&quot;isLinked&quot;:true},&quot;dropdown_border_radius_mobile&quot;:{&quot;unit&quot;:&quot;px&quot;,&quot;top&quot;:&quot;&quot;,&quot;right&quot;:&quot;&quot;,&quot;bottom&quot;:&quot;&quot;,&quot;left&quot;:&quot;&quot;,&quot;isLinked&quot;:true},&quot;padding_horizontal_dropdown_item&quot;:{&quot;unit&quot;:&quot;px&quot;,&quot;size&quot;:&quot;&quot;,&quot;sizes&quot;:[]},&quot;padding_horizontal_dropdown_item_tablet&quot;:{&quot;unit&quot;:&quot;px&quot;,&quot;size&quot;:&quot;&quot;,&quot;sizes&quot;:[]},&quot;padding_horizontal_dropdown_item_mobile&quot;:{&quot;unit&quot;:&quot;px&quot;,&quot;size&quot;:&quot;&quot;,&quot;sizes&quot;:[]},&quot;padding_vertical_dropdown_item&quot;:{&quot;unit&quot;:&quot;px&quot;,&quot;size&quot;:15,&quot;sizes&quot;:[]},&quot;padding_vertical_dropdown_item_tablet&quot;:{&quot;unit&quot;:&quot;px&quot;,&quot;size&quot;:&quot;&quot;,&quot;sizes&quot;:[]},&quot;padding_vertical_dropdown_item_mobile&quot;:{&quot;unit&quot;:&quot;px&quot;,&quot;size&quot;:&quot;&quot;,&quot;sizes&quot;:[]},&quot;distance_from_menu&quot;:{&quot;unit&quot;:&quot;px&quot;,&quot;size&quot;:&quot;&quot;,&quot;sizes&quot;:[]},&quot;distance_from_menu_tablet&quot;:{&quot;unit&quot;:&quot;px&quot;,&quot;size&quot;:&quot;&quot;,&quot;sizes&quot;:[]},&quot;distance_from_menu_mobile&quot;:{&quot;unit&quot;:&quot;px&quot;,&quot;size&quot;:&quot;&quot;,&quot;sizes&quot;:[]},&quot;toggle_size&quot;:{&quot;unit&quot;:&quot;px&quot;,&quot;size&quot;:&quot;&quot;,&quot;sizes&quot;:[]},&quot;toggle_size_tablet&quot;:{&quot;unit&quot;:&quot;px&quot;,&quot;size&quot;:&quot;&quot;,&quot;sizes&quot;:[]},&quot;toggle_size_mobile&quot;:{&quot;unit&quot;:&quot;px&quot;,&quot;size&quot;:&quot;&quot;,&quot;sizes&quot;:[]},&quot;toggle_border_width&quot;:{&quot;unit&quot;:&quot;px&quot;,&quot;size&quot;:&quot;&quot;,&quot;sizes&quot;:[]},&quot;toggle_border_width_tablet&quot;:{&quot;unit&quot;:&quot;px&quot;,&quot;size&quot;:&quot;&quot;,&quot;sizes&quot;:[]},&quot;toggle_border_width_mobile&quot;:{&quot;unit&quot;:&quot;px&quot;,&quot;size&quot;:&quot;&quot;,&quot;sizes&quot;:[]},&quot;toggle_border_radius&quot;:{&quot;unit&quot;:&quot;px&quot;,&quot;size&quot;:&quot;&quot;,&quot;sizes&quot;:[]},&quot;toggle_border_radius_tablet&quot;:{&quot;unit&quot;:&quot;px&quot;,&quot;size&quot;:&quot;&quot;,&quot;sizes&quot;:[]},&quot;toggle_border_radius_mobile&quot;:{&quot;unit&quot;:&quot;px&quot;,&quot;size&quot;:&quot;&quot;,&quot;sizes&quot;:[]}}\" data-widget_type=\"navigation-menu.default\">\n\t\t\t\t<div class=\"elementor-widget-container\">\n\t\t\t\t\t\t<div class=\"hfe-nav-menu hfe-layout-vertical hfe-nav-menu-layout vertical\" data-layout=\"vertical\">\n\t\t\t\t<div class=\"hfe-nav-menu__toggle elementor-clickable\">\n\t\t\t\t\t<div class=\"hfe-nav-menu-icon\">\n\t\t\t\t\t\t<i aria-hidden=\"true\" tabindex=\"0\" class=\"fas fa-align-justify\"><\/i>\t\t\t\t\t<\/div>\n\t\t\t\t<\/div>\n\t\t\t\t<nav class=\"hfe-nav-menu__layout-vertical hfe-nav-menu__submenu-arrow\" data-toggle-icon=\"&lt;i aria-hidden=&quot;true&quot; tabindex=&quot;0&quot; class=&quot;fas fa-align-justify&quot;&gt;&lt;\/i&gt;\" data-close-icon=\"&lt;i aria-hidden=&quot;true&quot; tabindex=&quot;0&quot; class=&quot;far fa-window-close&quot;&gt;&lt;\/i&gt;\" data-full-width=\"yes\"><ul id=\"menu-1-f742b6c\" class=\"hfe-nav-menu\"><li id=\"menu-item-8005\" class=\"menu-item menu-item-type-post_type menu-item-object-page parent hfe-creative-menu\"><a href=\"https:\/\/new.reikiforum.fr\/?page_id=7942\" class = \"hfe-menu-item\">Evian 2022<\/a><\/li>\n<li id=\"menu-item-8004\" class=\"menu-item menu-item-type-custom menu-item-object-custom menu-item-has-children parent hfe-has-submenu hfe-creative-menu\"><div class=\"hfe-has-submenu-container\"><a href=\"#\" class = \"hfe-menu-item\">Stages autour du Congr\u00e8s 2022<span class='hfe-menu-toggle sub-arrow hfe-menu-child-0'><i class='fa'><\/i><\/span><\/a><\/div>\n<ul class=\"sub-menu\">\n\t<li id=\"menu-item-7999\" class=\"menu-item menu-item-type-post_type menu-item-object-page hfe-creative-menu\"><a href=\"https:\/\/new.reikiforum.fr\/?page_id=7998\" class = \"hfe-sub-menu-item\">Chamanique<\/a><\/li>\n\t<li id=\"menu-item-8007\" class=\"menu-item menu-item-type-post_type menu-item-object-page hfe-creative-menu\"><a href=\"https:\/\/new.reikiforum.fr\/?page_id=8006\" class = \"hfe-sub-menu-item\">Stage de Perfectionnement Reiki III<\/a><\/li>\n\t<li id=\"menu-item-8013\" class=\"menu-item menu-item-type-post_type menu-item-object-page hfe-creative-menu\"><a href=\"https:\/\/new.reikiforum.fr\/?page_id=8012\" class = \"hfe-sub-menu-item\">Bols Chantants Module 1<\/a><\/li>\n\t<li id=\"menu-item-8019\" class=\"menu-item menu-item-type-post_type menu-item-object-page hfe-creative-menu\"><a href=\"https:\/\/new.reikiforum.fr\/?page_id=8018\" class = \"hfe-sub-menu-item\">Calligraphie<\/a><\/li>\n\t<li id=\"menu-item-8025\" class=\"menu-item menu-item-type-post_type menu-item-object-page hfe-creative-menu\"><a href=\"https:\/\/new.reikiforum.fr\/?page_id=8024\" class = \"hfe-sub-menu-item\">Amakodama<\/a><\/li>\n\t<li id=\"menu-item-8036\" class=\"menu-item menu-item-type-post_type menu-item-object-page hfe-creative-menu\"><a href=\"https:\/\/new.reikiforum.fr\/?page_id=8030\" class = \"hfe-sub-menu-item\">Bio Music One<\/a><\/li>\n\t<li id=\"menu-item-8042\" class=\"menu-item menu-item-type-post_type menu-item-object-page hfe-creative-menu\"><a href=\"https:\/\/new.reikiforum.fr\/?page_id=8041\" class = \"hfe-sub-menu-item\">Bols Chantants Module 2<\/a><\/li>\n\t<li id=\"menu-item-8048\" class=\"menu-item menu-item-type-post_type menu-item-object-page hfe-creative-menu\"><a href=\"https:\/\/new.reikiforum.fr\/?page_id=8047\" class = \"hfe-sub-menu-item\">Pratique des Sons Wakas<\/a><\/li>\n<\/ul>\n<\/li>\n<li id=\"menu-item-8054\" class=\"menu-item menu-item-type-post_type menu-item-object-page parent hfe-creative-menu\"><a href=\"https:\/\/new.reikiforum.fr\/?page_id=8053\" class = \"hfe-menu-item\">Evian 2019<\/a><\/li>\n<li id=\"menu-item-8063\" class=\"menu-item menu-item-type-post_type menu-item-object-page parent hfe-creative-menu\"><a href=\"https:\/\/new.reikiforum.fr\/?page_id=8062\" class = \"hfe-menu-item\">Evian 2018<\/a><\/li>\n<li id=\"menu-item-8093\" class=\"menu-item menu-item-type-post_type menu-item-object-page parent hfe-creative-menu\"><a href=\"https:\/\/new.reikiforum.fr\/?page_id=8092\" class = \"hfe-menu-item\">Evian 2017<\/a><\/li>\n<li id=\"menu-item-8118\" class=\"menu-item menu-item-type-post_type menu-item-object-page parent hfe-creative-menu\"><a href=\"https:\/\/new.reikiforum.fr\/?page_id=8117\" class = \"hfe-menu-item\">Evian 2016<\/a><\/li>\n<li id=\"menu-item-8157\" class=\"menu-item menu-item-type-post_type menu-item-object-page parent hfe-creative-menu\"><a href=\"https:\/\/new.reikiforum.fr\/?page_id=8156\" class = \"hfe-menu-item\">Evian 2015<\/a><\/li>\n<li id=\"menu-item-8189\" class=\"menu-item menu-item-type-post_type menu-item-object-page parent hfe-creative-menu\"><a href=\"https:\/\/new.reikiforum.fr\/?page_id=8188\" class = \"hfe-menu-item\">Evian 2014<\/a><\/li>\n<li id=\"menu-item-8211\" class=\"menu-item menu-item-type-post_type menu-item-object-page parent hfe-creative-menu\"><a href=\"https:\/\/new.reikiforum.fr\/?page_id=8210\" class = \"hfe-menu-item\">Evian 2013<\/a><\/li>\n<li id=\"menu-item-8242\" class=\"menu-item menu-item-type-post_type menu-item-object-page parent hfe-creative-menu\"><a href=\"https:\/\/new.reikiforum.fr\/?page_id=8241\" class = \"hfe-menu-item\">Evian 2012<\/a><\/li>\n<li id=\"menu-item-8270\" class=\"menu-item menu-item-type-post_type menu-item-object-page parent hfe-creative-menu\"><a href=\"https:\/\/new.reikiforum.fr\/?page_id=8269\" class = \"hfe-menu-item\">Evian 2011<\/a><\/li>\n<li id=\"menu-item-8311\" class=\"menu-item menu-item-type-post_type menu-item-object-page parent hfe-creative-menu\"><a href=\"https:\/\/new.reikiforum.fr\/?page_id=8310\" class = \"hfe-menu-item\">Evian 2010<\/a><\/li>\n<li id=\"menu-item-8339\" class=\"menu-item menu-item-type-post_type menu-item-object-page parent hfe-creative-menu\"><a href=\"https:\/\/new.reikiforum.fr\/?page_id=8338\" class = \"hfe-menu-item\">Evian 2009<\/a><\/li>\n<li id=\"menu-item-8368\" class=\"menu-item menu-item-type-post_type menu-item-object-page parent hfe-creative-menu\"><a href=\"https:\/\/new.reikiforum.fr\/?page_id=8367\" class = \"hfe-menu-item\">Evian 2008<\/a><\/li>\n<li id=\"menu-item-8381\" class=\"menu-item menu-item-type-post_type menu-item-object-page parent hfe-creative-menu\"><a href=\"https:\/\/new.reikiforum.fr\/?page_id=8380\" class = \"hfe-menu-item\">Liste des articles<\/a><\/li>\n<li id=\"menu-item-11137\" class=\"menu-item menu-item-type-post_type menu-item-object-page parent hfe-creative-menu\"><a href=\"https:\/\/new.reikiforum.fr\/?page_id=11136\" class = \"hfe-menu-item\">FAQ<\/a><\/li>\n<li id=\"menu-item-11200\" class=\"menu-item menu-item-type-post_type menu-item-object-page parent hfe-creative-menu\"><a href=\"https:\/\/new.reikiforum.fr\/?page_id=11199\" class = \"hfe-menu-item\">Derniers Articles<\/a><\/li>\n<li id=\"menu-item-11227\" class=\"menu-item menu-item-type-post_type menu-item-object-page parent hfe-creative-menu\"><a href=\"https:\/\/new.reikiforum.fr\/?page_id=11226\" class = \"hfe-menu-item\">test kanji<\/a><\/li>\n<\/ul><\/nav>              \n\t\t\t<\/div>\n\t\t\t\t\t<\/div>\n\t\t\t\t<\/div>\n\t\t\t\t<div class=\"elementor-element elementor-element-c79cc38 elementor-widget-divider--view-line elementor-widget elementor-widget-divider\" data-id=\"c79cc38\" data-element_type=\"widget\" data-widget_type=\"divider.default\">\n\t\t\t\t<div class=\"elementor-widget-container\">\n\t\t\t\t\t<div class=\"elementor-divider\">\n\t\t\t<span class=\"elementor-divider-separator\">\n\t\t\t\t\t\t<\/span>\n\t\t<\/div>\n\t\t\t\t<\/div>\n\t\t\t\t<\/div>\n\t\t\t\t<div class=\"elementor-element elementor-element-1466feb elementor-widget elementor-widget-image\" data-id=\"1466feb\" data-element_type=\"widget\" data-widget_type=\"image.default\">\n\t\t\t\t<div class=\"elementor-widget-container\">\n\t\t\t\t\t\t\t\t<div class=\"elementor-image\">\n\t\t\t\t\t\t\t\t\t\t\t\t<img width=\"101\" height=\"101\" src=\"https:\/\/new.reikiforum.fr\/wp-content\/uploads\/2022\/08\/ReikiChart.png\" class=\"attachment-large size-large\" alt=\"\" loading=\"lazy\" \/>\t\t\t\t\t\t\t\t\t\t\t\t\t\t<\/div>\n\t\t\t\t\t\t<\/div>\n\t\t\t\t<\/div>\n\t\t\t\t<div class=\"elementor-element elementor-element-a6bfbe9 elementor-widget elementor-widget-image\" data-id=\"a6bfbe9\" data-element_type=\"widget\" data-widget_type=\"image.default\">\n\t\t\t\t<div class=\"elementor-widget-container\">\n\t\t\t\t\t\t\t\t<div class=\"elementor-image\">\n\t\t\t\t\t\t\t\t\t\t\t\t<img width=\"120\" height=\"170\" src=\"https:\/\/new.reikiforum.fr\/wp-content\/uploads\/2022\/08\/EFQM.jpeg\" class=\"attachment-large size-large\" alt=\"\" loading=\"lazy\" \/>\t\t\t\t\t\t\t\t\t\t\t\t\t\t<\/div>\n\t\t\t\t\t\t<\/div>\n\t\t\t\t<\/div>\n\t\t\t\t<div class=\"elementor-element elementor-element-9755ea4 elementor-widget elementor-widget-image\" data-id=\"9755ea4\" data-element_type=\"widget\" data-widget_type=\"image.default\">\n\t\t\t\t<div class=\"elementor-widget-container\">\n\t\t\t\t\t\t\t\t<div class=\"elementor-image\">\n\t\t\t\t\t\t\t\t\t\t\t\t<img width=\"101\" height=\"71\" src=\"https:\/\/new.reikiforum.fr\/wp-content\/uploads\/2022\/08\/CE.jpeg\" class=\"attachment-large size-large\" alt=\"\" loading=\"lazy\" \/>\t\t\t\t\t\t\t\t\t\t\t\t\t\t<\/div>\n\t\t\t\t\t\t<\/div>\n\t\t\t\t<\/div>\n\t\t\t\t\t\t<\/div>\n\t\t\t\t\t<\/div>\n\t\t<\/div>\n\t\t\t\t<div class=\"elementor-column elementor-col-50 elementor-top-column elementor-element elementor-element-cc8161a\" data-id=\"cc8161a\" data-element_type=\"column\" data-settings=\"{&quot;background_background&quot;:&quot;classic&quot;}\">\n\t\t\t<div class=\"elementor-column-wrap elementor-element-populated\">\n\t\t\t\t\t\t\t<div class=\"elementor-widget-wrap\">\n\t\t\t\t\t\t<div class=\"elementor-element elementor-element-5edbdf9 elementor-widget elementor-widget-heading\" data-id=\"5edbdf9\" data-element_type=\"widget\" data-widget_type=\"heading.default\">\n\t\t\t\t<div class=\"elementor-widget-container\">\n\t\t\t<h1 class=\"elementor-heading-title elementor-size-default\">Pratique des Sons Wakas\n<\/h1>\t\t<\/div>\n\t\t\t\t<\/div>\n\t\t\t\t<div class=\"elementor-element elementor-element-24cd581 elementor-widget elementor-widget-text-editor\" data-id=\"24cd581\" data-element_type=\"widget\" data-widget_type=\"text-editor.default\">\n\t\t\t\t<div class=\"elementor-widget-container\">\n\t\t\t\t\t\t\t\t<div class=\"elementor-text-editor elementor-clearfix\">\n\t\t\t\t<h2 style=\"text-align: center;\"><strong>anim\u00e9 par\u00a0<\/strong><strong>Noriko Matsuzawa Sense<\/strong><\/h2><h2 style=\"text-align: center;\"><strong>Pratique des Sons<br \/><\/strong>Unification corps et esprit<br \/><strong>Wakas<\/strong><strong><br \/><\/strong>Purification et B\u00e9n\u00e9diction<br \/><strong>Pratique bas\u00e9e sur le souffle et la posture<br \/><br \/><\/strong><strong><u>Lundi\u00a023 mai 2022 (9h30\/12h30 &#8211; 14h30\/17h30)<\/u><\/strong><em><u><br \/><\/u><\/em><\/h2><p style=\"text-align: center;\"><strong><em><u>Avant\u00a0le Congr\u00e8s Reiki \u00e0 Evian les Bains<\/u><\/em><\/strong><\/p><p>\u00a0<\/p><p>Noriko Matsuzawa Sensei propose de nous initier \u00e0 la pratique des Wakas. La pratique des Wakas est bas\u00e9e sur le Shinto sacr\u00e9 des 50 sons et sur le \u00ab Ten-Chi no Kokyu \u00bb (Respiration par le Hara et la posture). Par une respiration consciente accompagn\u00e9e du souffle profond, par une posture juste, vous apprendrez comment utiliser et \u00e9mettre un son sacr\u00e9 et \u00e9nerg\u00e9tique, afin de rentrer en r\u00e9sonance avec l\u2019univers et son essence divine.<br \/>Le Ma\u00eetre fondateur du Reiki-Ryoho, Mikao Usui Sensei, qui avait beaucoup d\u2019estime et de respect pour l&#8217;Empereur Meiji, a choisi 125 Wakas parmi toutes celles compos\u00e9es par l\u2019Empereur Meijii.\u00a0 Il les a donn\u00e9s \u00e0 r\u00e9citer et psalmodier \u00e0 ces \u00e9tudiants ainsi que les cinq pr\u00e9ceptes (\u00ab Gokkai \u00bb).\u00a0 Ceci pour qu\u2019ils se purifient et aient une attitude juste avant de r\u00e9aliser une s\u00e9ance de Reiki-Ryoho (\u00ab Teate \u00bb).<\/p><p>Les \u00abGyosei\u00bb Wakas, de l&#8217;Empereur Meiji, font donc partie des pratiques traditionnelles de l&#8217;Usui Reiki-Ryoho; et les pratiquants les utilisent, de fa\u00e7on c\u00e9r\u00e9moniale, comme un moyen de purification et de b\u00e9n\u00e9diction.<\/p><p>Gr\u00e2ce \u00e0 une m\u00e9thode simple et profonde, en restant dans l&#8217;esprit traditionnel japonais, Noriko propose une forme de m\u00e9ditation et de contemplation devant les formes des sons calligraphi\u00e9s, et va guider l\u2019\u00e9tudiant dans la pratique des sons des Wakas. La r\u00e9sonance du son sacr\u00e9 \u00e9mis, n\u00e9 du souffle vital, nous fera vibrer int\u00e9rieurement et ext\u00e9rieurement, nous purifiera tout en unifiant le corps et l&#8217;esprit, et engendrera une expansion de conscience, une ouverture du soi.<\/p><p>Par ses longues ann\u00e9es d\u2019exp\u00e9rience et de calligraphie des Wakas raffin\u00e9s, par la pratique pr\u00e9cise d\u2019enchainement des formes fluides du son, qui permettent de se relier \u00e0 l\u2019univers et \u00e0 son essence divine, Noriko Matsuzawa Sensei a su r\u00e9v\u00e9ler l\u2019alliance du monde de l\u2019\u00e9criture et du son originel. Par sa culture japonaise, sa capacit\u00e9 \u00e0 composer, \u00e9crire des Wakas et \u00e0 les chanter de mani\u00e8re ancestrale, Noriko Matsuzawa Sensei offre aux praticiens de Reiki-Ryoho, une approche \u00e9largie du Reiki-Ryoho traditionnel, dans le but d\u2019attendre un mieux-\u00eatre personnel et collectif. Dans la gratitude, et dans la joie.<\/p><p>\u00a0<\/p><p style=\"text-align: center;\"><strong>Participation:\u00a0<\/strong><strong>125 \u20ac (h\u00e9bergement et repas en sus)<\/strong><\/p><p style=\"text-align: center;\"><strong>Places limit\u00e9es : 25 personnes max<\/strong><\/p><p style=\"text-align: center;\"><strong>Inscriptions:\u00a0mundoreiki.secretariat@gmail.com ou 0805 080 333<\/strong><\/p><p><strong>\u00a0<\/strong><\/p>\t\t\t\t\t<\/div>\n\t\t\t\t\t\t<\/div>\n\t\t\t\t<\/div>\n\t\t\t\t\t\t<\/div>\n\t\t\t\t\t<\/div>\n\t\t<\/div>\n\t\t\t\t\t\t\t\t<\/div>\n\t\t\t\t\t<\/div>\n\t\t<\/section>\n\t\t\t\t\t\t\t\t\t<\/div>\n\t\t\t<\/div>\n\t\t\t\t\t<\/div>\n\t\t","protected":false},"excerpt":{"rendered":"<p>Congr\u00e8s Reiki Evian 2022 Stages autour du Congr\u00e8s 2022 Chamanique Stage de Perfectionnement Reiki III Bols Chantants Module 1 Calligraphie Amakodama Bio Music One Bols Chantants Module 2 Pratique des Sons Wakas Pratique des Sons Wakas anim\u00e9 par\u00a0Noriko Matsuzawa Sense Pratique des SonsUnification corps et espritWakasPurification et B\u00e9n\u00e9dictionPratique bas\u00e9e sur le souffle et la posture [&hellip;]<\/p>\n","protected":false},"author":1,"featured_media":0,"parent":7942,"menu_order":0,"comment_status":"closed","ping_status":"closed","template":"elementor_header_footer","meta":[],"_links":{"self":[{"href":"https:\/\/new.reikiforum.fr\/index.php?rest_route=\/wp\/v2\/pages\/8047"}],"collection":[{"href":"https:\/\/new.reikiforum.fr\/index.php?rest_route=\/wp\/v2\/pages"}],"about":[{"href":"https:\/\/new.reikiforum.fr\/index.php?rest_route=\/wp\/v2\/types\/page"}],"author":[{"embeddable":true,"href":"https:\/\/new.reikiforum.fr\/index.php?rest_route=\/wp\/v2\/users\/1"}],"replies":[{"embeddable":true,"href":"https:\/\/new.reikiforum.fr\/index.php?rest_route=%2Fwp%2Fv2%2Fcomments&post=8047"}],"version-history":[{"count":4,"href":"https:\/\/new.reikiforum.fr\/index.php?rest_route=\/wp\/v2\/pages\/8047\/revisions"}],"predecessor-version":[{"id":8052,"href":"https:\/\/new.reikiforum.fr\/index.php?rest_route=\/wp\/v2\/pages\/8047\/revisions\/8052"}],"up":[{"embeddable":true,"href":"https:\/\/new.reikiforum.fr\/index.php?rest_route=\/wp\/v2\/pages\/7942"}],"wp:attachment":[{"href":"https:\/\/new.reikiforum.fr\/index.php?rest_route=%2Fwp%2Fv2%2Fmedia&parent=8047"}],"curies":[{"name":"wp","href":"https:\/\/api.w.org\/{rel}","templated":true}]}}