{"id":7998,"date":"2022-09-04T08:31:49","date_gmt":"2022-09-04T08:31:49","guid":{"rendered":"https:\/\/new.reikiforum.fr\/?page_id=7998"},"modified":"2022-09-04T10:53:05","modified_gmt":"2022-09-04T10:53:05","slug":"chamanique","status":"publish","type":"page","link":"https:\/\/new.reikiforum.fr\/?page_id=7998","title":{"rendered":"Chamanique"},"content":{"rendered":"\t\t<div data-elementor-type=\"wp-page\" data-elementor-id=\"7998\" class=\"elementor elementor-7998\">\n\t\t\t\t\t\t<div class=\"elementor-inner\">\n\t\t\t\t<div class=\"elementor-section-wrap\">\n\t\t\t\t\t\t\t\t\t<section class=\"elementor-section elementor-top-section elementor-element elementor-element-db4e83f elementor-section-boxed elementor-section-height-default elementor-section-height-default\" data-id=\"db4e83f\" data-element_type=\"section\">\n\t\t\t\t\t\t<div class=\"elementor-container elementor-column-gap-default\">\n\t\t\t\t\t\t\t<div class=\"elementor-row\">\n\t\t\t\t\t<div class=\"elementor-column elementor-col-50 elementor-top-column elementor-element elementor-element-329a4c5 leftSideBarCol\" data-id=\"329a4c5\" data-element_type=\"column\" data-settings=\"{&quot;background_background&quot;:&quot;classic&quot;}\">\n\t\t\t<div class=\"elementor-column-wrap elementor-element-populated\">\n\t\t\t\t\t\t\t<div class=\"elementor-widget-wrap\">\n\t\t\t\t\t\t<div class=\"elementor-element elementor-element-635a26b elementor-widget elementor-widget-heading\" data-id=\"635a26b\" data-element_type=\"widget\" data-widget_type=\"heading.default\">\n\t\t\t\t<div class=\"elementor-widget-container\">\n\t\t\t<h5 class=\"elementor-heading-title elementor-size-default\">Congr\u00e8s Reiki<\/h5>\t\t<\/div>\n\t\t\t\t<\/div>\n\t\t\t\t<div class=\"elementor-element elementor-element-eb3a697 elementor-widget-divider--view-line elementor-widget elementor-widget-divider\" data-id=\"eb3a697\" data-element_type=\"widget\" data-widget_type=\"divider.default\">\n\t\t\t\t<div class=\"elementor-widget-container\">\n\t\t\t\t\t<div class=\"elementor-divider\">\n\t\t\t<span class=\"elementor-divider-separator\">\n\t\t\t\t\t\t<\/span>\n\t\t<\/div>\n\t\t\t\t<\/div>\n\t\t\t\t<\/div>\n\t\t\t\t<div class=\"elementor-element elementor-element-f742b6c hfe-nav-menu__align-left hfe-submenu-icon-arrow hfe-link-redirect-child hfe-nav-menu__breakpoint-tablet elementor-widget elementor-widget-navigation-menu\" data-id=\"f742b6c\" data-element_type=\"widget\" data-settings=\"{&quot;padding_vertical_menu_item&quot;:{&quot;unit&quot;:&quot;px&quot;,&quot;size&quot;:5,&quot;sizes&quot;:[]},&quot;padding_horizontal_menu_item&quot;:{&quot;unit&quot;:&quot;px&quot;,&quot;size&quot;:15,&quot;sizes&quot;:[]},&quot;padding_horizontal_menu_item_tablet&quot;:{&quot;unit&quot;:&quot;px&quot;,&quot;size&quot;:&quot;&quot;,&quot;sizes&quot;:[]},&quot;padding_horizontal_menu_item_mobile&quot;:{&quot;unit&quot;:&quot;px&quot;,&quot;size&quot;:&quot;&quot;,&quot;sizes&quot;:[]},&quot;padding_vertical_menu_item_tablet&quot;:{&quot;unit&quot;:&quot;px&quot;,&quot;size&quot;:&quot;&quot;,&quot;sizes&quot;:[]},&quot;padding_vertical_menu_item_mobile&quot;:{&quot;unit&quot;:&quot;px&quot;,&quot;size&quot;:&quot;&quot;,&quot;sizes&quot;:[]},&quot;menu_space_between&quot;:{&quot;unit&quot;:&quot;px&quot;,&quot;size&quot;:&quot;&quot;,&quot;sizes&quot;:[]},&quot;menu_space_between_tablet&quot;:{&quot;unit&quot;:&quot;px&quot;,&quot;size&quot;:&quot;&quot;,&quot;sizes&quot;:[]},&quot;menu_space_between_mobile&quot;:{&quot;unit&quot;:&quot;px&quot;,&quot;size&quot;:&quot;&quot;,&quot;sizes&quot;:[]},&quot;dropdown_border_radius&quot;:{&quot;unit&quot;:&quot;px&quot;,&quot;top&quot;:&quot;&quot;,&quot;right&quot;:&quot;&quot;,&quot;bottom&quot;:&quot;&quot;,&quot;left&quot;:&quot;&quot;,&quot;isLinked&quot;:true},&quot;dropdown_border_radius_tablet&quot;:{&quot;unit&quot;:&quot;px&quot;,&quot;top&quot;:&quot;&quot;,&quot;right&quot;:&quot;&quot;,&quot;bottom&quot;:&quot;&quot;,&quot;left&quot;:&quot;&quot;,&quot;isLinked&quot;:true},&quot;dropdown_border_radius_mobile&quot;:{&quot;unit&quot;:&quot;px&quot;,&quot;top&quot;:&quot;&quot;,&quot;right&quot;:&quot;&quot;,&quot;bottom&quot;:&quot;&quot;,&quot;left&quot;:&quot;&quot;,&quot;isLinked&quot;:true},&quot;padding_horizontal_dropdown_item&quot;:{&quot;unit&quot;:&quot;px&quot;,&quot;size&quot;:&quot;&quot;,&quot;sizes&quot;:[]},&quot;padding_horizontal_dropdown_item_tablet&quot;:{&quot;unit&quot;:&quot;px&quot;,&quot;size&quot;:&quot;&quot;,&quot;sizes&quot;:[]},&quot;padding_horizontal_dropdown_item_mobile&quot;:{&quot;unit&quot;:&quot;px&quot;,&quot;size&quot;:&quot;&quot;,&quot;sizes&quot;:[]},&quot;padding_vertical_dropdown_item&quot;:{&quot;unit&quot;:&quot;px&quot;,&quot;size&quot;:15,&quot;sizes&quot;:[]},&quot;padding_vertical_dropdown_item_tablet&quot;:{&quot;unit&quot;:&quot;px&quot;,&quot;size&quot;:&quot;&quot;,&quot;sizes&quot;:[]},&quot;padding_vertical_dropdown_item_mobile&quot;:{&quot;unit&quot;:&quot;px&quot;,&quot;size&quot;:&quot;&quot;,&quot;sizes&quot;:[]},&quot;distance_from_menu&quot;:{&quot;unit&quot;:&quot;px&quot;,&quot;size&quot;:&quot;&quot;,&quot;sizes&quot;:[]},&quot;distance_from_menu_tablet&quot;:{&quot;unit&quot;:&quot;px&quot;,&quot;size&quot;:&quot;&quot;,&quot;sizes&quot;:[]},&quot;distance_from_menu_mobile&quot;:{&quot;unit&quot;:&quot;px&quot;,&quot;size&quot;:&quot;&quot;,&quot;sizes&quot;:[]},&quot;toggle_size&quot;:{&quot;unit&quot;:&quot;px&quot;,&quot;size&quot;:&quot;&quot;,&quot;sizes&quot;:[]},&quot;toggle_size_tablet&quot;:{&quot;unit&quot;:&quot;px&quot;,&quot;size&quot;:&quot;&quot;,&quot;sizes&quot;:[]},&quot;toggle_size_mobile&quot;:{&quot;unit&quot;:&quot;px&quot;,&quot;size&quot;:&quot;&quot;,&quot;sizes&quot;:[]},&quot;toggle_border_width&quot;:{&quot;unit&quot;:&quot;px&quot;,&quot;size&quot;:&quot;&quot;,&quot;sizes&quot;:[]},&quot;toggle_border_width_tablet&quot;:{&quot;unit&quot;:&quot;px&quot;,&quot;size&quot;:&quot;&quot;,&quot;sizes&quot;:[]},&quot;toggle_border_width_mobile&quot;:{&quot;unit&quot;:&quot;px&quot;,&quot;size&quot;:&quot;&quot;,&quot;sizes&quot;:[]},&quot;toggle_border_radius&quot;:{&quot;unit&quot;:&quot;px&quot;,&quot;size&quot;:&quot;&quot;,&quot;sizes&quot;:[]},&quot;toggle_border_radius_tablet&quot;:{&quot;unit&quot;:&quot;px&quot;,&quot;size&quot;:&quot;&quot;,&quot;sizes&quot;:[]},&quot;toggle_border_radius_mobile&quot;:{&quot;unit&quot;:&quot;px&quot;,&quot;size&quot;:&quot;&quot;,&quot;sizes&quot;:[]}}\" data-widget_type=\"navigation-menu.default\">\n\t\t\t\t<div class=\"elementor-widget-container\">\n\t\t\t\t\t\t<div class=\"hfe-nav-menu hfe-layout-vertical hfe-nav-menu-layout vertical\" data-layout=\"vertical\">\n\t\t\t\t<div class=\"hfe-nav-menu__toggle elementor-clickable\">\n\t\t\t\t\t<div class=\"hfe-nav-menu-icon\">\n\t\t\t\t\t\t<i aria-hidden=\"true\" tabindex=\"0\" class=\"fas fa-align-justify\"><\/i>\t\t\t\t\t<\/div>\n\t\t\t\t<\/div>\n\t\t\t\t<nav class=\"hfe-nav-menu__layout-vertical hfe-nav-menu__submenu-arrow\" data-toggle-icon=\"&lt;i aria-hidden=&quot;true&quot; tabindex=&quot;0&quot; class=&quot;fas fa-align-justify&quot;&gt;&lt;\/i&gt;\" data-close-icon=\"&lt;i aria-hidden=&quot;true&quot; tabindex=&quot;0&quot; class=&quot;far fa-window-close&quot;&gt;&lt;\/i&gt;\" data-full-width=\"yes\"><ul id=\"menu-1-f742b6c\" class=\"hfe-nav-menu\"><li id=\"menu-item-8005\" class=\"menu-item menu-item-type-post_type menu-item-object-page parent hfe-creative-menu\"><a href=\"https:\/\/new.reikiforum.fr\/?page_id=7942\" class = \"hfe-menu-item\">Evian 2022<\/a><\/li>\n<li id=\"menu-item-8004\" class=\"menu-item menu-item-type-custom menu-item-object-custom menu-item-has-children parent hfe-has-submenu hfe-creative-menu\"><div class=\"hfe-has-submenu-container\"><a href=\"#\" class = \"hfe-menu-item\">Stages autour du Congr\u00e8s 2022<span class='hfe-menu-toggle sub-arrow hfe-menu-child-0'><i class='fa'><\/i><\/span><\/a><\/div>\n<ul class=\"sub-menu\">\n\t<li id=\"menu-item-7999\" class=\"menu-item menu-item-type-post_type menu-item-object-page hfe-creative-menu\"><a href=\"https:\/\/new.reikiforum.fr\/?page_id=7998\" class = \"hfe-sub-menu-item\">Chamanique<\/a><\/li>\n\t<li id=\"menu-item-8007\" class=\"menu-item menu-item-type-post_type menu-item-object-page hfe-creative-menu\"><a href=\"https:\/\/new.reikiforum.fr\/?page_id=8006\" class = \"hfe-sub-menu-item\">Stage de Perfectionnement Reiki III<\/a><\/li>\n\t<li id=\"menu-item-8013\" class=\"menu-item menu-item-type-post_type menu-item-object-page hfe-creative-menu\"><a href=\"https:\/\/new.reikiforum.fr\/?page_id=8012\" class = \"hfe-sub-menu-item\">Bols Chantants Module 1<\/a><\/li>\n\t<li id=\"menu-item-8019\" class=\"menu-item menu-item-type-post_type menu-item-object-page hfe-creative-menu\"><a href=\"https:\/\/new.reikiforum.fr\/?page_id=8018\" class = \"hfe-sub-menu-item\">Calligraphie<\/a><\/li>\n\t<li id=\"menu-item-8025\" class=\"menu-item menu-item-type-post_type menu-item-object-page hfe-creative-menu\"><a href=\"https:\/\/new.reikiforum.fr\/?page_id=8024\" class = \"hfe-sub-menu-item\">Amakodama<\/a><\/li>\n\t<li id=\"menu-item-8036\" class=\"menu-item menu-item-type-post_type menu-item-object-page hfe-creative-menu\"><a href=\"https:\/\/new.reikiforum.fr\/?page_id=8030\" class = \"hfe-sub-menu-item\">Bio Music One<\/a><\/li>\n\t<li id=\"menu-item-8042\" class=\"menu-item menu-item-type-post_type menu-item-object-page hfe-creative-menu\"><a href=\"https:\/\/new.reikiforum.fr\/?page_id=8041\" class = \"hfe-sub-menu-item\">Bols Chantants Module 2<\/a><\/li>\n\t<li id=\"menu-item-8048\" class=\"menu-item menu-item-type-post_type menu-item-object-page hfe-creative-menu\"><a href=\"https:\/\/new.reikiforum.fr\/?page_id=8047\" class = \"hfe-sub-menu-item\">Pratique des Sons Wakas<\/a><\/li>\n<\/ul>\n<\/li>\n<li id=\"menu-item-8054\" class=\"menu-item menu-item-type-post_type menu-item-object-page parent hfe-creative-menu\"><a href=\"https:\/\/new.reikiforum.fr\/?page_id=8053\" class = \"hfe-menu-item\">Evian 2019<\/a><\/li>\n<li id=\"menu-item-8063\" class=\"menu-item menu-item-type-post_type menu-item-object-page parent hfe-creative-menu\"><a href=\"https:\/\/new.reikiforum.fr\/?page_id=8062\" class = \"hfe-menu-item\">Evian 2018<\/a><\/li>\n<li id=\"menu-item-8093\" class=\"menu-item menu-item-type-post_type menu-item-object-page parent hfe-creative-menu\"><a href=\"https:\/\/new.reikiforum.fr\/?page_id=8092\" class = \"hfe-menu-item\">Evian 2017<\/a><\/li>\n<li id=\"menu-item-8118\" class=\"menu-item menu-item-type-post_type menu-item-object-page parent hfe-creative-menu\"><a href=\"https:\/\/new.reikiforum.fr\/?page_id=8117\" class = \"hfe-menu-item\">Evian 2016<\/a><\/li>\n<li id=\"menu-item-8157\" class=\"menu-item menu-item-type-post_type menu-item-object-page parent hfe-creative-menu\"><a href=\"https:\/\/new.reikiforum.fr\/?page_id=8156\" class = \"hfe-menu-item\">Evian 2015<\/a><\/li>\n<li id=\"menu-item-8189\" class=\"menu-item menu-item-type-post_type menu-item-object-page parent hfe-creative-menu\"><a href=\"https:\/\/new.reikiforum.fr\/?page_id=8188\" class = \"hfe-menu-item\">Evian 2014<\/a><\/li>\n<li id=\"menu-item-8211\" class=\"menu-item menu-item-type-post_type menu-item-object-page parent hfe-creative-menu\"><a href=\"https:\/\/new.reikiforum.fr\/?page_id=8210\" class = \"hfe-menu-item\">Evian 2013<\/a><\/li>\n<li id=\"menu-item-8242\" class=\"menu-item menu-item-type-post_type menu-item-object-page parent hfe-creative-menu\"><a href=\"https:\/\/new.reikiforum.fr\/?page_id=8241\" class = \"hfe-menu-item\">Evian 2012<\/a><\/li>\n<li id=\"menu-item-8270\" class=\"menu-item menu-item-type-post_type menu-item-object-page parent hfe-creative-menu\"><a href=\"https:\/\/new.reikiforum.fr\/?page_id=8269\" class = \"hfe-menu-item\">Evian 2011<\/a><\/li>\n<li id=\"menu-item-8311\" class=\"menu-item menu-item-type-post_type menu-item-object-page parent hfe-creative-menu\"><a href=\"https:\/\/new.reikiforum.fr\/?page_id=8310\" class = \"hfe-menu-item\">Evian 2010<\/a><\/li>\n<li id=\"menu-item-8339\" class=\"menu-item menu-item-type-post_type menu-item-object-page parent hfe-creative-menu\"><a href=\"https:\/\/new.reikiforum.fr\/?page_id=8338\" class = \"hfe-menu-item\">Evian 2009<\/a><\/li>\n<li id=\"menu-item-8368\" class=\"menu-item menu-item-type-post_type menu-item-object-page parent hfe-creative-menu\"><a href=\"https:\/\/new.reikiforum.fr\/?page_id=8367\" class = \"hfe-menu-item\">Evian 2008<\/a><\/li>\n<li id=\"menu-item-8381\" class=\"menu-item menu-item-type-post_type menu-item-object-page parent hfe-creative-menu\"><a href=\"https:\/\/new.reikiforum.fr\/?page_id=8380\" class = \"hfe-menu-item\">Liste des articles<\/a><\/li>\n<li id=\"menu-item-11137\" class=\"menu-item menu-item-type-post_type menu-item-object-page parent hfe-creative-menu\"><a href=\"https:\/\/new.reikiforum.fr\/?page_id=11136\" class = \"hfe-menu-item\">FAQ<\/a><\/li>\n<li id=\"menu-item-11200\" class=\"menu-item menu-item-type-post_type menu-item-object-page parent hfe-creative-menu\"><a href=\"https:\/\/new.reikiforum.fr\/?page_id=11199\" class = \"hfe-menu-item\">Derniers Articles<\/a><\/li>\n<li id=\"menu-item-11227\" class=\"menu-item menu-item-type-post_type menu-item-object-page parent hfe-creative-menu\"><a href=\"https:\/\/new.reikiforum.fr\/?page_id=11226\" class = \"hfe-menu-item\">test kanji<\/a><\/li>\n<\/ul><\/nav>              \n\t\t\t<\/div>\n\t\t\t\t\t<\/div>\n\t\t\t\t<\/div>\n\t\t\t\t<div class=\"elementor-element elementor-element-c79cc38 elementor-widget-divider--view-line elementor-widget elementor-widget-divider\" data-id=\"c79cc38\" data-element_type=\"widget\" data-widget_type=\"divider.default\">\n\t\t\t\t<div class=\"elementor-widget-container\">\n\t\t\t\t\t<div class=\"elementor-divider\">\n\t\t\t<span class=\"elementor-divider-separator\">\n\t\t\t\t\t\t<\/span>\n\t\t<\/div>\n\t\t\t\t<\/div>\n\t\t\t\t<\/div>\n\t\t\t\t<div class=\"elementor-element elementor-element-1466feb elementor-widget elementor-widget-image\" data-id=\"1466feb\" data-element_type=\"widget\" data-widget_type=\"image.default\">\n\t\t\t\t<div class=\"elementor-widget-container\">\n\t\t\t\t\t\t\t\t<div class=\"elementor-image\">\n\t\t\t\t\t\t\t\t\t\t\t\t<img width=\"101\" height=\"101\" src=\"https:\/\/new.reikiforum.fr\/wp-content\/uploads\/2022\/08\/ReikiChart.png\" class=\"attachment-large size-large\" alt=\"\" loading=\"lazy\" \/>\t\t\t\t\t\t\t\t\t\t\t\t\t\t<\/div>\n\t\t\t\t\t\t<\/div>\n\t\t\t\t<\/div>\n\t\t\t\t<div class=\"elementor-element elementor-element-a6bfbe9 elementor-widget elementor-widget-image\" data-id=\"a6bfbe9\" data-element_type=\"widget\" data-widget_type=\"image.default\">\n\t\t\t\t<div class=\"elementor-widget-container\">\n\t\t\t\t\t\t\t\t<div class=\"elementor-image\">\n\t\t\t\t\t\t\t\t\t\t\t\t<img width=\"120\" height=\"170\" src=\"https:\/\/new.reikiforum.fr\/wp-content\/uploads\/2022\/08\/EFQM.jpeg\" class=\"attachment-large size-large\" alt=\"\" loading=\"lazy\" \/>\t\t\t\t\t\t\t\t\t\t\t\t\t\t<\/div>\n\t\t\t\t\t\t<\/div>\n\t\t\t\t<\/div>\n\t\t\t\t<div class=\"elementor-element elementor-element-9755ea4 elementor-widget elementor-widget-image\" data-id=\"9755ea4\" data-element_type=\"widget\" data-widget_type=\"image.default\">\n\t\t\t\t<div class=\"elementor-widget-container\">\n\t\t\t\t\t\t\t\t<div class=\"elementor-image\">\n\t\t\t\t\t\t\t\t\t\t\t\t<img width=\"101\" height=\"71\" src=\"https:\/\/new.reikiforum.fr\/wp-content\/uploads\/2022\/08\/CE.jpeg\" class=\"attachment-large size-large\" alt=\"\" loading=\"lazy\" \/>\t\t\t\t\t\t\t\t\t\t\t\t\t\t<\/div>\n\t\t\t\t\t\t<\/div>\n\t\t\t\t<\/div>\n\t\t\t\t\t\t<\/div>\n\t\t\t\t\t<\/div>\n\t\t<\/div>\n\t\t\t\t<div class=\"elementor-column elementor-col-50 elementor-top-column elementor-element elementor-element-cc8161a\" data-id=\"cc8161a\" data-element_type=\"column\" data-settings=\"{&quot;background_background&quot;:&quot;classic&quot;}\">\n\t\t\t<div class=\"elementor-column-wrap elementor-element-populated\">\n\t\t\t\t\t\t\t<div class=\"elementor-widget-wrap\">\n\t\t\t\t\t\t<div class=\"elementor-element elementor-element-5edbdf9 elementor-widget elementor-widget-heading\" data-id=\"5edbdf9\" data-element_type=\"widget\" data-widget_type=\"heading.default\">\n\t\t\t\t<div class=\"elementor-widget-container\">\n\t\t\t<h1 class=\"elementor-heading-title elementor-size-default\">Atelier Chamanique\n<\/h1>\t\t<\/div>\n\t\t\t\t<\/div>\n\t\t\t\t<div class=\"elementor-element elementor-element-24cd581 elementor-widget elementor-widget-text-editor\" data-id=\"24cd581\" data-element_type=\"widget\" data-widget_type=\"text-editor.default\">\n\t\t\t\t<div class=\"elementor-widget-container\">\n\t\t\t\t\t\t\t\t<div class=\"elementor-text-editor elementor-clearfix\">\n\t\t\t\t<h1 style=\"text-align: center;\"><strong>Atelier Chamanique<\/strong><\/h1><p style=\"text-align: center;\"><strong>\u00a0<\/strong><strong>avec<\/strong><strong>\u00a0Martine Castro<br \/><\/strong><strong>\u00a0<\/strong><strong><em>Ma\u00eetre Reiki \u2013 Magn\u00e9tiseur \u2013 Praticienne chamane\u00a0<\/em><\/strong><strong>\u00a0<\/strong><\/p><h2 style=\"text-align: center;\"><strong>Les 23,\u00a024 et\u00a025 mai 2022<br \/><\/strong><strong>\u00a0incluant \u00ab\u00a0un tambour\u00a0\u00bb\u00a0<\/strong>(en peau de ch\u00e8vre)<\/h2><p>Pour retrouver la dimension profonde qui anime toute chose, nous allons r\u00e9apprendre \u00e0 communiquer avec les \u00ab mondes invisibles \u00bb. Dans toutes les anciennes cultures chamaniques<strong>\u00a0<\/strong>on raconte les exploits et initiations v\u00e9cues dans les\u00a0<strong>Mondes du Dessous<\/strong>\u00a0ou les\u00a0<strong>Mondes d\u2019en Haut<\/strong>.<\/p><p>Nous allons reprendre certaines de ces pratiques chamaniques ancestrales et,\u00a0<strong>pouss\u00e9s par le son du tambour<\/strong>,\u00a0<em>en \u00e9tat de conscience modifi\u00e9<\/em>, traverser le tunnel vers ces autres dimensions. L\u00e0 nous pourrons voyager, accompagn\u00e9s de notre animal de Pouvoir, familier de ces lieux. Notre A<strong>nimal\u00a0<\/strong>de\u00a0<strong>Pouvoir<\/strong>\u00a0est notre part vitale, instinctive, qui nous relie \u00e0 la vie et \u00e0 toutes les autres dimensions vivantes.\u00a0<\/p><p>Durant ces 3 jours\u00a0je vous apprendrai \u00e0 refaire des liens et des passages pour recr\u00e9er de l\u2019harmonie entre ces mondes mais aussi \u00e0 l\u2019int\u00e9rieur de vous-m\u00eames.<\/p><p><strong>\u00ab\u00a0Tout voyage dans ces autres plans se fait aussi \u00e0 l\u2019int\u00e9rieur de notre conscience. Nous fabriquons pas \u00e0 pas de nouvelles connexions neurologiques dans notre cerveau et dans notre corps, d\u00e9logeant les obstructions, traversant des zones d\u2019inconscience vers plus d\u2019\u00e9veil et de cr\u00e9ativit\u00e9. Nous retrouvons peu \u00e0 peu notre nature instinctive originelle. (Extrait d\u2019un commentaire d\u2019Olivier Chambon \u2013 Psychiatre\/Chaman)\u00a0\u00bb<br \/><br \/><\/strong><u>Je vous apprendrai<\/u>\u00a0: la Roue M\u00e9decine, faire des soins avec le tambour (en int\u00e9grant les symboles de Reiki) et bien d\u2019autres choses en lien avec la nature et votre tambour.<\/p><p><strong>Vous repartirez avec VOTRE tambour<\/strong>\u00a0et un manuel reprenant tout ce que vous aurez acquis et ensuite vous laissant porter par le son du tambour vous pourrez vous animer de l\u2019int\u00e9rieur tout en\u00a0<u>cr\u00e9ant<\/u>\u00a0l\u2019harmonie \u00e0 l\u2019ext\u00e9rieur.<\/p><p><strong><em>Il n\u2019y aucune substance \u00e0 prendre, je pratique un chamanisme dit \u00ab\u00a0th\u00e9rapeutique\u00a0\u00bb et ne prends pas non plus de psychotropes ou autres substances ou plantes dites \u00ab\u00a0hallucinog\u00e8nes\u00a0\u00bb.<br \/>J\u2019allie le Reiki et le chamanisme par le biais de mon tambour mais ne m\u00e9lange pas les deux enseignements.<\/em><\/strong><\/p><p><strong><em>\u00a0<\/em><\/strong><\/p><p style=\"text-align: center;\"><strong>Prix de l&#8217;atelier\u00a0: 280 euros (tambour inclus \u2013 hors h\u00e9bergement et repas)<\/strong><\/p><p style=\"text-align: center;\"><strong>Places limit\u00e9es<\/strong>\u00a0: 15 personnes max\u00a0<\/p><p style=\"text-align: center;\"><strong>Horaires\u00a0<\/strong>: 9h30-12h30 \/ 14h30-18h30<\/p><p style=\"text-align: center;\"><strong>INSCRIPTIONS<\/strong>\u00a0: mundoreiki.secretariat@gmail.com ou le 0805 080 333<\/p><p style=\"text-align: center;\">\u00a0<\/p><p style=\"text-align: center;\"><strong>Pour des informations compl\u00e9mentaires par rapport au d\u00e9roulement du stage :<\/strong><\/p><p style=\"text-align: center;\"><strong>Martine au 06 75 20 49 35<\/strong><\/p>\t\t\t\t\t<\/div>\n\t\t\t\t\t\t<\/div>\n\t\t\t\t<\/div>\n\t\t\t\t\t\t<\/div>\n\t\t\t\t\t<\/div>\n\t\t<\/div>\n\t\t\t\t\t\t\t\t<\/div>\n\t\t\t\t\t<\/div>\n\t\t<\/section>\n\t\t\t\t\t\t\t\t\t<\/div>\n\t\t\t<\/div>\n\t\t\t\t\t<\/div>\n\t\t","protected":false},"excerpt":{"rendered":"<p>Congr\u00e8s Reiki Chamanique Atelier Chamanique Atelier Chamanique \u00a0avec\u00a0Martine Castro\u00a0Ma\u00eetre Reiki \u2013 Magn\u00e9tiseur \u2013 Praticienne chamane\u00a0\u00a0 Les 23,\u00a024 et\u00a025 mai 2022\u00a0incluant \u00ab\u00a0un tambour\u00a0\u00bb\u00a0(en peau de ch\u00e8vre) Pour retrouver la dimension profonde qui anime toute chose, nous allons r\u00e9apprendre \u00e0 communiquer avec les \u00ab mondes invisibles \u00bb. Dans toutes les anciennes cultures chamaniques\u00a0on raconte les exploits et [&hellip;]<\/p>\n","protected":false},"author":1,"featured_media":0,"parent":7942,"menu_order":0,"comment_status":"closed","ping_status":"closed","template":"elementor_header_footer","meta":[],"_links":{"self":[{"href":"https:\/\/new.reikiforum.fr\/index.php?rest_route=\/wp\/v2\/pages\/7998"}],"collection":[{"href":"https:\/\/new.reikiforum.fr\/index.php?rest_route=\/wp\/v2\/pages"}],"about":[{"href":"https:\/\/new.reikiforum.fr\/index.php?rest_route=\/wp\/v2\/types\/page"}],"author":[{"embeddable":true,"href":"https:\/\/new.reikiforum.fr\/index.php?rest_route=\/wp\/v2\/users\/1"}],"replies":[{"embeddable":true,"href":"https:\/\/new.reikiforum.fr\/index.php?rest_route=%2Fwp%2Fv2%2Fcomments&post=7998"}],"version-history":[{"count":4,"href":"https:\/\/new.reikiforum.fr\/index.php?rest_route=\/wp\/v2\/pages\/7998\/revisions"}],"predecessor-version":[{"id":8003,"href":"https:\/\/new.reikiforum.fr\/index.php?rest_route=\/wp\/v2\/pages\/7998\/revisions\/8003"}],"up":[{"embeddable":true,"href":"https:\/\/new.reikiforum.fr\/index.php?rest_route=\/wp\/v2\/pages\/7942"}],"wp:attachment":[{"href":"https:\/\/new.reikiforum.fr\/index.php?rest_route=%2Fwp%2Fv2%2Fmedia&parent=7998"}],"curies":[{"name":"wp","href":"https:\/\/api.w.org\/{rel}","templated":true}]}}