{"id":7779,"date":"2022-08-28T19:13:18","date_gmt":"2022-08-28T19:13:18","guid":{"rendered":"https:\/\/new.reikiforum.fr\/?page_id=7779"},"modified":"2022-08-28T20:03:14","modified_gmt":"2022-08-28T20:03:14","slug":"stage-de-maitre-reiki","status":"publish","type":"page","link":"https:\/\/new.reikiforum.fr\/?page_id=7779","title":{"rendered":"Stage de Ma\u00eetre Reiki"},"content":{"rendered":"\t\t<div data-elementor-type=\"wp-page\" data-elementor-id=\"7779\" class=\"elementor elementor-7779\">\n\t\t\t\t\t\t<div class=\"elementor-inner\">\n\t\t\t\t<div class=\"elementor-section-wrap\">\n\t\t\t\t\t\t\t\t\t<section class=\"elementor-section elementor-top-section elementor-element elementor-element-db4e83f elementor-section-boxed elementor-section-height-default elementor-section-height-default\" data-id=\"db4e83f\" data-element_type=\"section\">\n\t\t\t\t\t\t<div class=\"elementor-container elementor-column-gap-default\">\n\t\t\t\t\t\t\t<div class=\"elementor-row\">\n\t\t\t\t\t<div class=\"elementor-column elementor-col-50 elementor-top-column elementor-element elementor-element-ca9043c leftSideBarCol\" data-id=\"ca9043c\" data-element_type=\"column\" data-settings=\"{&quot;background_background&quot;:&quot;classic&quot;}\">\n\t\t\t<div class=\"elementor-column-wrap elementor-element-populated\">\n\t\t\t\t\t\t\t<div class=\"elementor-widget-wrap\">\n\t\t\t\t\t\t<div class=\"elementor-element elementor-element-53da97a elementor-widget elementor-widget-heading\" data-id=\"53da97a\" data-element_type=\"widget\" data-widget_type=\"heading.default\">\n\t\t\t\t<div class=\"elementor-widget-container\">\n\t\t\t<h5 class=\"elementor-heading-title elementor-size-default\">Formations \/ Conf\u00e9rences<\/h5>\t\t<\/div>\n\t\t\t\t<\/div>\n\t\t\t\t<div class=\"elementor-element elementor-element-d126909 elementor-widget-divider--view-line elementor-widget elementor-widget-divider\" data-id=\"d126909\" data-element_type=\"widget\" data-widget_type=\"divider.default\">\n\t\t\t\t<div class=\"elementor-widget-container\">\n\t\t\t\t\t<div class=\"elementor-divider\">\n\t\t\t<span class=\"elementor-divider-separator\">\n\t\t\t\t\t\t<\/span>\n\t\t<\/div>\n\t\t\t\t<\/div>\n\t\t\t\t<\/div>\n\t\t\t\t<div class=\"elementor-element elementor-element-5d75a1b hfe-nav-menu__align-left hfe-submenu-icon-arrow hfe-link-redirect-child hfe-nav-menu__breakpoint-tablet elementor-widget elementor-widget-navigation-menu\" data-id=\"5d75a1b\" data-element_type=\"widget\" data-settings=\"{&quot;padding_vertical_menu_item&quot;:{&quot;unit&quot;:&quot;px&quot;,&quot;size&quot;:5,&quot;sizes&quot;:[]},&quot;padding_horizontal_menu_item&quot;:{&quot;unit&quot;:&quot;px&quot;,&quot;size&quot;:15,&quot;sizes&quot;:[]},&quot;padding_horizontal_menu_item_tablet&quot;:{&quot;unit&quot;:&quot;px&quot;,&quot;size&quot;:&quot;&quot;,&quot;sizes&quot;:[]},&quot;padding_horizontal_menu_item_mobile&quot;:{&quot;unit&quot;:&quot;px&quot;,&quot;size&quot;:&quot;&quot;,&quot;sizes&quot;:[]},&quot;padding_vertical_menu_item_tablet&quot;:{&quot;unit&quot;:&quot;px&quot;,&quot;size&quot;:&quot;&quot;,&quot;sizes&quot;:[]},&quot;padding_vertical_menu_item_mobile&quot;:{&quot;unit&quot;:&quot;px&quot;,&quot;size&quot;:&quot;&quot;,&quot;sizes&quot;:[]},&quot;menu_space_between&quot;:{&quot;unit&quot;:&quot;px&quot;,&quot;size&quot;:&quot;&quot;,&quot;sizes&quot;:[]},&quot;menu_space_between_tablet&quot;:{&quot;unit&quot;:&quot;px&quot;,&quot;size&quot;:&quot;&quot;,&quot;sizes&quot;:[]},&quot;menu_space_between_mobile&quot;:{&quot;unit&quot;:&quot;px&quot;,&quot;size&quot;:&quot;&quot;,&quot;sizes&quot;:[]},&quot;dropdown_border_radius&quot;:{&quot;unit&quot;:&quot;px&quot;,&quot;top&quot;:&quot;&quot;,&quot;right&quot;:&quot;&quot;,&quot;bottom&quot;:&quot;&quot;,&quot;left&quot;:&quot;&quot;,&quot;isLinked&quot;:true},&quot;dropdown_border_radius_tablet&quot;:{&quot;unit&quot;:&quot;px&quot;,&quot;top&quot;:&quot;&quot;,&quot;right&quot;:&quot;&quot;,&quot;bottom&quot;:&quot;&quot;,&quot;left&quot;:&quot;&quot;,&quot;isLinked&quot;:true},&quot;dropdown_border_radius_mobile&quot;:{&quot;unit&quot;:&quot;px&quot;,&quot;top&quot;:&quot;&quot;,&quot;right&quot;:&quot;&quot;,&quot;bottom&quot;:&quot;&quot;,&quot;left&quot;:&quot;&quot;,&quot;isLinked&quot;:true},&quot;padding_horizontal_dropdown_item&quot;:{&quot;unit&quot;:&quot;px&quot;,&quot;size&quot;:&quot;&quot;,&quot;sizes&quot;:[]},&quot;padding_horizontal_dropdown_item_tablet&quot;:{&quot;unit&quot;:&quot;px&quot;,&quot;size&quot;:&quot;&quot;,&quot;sizes&quot;:[]},&quot;padding_horizontal_dropdown_item_mobile&quot;:{&quot;unit&quot;:&quot;px&quot;,&quot;size&quot;:&quot;&quot;,&quot;sizes&quot;:[]},&quot;padding_vertical_dropdown_item&quot;:{&quot;unit&quot;:&quot;px&quot;,&quot;size&quot;:15,&quot;sizes&quot;:[]},&quot;padding_vertical_dropdown_item_tablet&quot;:{&quot;unit&quot;:&quot;px&quot;,&quot;size&quot;:&quot;&quot;,&quot;sizes&quot;:[]},&quot;padding_vertical_dropdown_item_mobile&quot;:{&quot;unit&quot;:&quot;px&quot;,&quot;size&quot;:&quot;&quot;,&quot;sizes&quot;:[]},&quot;distance_from_menu&quot;:{&quot;unit&quot;:&quot;px&quot;,&quot;size&quot;:&quot;&quot;,&quot;sizes&quot;:[]},&quot;distance_from_menu_tablet&quot;:{&quot;unit&quot;:&quot;px&quot;,&quot;size&quot;:&quot;&quot;,&quot;sizes&quot;:[]},&quot;distance_from_menu_mobile&quot;:{&quot;unit&quot;:&quot;px&quot;,&quot;size&quot;:&quot;&quot;,&quot;sizes&quot;:[]},&quot;toggle_size&quot;:{&quot;unit&quot;:&quot;px&quot;,&quot;size&quot;:&quot;&quot;,&quot;sizes&quot;:[]},&quot;toggle_size_tablet&quot;:{&quot;unit&quot;:&quot;px&quot;,&quot;size&quot;:&quot;&quot;,&quot;sizes&quot;:[]},&quot;toggle_size_mobile&quot;:{&quot;unit&quot;:&quot;px&quot;,&quot;size&quot;:&quot;&quot;,&quot;sizes&quot;:[]},&quot;toggle_border_width&quot;:{&quot;unit&quot;:&quot;px&quot;,&quot;size&quot;:&quot;&quot;,&quot;sizes&quot;:[]},&quot;toggle_border_width_tablet&quot;:{&quot;unit&quot;:&quot;px&quot;,&quot;size&quot;:&quot;&quot;,&quot;sizes&quot;:[]},&quot;toggle_border_width_mobile&quot;:{&quot;unit&quot;:&quot;px&quot;,&quot;size&quot;:&quot;&quot;,&quot;sizes&quot;:[]},&quot;toggle_border_radius&quot;:{&quot;unit&quot;:&quot;px&quot;,&quot;size&quot;:&quot;&quot;,&quot;sizes&quot;:[]},&quot;toggle_border_radius_tablet&quot;:{&quot;unit&quot;:&quot;px&quot;,&quot;size&quot;:&quot;&quot;,&quot;sizes&quot;:[]},&quot;toggle_border_radius_mobile&quot;:{&quot;unit&quot;:&quot;px&quot;,&quot;size&quot;:&quot;&quot;,&quot;sizes&quot;:[]}}\" data-widget_type=\"navigation-menu.default\">\n\t\t\t\t<div class=\"elementor-widget-container\">\n\t\t\t\t\t\t<div class=\"hfe-nav-menu hfe-layout-vertical hfe-nav-menu-layout vertical\" data-layout=\"vertical\">\n\t\t\t\t<div class=\"hfe-nav-menu__toggle elementor-clickable\">\n\t\t\t\t\t<div class=\"hfe-nav-menu-icon\">\n\t\t\t\t\t\t<i aria-hidden=\"true\" tabindex=\"0\" class=\"fas fa-align-justify\"><\/i>\t\t\t\t\t<\/div>\n\t\t\t\t<\/div>\n\t\t\t\t<nav class=\"hfe-nav-menu__layout-vertical hfe-nav-menu__submenu-arrow\" data-toggle-icon=\"&lt;i aria-hidden=&quot;true&quot; tabindex=&quot;0&quot; class=&quot;fas fa-align-justify&quot;&gt;&lt;\/i&gt;\" data-close-icon=\"&lt;i aria-hidden=&quot;true&quot; tabindex=&quot;0&quot; class=&quot;far fa-window-close&quot;&gt;&lt;\/i&gt;\" data-full-width=\"yes\"><ul id=\"menu-1-5d75a1b\" class=\"hfe-nav-menu\"><li id=\"menu-item-7735\" class=\"menu-item menu-item-type-post_type menu-item-object-page menu-item-has-children parent hfe-has-submenu hfe-creative-menu\"><div class=\"hfe-has-submenu-container\"><a href=\"https:\/\/new.reikiforum.fr\/?page_id=7733\" class = \"hfe-menu-item\">Contenu des stages et tarifs<span class='hfe-menu-toggle sub-arrow hfe-menu-child-0'><i class='fa'><\/i><\/span><\/a><\/div>\n<ul class=\"sub-menu\">\n\t<li id=\"menu-item-7792\" class=\"menu-item menu-item-type-post_type menu-item-object-page hfe-creative-menu\"><a href=\"https:\/\/new.reikiforum.fr\/?page_id=7733\" class = \"hfe-sub-menu-item\">Reiki I<\/a><\/li>\n\t<li id=\"menu-item-7791\" class=\"menu-item menu-item-type-post_type menu-item-object-page hfe-creative-menu\"><a href=\"https:\/\/new.reikiforum.fr\/?page_id=7745\" class = \"hfe-sub-menu-item\">Reiki II<\/a><\/li>\n\t<li id=\"menu-item-7790\" class=\"menu-item menu-item-type-post_type menu-item-object-page hfe-creative-menu\"><a href=\"https:\/\/new.reikiforum.fr\/?page_id=7750\" class = \"hfe-sub-menu-item\">Reiki III<\/a><\/li>\n\t<li id=\"menu-item-7789\" class=\"menu-item menu-item-type-post_type menu-item-object-page hfe-creative-menu\"><a href=\"https:\/\/new.reikiforum.fr\/?page_id=7758\" class = \"hfe-sub-menu-item\">Reiki IV<\/a><\/li>\n\t<li id=\"menu-item-7788\" class=\"menu-item menu-item-type-post_type menu-item-object-page hfe-creative-menu\"><a href=\"https:\/\/new.reikiforum.fr\/?page_id=7766\" class = \"hfe-sub-menu-item\">Reiki Karuna\u00ae Praticien<\/a><\/li>\n\t<li id=\"menu-item-7787\" class=\"menu-item menu-item-type-post_type menu-item-object-page hfe-creative-menu\"><a href=\"https:\/\/new.reikiforum.fr\/?page_id=7771\" class = \"hfe-sub-menu-item\">Reiki Karuna\u00ae Maitrise<\/a><\/li>\n<\/ul>\n<\/li>\n<li id=\"menu-item-7794\" class=\"menu-item menu-item-type-post_type menu-item-object-page parent hfe-creative-menu\"><a href=\"https:\/\/new.reikiforum.fr\/?page_id=7668\" class = \"hfe-menu-item\">Stages et Ateliers Reiki<\/a><\/li>\n<li id=\"menu-item-7793\" class=\"menu-item menu-item-type-post_type menu-item-object-page parent hfe-creative-menu\"><a href=\"https:\/\/new.reikiforum.fr\/?page_id=7779\" class = \"hfe-menu-item\">Stage de Ma\u00eetre Reiki<\/a><\/li>\n<\/ul><\/nav>              \n\t\t\t<\/div>\n\t\t\t\t\t<\/div>\n\t\t\t\t<\/div>\n\t\t\t\t<div class=\"elementor-element elementor-element-f8e728e elementor-widget-divider--view-line elementor-widget elementor-widget-divider\" data-id=\"f8e728e\" data-element_type=\"widget\" data-widget_type=\"divider.default\">\n\t\t\t\t<div class=\"elementor-widget-container\">\n\t\t\t\t\t<div class=\"elementor-divider\">\n\t\t\t<span class=\"elementor-divider-separator\">\n\t\t\t\t\t\t<\/span>\n\t\t<\/div>\n\t\t\t\t<\/div>\n\t\t\t\t<\/div>\n\t\t\t\t<div class=\"elementor-element elementor-element-c6db6ec elementor-widget elementor-widget-image\" data-id=\"c6db6ec\" data-element_type=\"widget\" data-widget_type=\"image.default\">\n\t\t\t\t<div class=\"elementor-widget-container\">\n\t\t\t\t\t\t\t\t<div class=\"elementor-image\">\n\t\t\t\t\t\t\t\t\t\t\t\t<img width=\"101\" height=\"101\" src=\"https:\/\/new.reikiforum.fr\/wp-content\/uploads\/2022\/08\/ReikiChart.png\" class=\"attachment-large size-large\" alt=\"\" loading=\"lazy\" \/>\t\t\t\t\t\t\t\t\t\t\t\t\t\t<\/div>\n\t\t\t\t\t\t<\/div>\n\t\t\t\t<\/div>\n\t\t\t\t<div class=\"elementor-element elementor-element-11a89e5 elementor-widget elementor-widget-image\" data-id=\"11a89e5\" data-element_type=\"widget\" data-widget_type=\"image.default\">\n\t\t\t\t<div class=\"elementor-widget-container\">\n\t\t\t\t\t\t\t\t<div class=\"elementor-image\">\n\t\t\t\t\t\t\t\t\t\t\t\t<img width=\"120\" height=\"170\" src=\"https:\/\/new.reikiforum.fr\/wp-content\/uploads\/2022\/08\/EFQM.jpeg\" class=\"attachment-large size-large\" alt=\"\" loading=\"lazy\" \/>\t\t\t\t\t\t\t\t\t\t\t\t\t\t<\/div>\n\t\t\t\t\t\t<\/div>\n\t\t\t\t<\/div>\n\t\t\t\t<div class=\"elementor-element elementor-element-3f5fb3d elementor-widget elementor-widget-image\" data-id=\"3f5fb3d\" data-element_type=\"widget\" data-widget_type=\"image.default\">\n\t\t\t\t<div class=\"elementor-widget-container\">\n\t\t\t\t\t\t\t\t<div class=\"elementor-image\">\n\t\t\t\t\t\t\t\t\t\t\t\t<img width=\"101\" height=\"71\" src=\"https:\/\/new.reikiforum.fr\/wp-content\/uploads\/2022\/08\/CE.jpeg\" class=\"attachment-large size-large\" alt=\"\" loading=\"lazy\" \/>\t\t\t\t\t\t\t\t\t\t\t\t\t\t<\/div>\n\t\t\t\t\t\t<\/div>\n\t\t\t\t<\/div>\n\t\t\t\t\t\t<\/div>\n\t\t\t\t\t<\/div>\n\t\t<\/div>\n\t\t\t\t<div class=\"elementor-column elementor-col-50 elementor-top-column elementor-element elementor-element-cc8161a\" data-id=\"cc8161a\" data-element_type=\"column\" data-settings=\"{&quot;background_background&quot;:&quot;classic&quot;}\">\n\t\t\t<div class=\"elementor-column-wrap elementor-element-populated\">\n\t\t\t\t\t\t\t<div class=\"elementor-widget-wrap\">\n\t\t\t\t\t\t<section class=\"elementor-section elementor-inner-section elementor-element elementor-element-d9c47b6 elementor-section-boxed elementor-section-height-default elementor-section-height-default\" data-id=\"d9c47b6\" data-element_type=\"section\">\n\t\t\t\t\t\t<div class=\"elementor-container elementor-column-gap-default\">\n\t\t\t\t\t\t\t<div class=\"elementor-row\">\n\t\t\t\t\t<div class=\"elementor-column elementor-col-100 elementor-inner-column elementor-element elementor-element-7454c68\" data-id=\"7454c68\" data-element_type=\"column\">\n\t\t\t<div class=\"elementor-column-wrap elementor-element-populated\">\n\t\t\t\t\t\t\t<div class=\"elementor-widget-wrap\">\n\t\t\t\t\t\t<div class=\"elementor-element elementor-element-ab8d664 elementor-widget elementor-widget-heading\" data-id=\"ab8d664\" data-element_type=\"widget\" data-widget_type=\"heading.default\">\n\t\t\t\t<div class=\"elementor-widget-container\">\n\t\t\t<h1 class=\"elementor-heading-title elementor-size-default\">Stage de Ma\u00eetre Reiki enseignant en Suisse !<\/h1>\t\t<\/div>\n\t\t\t\t<\/div>\n\t\t\t\t<div class=\"elementor-element elementor-element-45417bd elementor-widget elementor-widget-text-editor\" data-id=\"45417bd\" data-element_type=\"widget\" data-widget_type=\"text-editor.default\">\n\t\t\t\t<div class=\"elementor-widget-container\">\n\t\t\t\t\t\t\t\t<div class=\"elementor-text-editor elementor-clearfix\">\n\t\t\t\t<div id=\"Article\"><div class=\"ContenuArticle\"><div id=\"Article\"><div class=\"ContenuArticle\"><div class=\"ContenuArticle\"><div id=\"Article\"><div class=\"ContenuArticle\"><div id=\"Article\"><div class=\"ContenuArticle\"><p style=\"text-align: center;\"><strong>anim\u00e9 par\u00a0<a href=\"https:\/\/www.reikiforum.com\/cv_nita.htm\">Nita Mocanu<\/a><\/strong><br \/><span style=\"color: #3366ff;\"><strong><span style=\"font-size: 18pt;\">\u00e0 Crans-Montana \u2013 Suisse<\/span><\/strong><\/span><br \/>\u00a0<span style=\"font-size: 14pt; color: #3366ff;\"><strong>du\u00a024 au\u00a029 octobre 2022<\/strong><\/span><br \/><strong>Le stage comprend le Reiki III et Reiki IV\u00a0dans les syst\u00e8mes\u00a0Usui\/Tibet\u00a0et\u00a0Usui Teate<\/strong> :<br \/>R\u00e9vision des niveaux I et II, les Reiki III et IV en d\u00e9tail\u00a0; pratique des techniques\u00a0; tout le monde re\u00e7oit l\u2019initiation c\u0153ur\/pieds, celle de Reiki III et celles de Reiki IV (initiations et Reiju).<\/p><p style=\"text-align: center;\"><strong>Mat\u00e9riel didactique, Manuels, CDs, etc. et Certificat inclus.<\/strong><br \/>Ce stage s\u2019adresse \u00e0 ceux qui, anim\u00e9s par l\u2019amour pour le Reiki et le d\u00e9sir de le r\u00e9pandre, sont initi\u00e9s depuis au moins un an dont six mois au 2e\u00a0degr\u00e9.<\/p><p style=\"text-align: center;\"><span style=\"color: #3366ff; font-size: 18pt;\"><strong>De Lundi 15h \u00e0 Samedi 13h : 45 heures de stage sur 6 jours\u00a0!\u00a0<\/strong><\/span><br \/>Places limit\u00e9es<br \/><strong>Pour plus d\u2019informations<br \/><\/strong>T\u00e9l.\u00a0<strong>06 80 70 11 04 (Nita direct)<\/strong><br \/>E-mail\u00a0:\u00a0<strong><a href=\"mailto:reikiforum.nita@gmail.com\">reikiforum.nita@gmail.com<\/a><\/strong><\/p><\/div><\/div><\/div><\/div><\/div><\/div><\/div><\/div><\/div>\t\t\t\t\t<\/div>\n\t\t\t\t\t\t<\/div>\n\t\t\t\t<\/div>\n\t\t\t\t\t\t<\/div>\n\t\t\t\t\t<\/div>\n\t\t<\/div>\n\t\t\t\t\t\t\t\t<\/div>\n\t\t\t\t\t<\/div>\n\t\t<\/section>\n\t\t\t\t<section class=\"elementor-section elementor-inner-section elementor-element elementor-element-e732e4e elementor-section-boxed elementor-section-height-default elementor-section-height-default\" data-id=\"e732e4e\" data-element_type=\"section\">\n\t\t\t\t\t\t<div class=\"elementor-container elementor-column-gap-default\">\n\t\t\t\t\t\t\t<div class=\"elementor-row\">\n\t\t\t\t\t<div class=\"elementor-column elementor-col-100 elementor-inner-column elementor-element elementor-element-5234d3c\" data-id=\"5234d3c\" data-element_type=\"column\">\n\t\t\t<div class=\"elementor-column-wrap elementor-element-populated\">\n\t\t\t\t\t\t\t<div class=\"elementor-widget-wrap\">\n\t\t\t\t\t\t<div class=\"elementor-element elementor-element-675d33a elementor-widget elementor-widget-heading\" data-id=\"675d33a\" data-element_type=\"widget\" data-widget_type=\"heading.default\">\n\t\t\t\t<div class=\"elementor-widget-container\">\n\t\t\t<h1 class=\"elementor-heading-title elementor-size-default\">Stage de Ma\u00eetre Reiki enseignant \u00e0 Paris<\/h1>\t\t<\/div>\n\t\t\t\t<\/div>\n\t\t\t\t<div class=\"elementor-element elementor-element-a82dc33 elementor-widget elementor-widget-text-editor\" data-id=\"a82dc33\" data-element_type=\"widget\" data-widget_type=\"text-editor.default\">\n\t\t\t\t<div class=\"elementor-widget-container\">\n\t\t\t\t\t\t\t\t<div class=\"elementor-text-editor elementor-clearfix\">\n\t\t\t\t<div id=\"Article\"><div class=\"ContenuArticle\"><div id=\"Article\"><div class=\"ContenuArticle\"><div class=\"ContenuArticle\"><div id=\"Article\"><div class=\"ContenuArticle\"><div id=\"Article\"><div class=\"ContenuArticle\"><p style=\"text-align: center;\"><strong>anim\u00e9 par\u00a0<a href=\"https:\/\/www.reikiforum.com\/cv_nita.htm\">Nita Mocanu<\/a><\/strong><\/p><p style=\"text-align: center;\"><span style=\"font-size: 18pt;\"><strong><span style=\"color: #3366ff;\">Stage de Ma\u00eetre de Reiki\u00a0\u00e0 Paris<br \/><span style=\"text-decoration: underline;\">Du\u00a010 au\u00a013 Novembre\u00a02022<\/span><\/span><\/strong><\/span><\/p><p style=\"text-align: center;\" align=\"center\"><strong>Le stage comprend le Reiki III et Reiki IV\u00a0dans les syst\u00e8mes\u00a0Usui\/Tibet\u00a0et\u00a0Usui Teate.<br \/><\/strong>Ce stage s\u2019adresse \u00e0 ceux qui, anim\u00e9s par l\u2019amour pour le Reiki et le d\u00e9sir de le r\u00e9pandre, sont initi\u00e9s depuis au moins un an<br \/>dont six mois au 2e degr\u00e9.<\/p><p style=\"text-align: center;\">Mat\u00e9riel didactique, Manuels et Certificat inclus.<\/p><p style=\"text-align: center;\" align=\"center\">Places limit\u00e9es<br \/><strong>Pour plus d\u2019informations<br \/><\/strong>T\u00e9l.\u00a0<strong>06 80 70 11 04 (Nita direct)<\/strong><br \/>E-mail\u00a0:\u00a0<strong><a href=\"mailto:reikiforum.nita@gmail.com\">reikiforum.nita@gmail.com<\/a><\/strong><\/p><\/div><\/div><\/div><\/div><\/div><\/div><\/div><\/div><\/div>\t\t\t\t\t<\/div>\n\t\t\t\t\t\t<\/div>\n\t\t\t\t<\/div>\n\t\t\t\t\t\t<\/div>\n\t\t\t\t\t<\/div>\n\t\t<\/div>\n\t\t\t\t\t\t\t\t<\/div>\n\t\t\t\t\t<\/div>\n\t\t<\/section>\n\t\t\t\t<section class=\"elementor-section elementor-inner-section elementor-element elementor-element-c3afef3 elementor-section-boxed elementor-section-height-default elementor-section-height-default\" data-id=\"c3afef3\" data-element_type=\"section\">\n\t\t\t\t\t\t<div class=\"elementor-container elementor-column-gap-default\">\n\t\t\t\t\t\t\t<div class=\"elementor-row\">\n\t\t\t\t\t<div class=\"elementor-column elementor-col-100 elementor-inner-column elementor-element elementor-element-bef5149\" data-id=\"bef5149\" data-element_type=\"column\">\n\t\t\t<div class=\"elementor-column-wrap elementor-element-populated\">\n\t\t\t\t\t\t\t<div class=\"elementor-widget-wrap\">\n\t\t\t\t\t\t<div class=\"elementor-element elementor-element-b86a4f8 elementor-widget elementor-widget-heading\" data-id=\"b86a4f8\" data-element_type=\"widget\" data-widget_type=\"heading.default\">\n\t\t\t\t<div class=\"elementor-widget-container\">\n\t\t\t<h1 class=\"elementor-heading-title elementor-size-default\">Stage de Ma\u00eetre Reiki enseignant \u00e0 Mulhouse\n<\/h1>\t\t<\/div>\n\t\t\t\t<\/div>\n\t\t\t\t<div class=\"elementor-element elementor-element-c68b138 elementor-widget elementor-widget-text-editor\" data-id=\"c68b138\" data-element_type=\"widget\" data-widget_type=\"text-editor.default\">\n\t\t\t\t<div class=\"elementor-widget-container\">\n\t\t\t\t\t\t\t\t<div class=\"elementor-text-editor elementor-clearfix\">\n\t\t\t\t<div id=\"Article\"><div class=\"ContenuArticle\"><div id=\"Article\"><div class=\"ContenuArticle\"><div class=\"ContenuArticle\"><div id=\"Article\"><div class=\"ContenuArticle\"><div id=\"Article\"><div class=\"ContenuArticle\"><p style=\"text-align: center;\" align=\"center\"><strong>anim\u00e9 par\u00a0<a href=\"https:\/\/www.reikiforum.com\/cv_nita.htm\">Nita Mocanu<br \/><\/a><\/strong><span style=\"color: #3366ff; font-size: 18pt;\"><strong>Stage de Ma\u00eetre de Reiki\u00a0\u00e0\u00a0Mulhouse<br \/>Du\u00a021\u00a0au\u00a025\u00a0Novembre\u00a02022<\/strong><\/span><\/p><p style=\"text-align: center;\"><strong>Le stage comprend le Reiki III et Reiki IV\u00a0dans les syst\u00e8mes\u00a0Usui\/Tibet\u00a0et\u00a0Usui Teate.<br \/><\/strong>Ce stage s\u2019adresse \u00e0 ceux qui, anim\u00e9s par l\u2019amour pour le Reiki et le d\u00e9sir de le r\u00e9pandre, sont initi\u00e9s depuis au moins un an<br \/>dont six mois au 2e degr\u00e9.<\/p><p style=\"text-align: center;\">Mat\u00e9riel didactique, Manuels et Certificat inclus.<\/p><p style=\"text-align: center;\" align=\"center\">Places limit\u00e9es<br \/><strong>Pour plus d\u2019informations<br \/><\/strong>T\u00e9l.\u00a0<strong>06 80 70 11 04 (Nita direct)<\/strong><br \/>E-mail\u00a0:\u00a0<strong><a href=\"mailto:reikiforum.nita@gmail.com\">reikiforum.nita@gmail.com<\/a><\/strong><\/p><\/div><\/div><\/div><\/div><\/div><\/div><\/div><\/div><\/div>\t\t\t\t\t<\/div>\n\t\t\t\t\t\t<\/div>\n\t\t\t\t<\/div>\n\t\t\t\t\t\t<\/div>\n\t\t\t\t\t<\/div>\n\t\t<\/div>\n\t\t\t\t\t\t\t\t<\/div>\n\t\t\t\t\t<\/div>\n\t\t<\/section>\n\t\t\t\t\t\t<\/div>\n\t\t\t\t\t<\/div>\n\t\t<\/div>\n\t\t\t\t\t\t\t\t<\/div>\n\t\t\t\t\t<\/div>\n\t\t<\/section>\n\t\t\t\t\t\t\t\t\t<\/div>\n\t\t\t<\/div>\n\t\t\t\t\t<\/div>\n\t\t","protected":false},"excerpt":{"rendered":"<p>Formations \/ Conf\u00e9rences Contenu des stages et tarifs Reiki I Reiki II Reiki III Reiki IV Reiki Karuna\u00ae Praticien Reiki Karuna\u00ae Maitrise Stages et Ateliers Reiki Stage de Ma\u00eetre Reiki Stage de Ma\u00eetre Reiki enseignant en Suisse ! anim\u00e9 par\u00a0Nita Mocanu\u00e0 Crans-Montana \u2013 Suisse\u00a0du\u00a024 au\u00a029 octobre 2022Le stage comprend le Reiki III et Reiki IV\u00a0dans [&hellip;]<\/p>\n","protected":false},"author":1,"featured_media":0,"parent":7668,"menu_order":0,"comment_status":"closed","ping_status":"closed","template":"elementor_header_footer","meta":[],"_links":{"self":[{"href":"https:\/\/new.reikiforum.fr\/index.php?rest_route=\/wp\/v2\/pages\/7779"}],"collection":[{"href":"https:\/\/new.reikiforum.fr\/index.php?rest_route=\/wp\/v2\/pages"}],"about":[{"href":"https:\/\/new.reikiforum.fr\/index.php?rest_route=\/wp\/v2\/types\/page"}],"author":[{"embeddable":true,"href":"https:\/\/new.reikiforum.fr\/index.php?rest_route=\/wp\/v2\/users\/1"}],"replies":[{"embeddable":true,"href":"https:\/\/new.reikiforum.fr\/index.php?rest_route=%2Fwp%2Fv2%2Fcomments&post=7779"}],"version-history":[{"count":16,"href":"https:\/\/new.reikiforum.fr\/index.php?rest_route=\/wp\/v2\/pages\/7779\/revisions"}],"predecessor-version":[{"id":7909,"href":"https:\/\/new.reikiforum.fr\/index.php?rest_route=\/wp\/v2\/pages\/7779\/revisions\/7909"}],"up":[{"embeddable":true,"href":"https:\/\/new.reikiforum.fr\/index.php?rest_route=\/wp\/v2\/pages\/7668"}],"wp:attachment":[{"href":"https:\/\/new.reikiforum.fr\/index.php?rest_route=%2Fwp%2Fv2%2Fmedia&parent=7779"}],"curies":[{"name":"wp","href":"https:\/\/api.w.org\/{rel}","templated":true}]}}