{"id":7758,"date":"2022-08-28T19:10:23","date_gmt":"2022-08-28T19:10:23","guid":{"rendered":"https:\/\/new.reikiforum.fr\/?page_id=7758"},"modified":"2022-08-28T20:02:46","modified_gmt":"2022-08-28T20:02:46","slug":"reiki-iv-maitre-de-reiki-enseignant-formation-complete","status":"publish","type":"page","link":"https:\/\/new.reikiforum.fr\/?page_id=7758","title":{"rendered":"Reiki IV"},"content":{"rendered":"\t\t<div data-elementor-type=\"wp-page\" data-elementor-id=\"7758\" class=\"elementor elementor-7758\">\n\t\t\t\t\t\t<div class=\"elementor-inner\">\n\t\t\t\t<div class=\"elementor-section-wrap\">\n\t\t\t\t\t\t\t\t\t<section class=\"elementor-section elementor-top-section elementor-element elementor-element-db4e83f elementor-section-boxed elementor-section-height-default elementor-section-height-default\" data-id=\"db4e83f\" data-element_type=\"section\">\n\t\t\t\t\t\t<div class=\"elementor-container elementor-column-gap-default\">\n\t\t\t\t\t\t\t<div class=\"elementor-row\">\n\t\t\t\t\t<div class=\"elementor-column elementor-col-50 elementor-top-column elementor-element elementor-element-120cdb0 leftSideBarCol\" data-id=\"120cdb0\" data-element_type=\"column\" data-settings=\"{&quot;background_background&quot;:&quot;classic&quot;}\">\n\t\t\t<div class=\"elementor-column-wrap elementor-element-populated\">\n\t\t\t\t\t\t\t<div class=\"elementor-widget-wrap\">\n\t\t\t\t\t\t<div class=\"elementor-element elementor-element-cc97a2d elementor-widget elementor-widget-heading\" data-id=\"cc97a2d\" data-element_type=\"widget\" data-widget_type=\"heading.default\">\n\t\t\t\t<div class=\"elementor-widget-container\">\n\t\t\t<h5 class=\"elementor-heading-title elementor-size-default\">Formations \/ Conf\u00e9rences<\/h5>\t\t<\/div>\n\t\t\t\t<\/div>\n\t\t\t\t<div class=\"elementor-element elementor-element-0d2525a elementor-widget-divider--view-line elementor-widget elementor-widget-divider\" data-id=\"0d2525a\" data-element_type=\"widget\" data-widget_type=\"divider.default\">\n\t\t\t\t<div class=\"elementor-widget-container\">\n\t\t\t\t\t<div class=\"elementor-divider\">\n\t\t\t<span class=\"elementor-divider-separator\">\n\t\t\t\t\t\t<\/span>\n\t\t<\/div>\n\t\t\t\t<\/div>\n\t\t\t\t<\/div>\n\t\t\t\t<div class=\"elementor-element elementor-element-d0f3aa2 hfe-nav-menu__align-left hfe-submenu-icon-arrow hfe-link-redirect-child hfe-nav-menu__breakpoint-tablet elementor-widget elementor-widget-navigation-menu\" data-id=\"d0f3aa2\" data-element_type=\"widget\" data-settings=\"{&quot;padding_vertical_menu_item&quot;:{&quot;unit&quot;:&quot;px&quot;,&quot;size&quot;:5,&quot;sizes&quot;:[]},&quot;padding_horizontal_menu_item&quot;:{&quot;unit&quot;:&quot;px&quot;,&quot;size&quot;:15,&quot;sizes&quot;:[]},&quot;padding_horizontal_menu_item_tablet&quot;:{&quot;unit&quot;:&quot;px&quot;,&quot;size&quot;:&quot;&quot;,&quot;sizes&quot;:[]},&quot;padding_horizontal_menu_item_mobile&quot;:{&quot;unit&quot;:&quot;px&quot;,&quot;size&quot;:&quot;&quot;,&quot;sizes&quot;:[]},&quot;padding_vertical_menu_item_tablet&quot;:{&quot;unit&quot;:&quot;px&quot;,&quot;size&quot;:&quot;&quot;,&quot;sizes&quot;:[]},&quot;padding_vertical_menu_item_mobile&quot;:{&quot;unit&quot;:&quot;px&quot;,&quot;size&quot;:&quot;&quot;,&quot;sizes&quot;:[]},&quot;menu_space_between&quot;:{&quot;unit&quot;:&quot;px&quot;,&quot;size&quot;:&quot;&quot;,&quot;sizes&quot;:[]},&quot;menu_space_between_tablet&quot;:{&quot;unit&quot;:&quot;px&quot;,&quot;size&quot;:&quot;&quot;,&quot;sizes&quot;:[]},&quot;menu_space_between_mobile&quot;:{&quot;unit&quot;:&quot;px&quot;,&quot;size&quot;:&quot;&quot;,&quot;sizes&quot;:[]},&quot;dropdown_border_radius&quot;:{&quot;unit&quot;:&quot;px&quot;,&quot;top&quot;:&quot;&quot;,&quot;right&quot;:&quot;&quot;,&quot;bottom&quot;:&quot;&quot;,&quot;left&quot;:&quot;&quot;,&quot;isLinked&quot;:true},&quot;dropdown_border_radius_tablet&quot;:{&quot;unit&quot;:&quot;px&quot;,&quot;top&quot;:&quot;&quot;,&quot;right&quot;:&quot;&quot;,&quot;bottom&quot;:&quot;&quot;,&quot;left&quot;:&quot;&quot;,&quot;isLinked&quot;:true},&quot;dropdown_border_radius_mobile&quot;:{&quot;unit&quot;:&quot;px&quot;,&quot;top&quot;:&quot;&quot;,&quot;right&quot;:&quot;&quot;,&quot;bottom&quot;:&quot;&quot;,&quot;left&quot;:&quot;&quot;,&quot;isLinked&quot;:true},&quot;padding_horizontal_dropdown_item&quot;:{&quot;unit&quot;:&quot;px&quot;,&quot;size&quot;:&quot;&quot;,&quot;sizes&quot;:[]},&quot;padding_horizontal_dropdown_item_tablet&quot;:{&quot;unit&quot;:&quot;px&quot;,&quot;size&quot;:&quot;&quot;,&quot;sizes&quot;:[]},&quot;padding_horizontal_dropdown_item_mobile&quot;:{&quot;unit&quot;:&quot;px&quot;,&quot;size&quot;:&quot;&quot;,&quot;sizes&quot;:[]},&quot;padding_vertical_dropdown_item&quot;:{&quot;unit&quot;:&quot;px&quot;,&quot;size&quot;:15,&quot;sizes&quot;:[]},&quot;padding_vertical_dropdown_item_tablet&quot;:{&quot;unit&quot;:&quot;px&quot;,&quot;size&quot;:&quot;&quot;,&quot;sizes&quot;:[]},&quot;padding_vertical_dropdown_item_mobile&quot;:{&quot;unit&quot;:&quot;px&quot;,&quot;size&quot;:&quot;&quot;,&quot;sizes&quot;:[]},&quot;distance_from_menu&quot;:{&quot;unit&quot;:&quot;px&quot;,&quot;size&quot;:&quot;&quot;,&quot;sizes&quot;:[]},&quot;distance_from_menu_tablet&quot;:{&quot;unit&quot;:&quot;px&quot;,&quot;size&quot;:&quot;&quot;,&quot;sizes&quot;:[]},&quot;distance_from_menu_mobile&quot;:{&quot;unit&quot;:&quot;px&quot;,&quot;size&quot;:&quot;&quot;,&quot;sizes&quot;:[]},&quot;toggle_size&quot;:{&quot;unit&quot;:&quot;px&quot;,&quot;size&quot;:&quot;&quot;,&quot;sizes&quot;:[]},&quot;toggle_size_tablet&quot;:{&quot;unit&quot;:&quot;px&quot;,&quot;size&quot;:&quot;&quot;,&quot;sizes&quot;:[]},&quot;toggle_size_mobile&quot;:{&quot;unit&quot;:&quot;px&quot;,&quot;size&quot;:&quot;&quot;,&quot;sizes&quot;:[]},&quot;toggle_border_width&quot;:{&quot;unit&quot;:&quot;px&quot;,&quot;size&quot;:&quot;&quot;,&quot;sizes&quot;:[]},&quot;toggle_border_width_tablet&quot;:{&quot;unit&quot;:&quot;px&quot;,&quot;size&quot;:&quot;&quot;,&quot;sizes&quot;:[]},&quot;toggle_border_width_mobile&quot;:{&quot;unit&quot;:&quot;px&quot;,&quot;size&quot;:&quot;&quot;,&quot;sizes&quot;:[]},&quot;toggle_border_radius&quot;:{&quot;unit&quot;:&quot;px&quot;,&quot;size&quot;:&quot;&quot;,&quot;sizes&quot;:[]},&quot;toggle_border_radius_tablet&quot;:{&quot;unit&quot;:&quot;px&quot;,&quot;size&quot;:&quot;&quot;,&quot;sizes&quot;:[]},&quot;toggle_border_radius_mobile&quot;:{&quot;unit&quot;:&quot;px&quot;,&quot;size&quot;:&quot;&quot;,&quot;sizes&quot;:[]}}\" data-widget_type=\"navigation-menu.default\">\n\t\t\t\t<div class=\"elementor-widget-container\">\n\t\t\t\t\t\t<div class=\"hfe-nav-menu hfe-layout-vertical hfe-nav-menu-layout vertical\" data-layout=\"vertical\">\n\t\t\t\t<div class=\"hfe-nav-menu__toggle elementor-clickable\">\n\t\t\t\t\t<div class=\"hfe-nav-menu-icon\">\n\t\t\t\t\t\t<i aria-hidden=\"true\" tabindex=\"0\" class=\"fas fa-align-justify\"><\/i>\t\t\t\t\t<\/div>\n\t\t\t\t<\/div>\n\t\t\t\t<nav class=\"hfe-nav-menu__layout-vertical hfe-nav-menu__submenu-arrow\" data-toggle-icon=\"&lt;i aria-hidden=&quot;true&quot; tabindex=&quot;0&quot; class=&quot;fas fa-align-justify&quot;&gt;&lt;\/i&gt;\" data-close-icon=\"&lt;i aria-hidden=&quot;true&quot; tabindex=&quot;0&quot; class=&quot;far fa-window-close&quot;&gt;&lt;\/i&gt;\" data-full-width=\"yes\"><ul id=\"menu-1-d0f3aa2\" class=\"hfe-nav-menu\"><li id=\"menu-item-7735\" class=\"menu-item menu-item-type-post_type menu-item-object-page menu-item-has-children parent hfe-has-submenu hfe-creative-menu\"><div class=\"hfe-has-submenu-container\"><a href=\"https:\/\/new.reikiforum.fr\/?page_id=7733\" class = \"hfe-menu-item\">Contenu des stages et tarifs<span class='hfe-menu-toggle sub-arrow hfe-menu-child-0'><i class='fa'><\/i><\/span><\/a><\/div>\n<ul class=\"sub-menu\">\n\t<li id=\"menu-item-7792\" class=\"menu-item menu-item-type-post_type menu-item-object-page hfe-creative-menu\"><a href=\"https:\/\/new.reikiforum.fr\/?page_id=7733\" class = \"hfe-sub-menu-item\">Reiki I<\/a><\/li>\n\t<li id=\"menu-item-7791\" class=\"menu-item menu-item-type-post_type menu-item-object-page hfe-creative-menu\"><a href=\"https:\/\/new.reikiforum.fr\/?page_id=7745\" class = \"hfe-sub-menu-item\">Reiki II<\/a><\/li>\n\t<li id=\"menu-item-7790\" class=\"menu-item menu-item-type-post_type menu-item-object-page hfe-creative-menu\"><a href=\"https:\/\/new.reikiforum.fr\/?page_id=7750\" class = \"hfe-sub-menu-item\">Reiki III<\/a><\/li>\n\t<li id=\"menu-item-7789\" class=\"menu-item menu-item-type-post_type menu-item-object-page hfe-creative-menu\"><a href=\"https:\/\/new.reikiforum.fr\/?page_id=7758\" class = \"hfe-sub-menu-item\">Reiki IV<\/a><\/li>\n\t<li id=\"menu-item-7788\" class=\"menu-item menu-item-type-post_type menu-item-object-page hfe-creative-menu\"><a href=\"https:\/\/new.reikiforum.fr\/?page_id=7766\" class = \"hfe-sub-menu-item\">Reiki Karuna\u00ae Praticien<\/a><\/li>\n\t<li id=\"menu-item-7787\" class=\"menu-item menu-item-type-post_type menu-item-object-page hfe-creative-menu\"><a href=\"https:\/\/new.reikiforum.fr\/?page_id=7771\" class = \"hfe-sub-menu-item\">Reiki Karuna\u00ae Maitrise<\/a><\/li>\n<\/ul>\n<\/li>\n<li id=\"menu-item-7794\" class=\"menu-item menu-item-type-post_type menu-item-object-page parent hfe-creative-menu\"><a href=\"https:\/\/new.reikiforum.fr\/?page_id=7668\" class = \"hfe-menu-item\">Stages et Ateliers Reiki<\/a><\/li>\n<li id=\"menu-item-7793\" class=\"menu-item menu-item-type-post_type menu-item-object-page parent hfe-creative-menu\"><a href=\"https:\/\/new.reikiforum.fr\/?page_id=7779\" class = \"hfe-menu-item\">Stage de Ma\u00eetre Reiki<\/a><\/li>\n<\/ul><\/nav>              \n\t\t\t<\/div>\n\t\t\t\t\t<\/div>\n\t\t\t\t<\/div>\n\t\t\t\t<div class=\"elementor-element elementor-element-c4203c3 elementor-widget-divider--view-line elementor-widget elementor-widget-divider\" data-id=\"c4203c3\" data-element_type=\"widget\" data-widget_type=\"divider.default\">\n\t\t\t\t<div class=\"elementor-widget-container\">\n\t\t\t\t\t<div class=\"elementor-divider\">\n\t\t\t<span class=\"elementor-divider-separator\">\n\t\t\t\t\t\t<\/span>\n\t\t<\/div>\n\t\t\t\t<\/div>\n\t\t\t\t<\/div>\n\t\t\t\t<div class=\"elementor-element elementor-element-b11ed94 elementor-widget elementor-widget-image\" data-id=\"b11ed94\" data-element_type=\"widget\" data-widget_type=\"image.default\">\n\t\t\t\t<div class=\"elementor-widget-container\">\n\t\t\t\t\t\t\t\t<div class=\"elementor-image\">\n\t\t\t\t\t\t\t\t\t\t\t\t<img width=\"101\" height=\"101\" src=\"https:\/\/new.reikiforum.fr\/wp-content\/uploads\/2022\/08\/ReikiChart.png\" class=\"attachment-large size-large\" alt=\"\" loading=\"lazy\" \/>\t\t\t\t\t\t\t\t\t\t\t\t\t\t<\/div>\n\t\t\t\t\t\t<\/div>\n\t\t\t\t<\/div>\n\t\t\t\t<div class=\"elementor-element elementor-element-5a72ee5 elementor-widget elementor-widget-image\" data-id=\"5a72ee5\" data-element_type=\"widget\" data-widget_type=\"image.default\">\n\t\t\t\t<div class=\"elementor-widget-container\">\n\t\t\t\t\t\t\t\t<div class=\"elementor-image\">\n\t\t\t\t\t\t\t\t\t\t\t\t<img width=\"120\" height=\"170\" src=\"https:\/\/new.reikiforum.fr\/wp-content\/uploads\/2022\/08\/EFQM.jpeg\" class=\"attachment-large size-large\" alt=\"\" loading=\"lazy\" \/>\t\t\t\t\t\t\t\t\t\t\t\t\t\t<\/div>\n\t\t\t\t\t\t<\/div>\n\t\t\t\t<\/div>\n\t\t\t\t<div class=\"elementor-element elementor-element-a841068 elementor-widget elementor-widget-image\" data-id=\"a841068\" data-element_type=\"widget\" data-widget_type=\"image.default\">\n\t\t\t\t<div class=\"elementor-widget-container\">\n\t\t\t\t\t\t\t\t<div class=\"elementor-image\">\n\t\t\t\t\t\t\t\t\t\t\t\t<img width=\"101\" height=\"71\" src=\"https:\/\/new.reikiforum.fr\/wp-content\/uploads\/2022\/08\/CE.jpeg\" class=\"attachment-large size-large\" alt=\"\" loading=\"lazy\" \/>\t\t\t\t\t\t\t\t\t\t\t\t\t\t<\/div>\n\t\t\t\t\t\t<\/div>\n\t\t\t\t<\/div>\n\t\t\t\t\t\t<\/div>\n\t\t\t\t\t<\/div>\n\t\t<\/div>\n\t\t\t\t<div class=\"elementor-column elementor-col-50 elementor-top-column elementor-element elementor-element-cc8161a\" data-id=\"cc8161a\" data-element_type=\"column\" data-settings=\"{&quot;background_background&quot;:&quot;classic&quot;}\">\n\t\t\t<div class=\"elementor-column-wrap elementor-element-populated\">\n\t\t\t\t\t\t\t<div class=\"elementor-widget-wrap\">\n\t\t\t\t\t\t<div class=\"elementor-element elementor-element-5edbdf9 elementor-widget elementor-widget-heading\" data-id=\"5edbdf9\" data-element_type=\"widget\" data-widget_type=\"heading.default\">\n\t\t\t\t<div class=\"elementor-widget-container\">\n\t\t\t<h1 class=\"elementor-heading-title elementor-size-default\">Reiki IV (Ma\u00eetre de Reiki enseignant - formation compl\u00e8te)<\/h1>\t\t<\/div>\n\t\t\t\t<\/div>\n\t\t\t\t<div class=\"elementor-element elementor-element-12bf2b5 elementor-widget elementor-widget-text-editor\" data-id=\"12bf2b5\" data-element_type=\"widget\" data-widget_type=\"text-editor.default\">\n\t\t\t\t<div class=\"elementor-widget-container\">\n\t\t\t\t\t\t\t\t<div class=\"elementor-text-editor elementor-clearfix\">\n\t\t\t\t<div id=\"Article\"><div class=\"ContenuArticle\"><div id=\"Article\"><div class=\"ContenuArticle\"><p>Ce stage s&#8217;enseigne en deux jours intensifs. Il s&#8217;adresse surtout \u00e0 ceux qui d\u00e9sirent et d\u00e9cident de d\u00e9dier leur vie \u00e0 l&#8217;enseigne\u00adment du Reiki et devenir des Ma\u00eetres enseignants professionnels. En effet, le certificat de Ma\u00eetrise attribu\u00e9, donne droit \u00e0 enseigner le Reiki dans tout le monde.<\/p><p>\u00c0 part cela, il y a ceux qui font le stage pour eux-m\u00eames, pour leur propre d\u00e9veloppement personnel et\/ou pour pouvoir initier au Reiki leur famille et leurs amis.<\/p><p>Le stage inclut l&#8217;enseig\u00adnement complet du Syst\u00e8me Usui\/Tibet de Gu\u00e9rison Naturelle (avec quatre symboles additionnels par rapport \u00e0 l\u2019enseignement traditionnel, pour arriver \u00e0 un total de\u00a0<strong>9 symboles<\/strong>) ainsi que l\u2019essence du syst\u00e8me USUI TEATE. Apr\u00e8s le stage, chacun sera libre de choisir quel syst\u00e8me il va pratiquer.<\/p><p>Une partie importante du temps de stage est d\u00e9di\u00e9e \u00e0 la pratique des notions apprises. Gr\u00e2ce \u00e0 cela, le nouveau Ma\u00eetre rentrera chez lui avec une image parfaitement claire du niveau de Ma\u00eetrise. Il aura toutes les connaissances th\u00e9oriques ainsi que les capacit\u00e9s \u00e9nerg\u00e9tiques n\u00e9cessaires pour enseigner tous les degr\u00e9s, y compris celui de Ma\u00eetre Reiki.<\/p><p>Du point de vue \u00e9nerg\u00e9tique, le stage de Ma\u00eetrise repr\u00e9sente un moment exceptionnel dans la vie de toute personne, quelles que soient ses motivations pour la Ma\u00eetrise.<\/p><p>Ce stage est tr\u00e8s intense. Il repr\u00e9sente le d\u00e9marrage d&#8217;un tr\u00e8s fort processus d\u2019auto-gu\u00e9rison et d\u2019\u00e9volution spirituelle.<\/p><p><strong>Participation\u00a0<\/strong>:\u00a01850 \u20ac\u00a0(Prix sp\u00e9cial pour les Ma\u00eetres form\u00e9s dans une autre \u00e9cole qui souhaitent repasser la Ma\u00eetrise)<\/p><p>\u00a0<\/p><p><strong>Pour pouvoir participer au stage Reiki IV (Master) il est n\u00e9cessaire d&#8217;avoir fait le stage de Reiki III. Ces deux stages peuvent \u00eatre faits ensemble dans un stage de quatre jours intensifs.<\/strong><\/p><\/div><\/div><\/div><\/div>\t\t\t\t\t<\/div>\n\t\t\t\t\t\t<\/div>\n\t\t\t\t<\/div>\n\t\t\t\t\t\t<\/div>\n\t\t\t\t\t<\/div>\n\t\t<\/div>\n\t\t\t\t\t\t\t\t<\/div>\n\t\t\t\t\t<\/div>\n\t\t<\/section>\n\t\t\t\t<section class=\"elementor-section elementor-top-section elementor-element elementor-element-5a11aae elementor-section-boxed elementor-section-height-default elementor-section-height-default\" data-id=\"5a11aae\" data-element_type=\"section\">\n\t\t\t\t\t\t<div class=\"elementor-container elementor-column-gap-default\">\n\t\t\t\t\t\t\t<div class=\"elementor-row\">\n\t\t\t\t\t<div class=\"elementor-column elementor-col-100 elementor-top-column elementor-element elementor-element-d7ffe6f\" data-id=\"d7ffe6f\" data-element_type=\"column\">\n\t\t\t<div class=\"elementor-column-wrap\">\n\t\t\t\t\t\t\t<div class=\"elementor-widget-wrap\">\n\t\t\t\t\t\t\t\t<\/div>\n\t\t\t\t\t<\/div>\n\t\t<\/div>\n\t\t\t\t\t\t\t\t<\/div>\n\t\t\t\t\t<\/div>\n\t\t<\/section>\n\t\t\t\t\t\t\t\t\t<\/div>\n\t\t\t<\/div>\n\t\t\t\t\t<\/div>\n\t\t","protected":false},"excerpt":{"rendered":"<p>Formations \/ Conf\u00e9rences Contenu des stages et tarifs Reiki I Reiki II Reiki III Reiki IV Reiki Karuna\u00ae Praticien Reiki Karuna\u00ae Maitrise Stages et Ateliers Reiki Stage de Ma\u00eetre Reiki Reiki IV (Ma\u00eetre de Reiki enseignant &#8211; formation compl\u00e8te) Ce stage s&#8217;enseigne en deux jours intensifs. Il s&#8217;adresse surtout \u00e0 ceux qui d\u00e9sirent et d\u00e9cident [&hellip;]<\/p>\n","protected":false},"author":1,"featured_media":0,"parent":7668,"menu_order":0,"comment_status":"closed","ping_status":"closed","template":"elementor_header_footer","meta":[],"_links":{"self":[{"href":"https:\/\/new.reikiforum.fr\/index.php?rest_route=\/wp\/v2\/pages\/7758"}],"collection":[{"href":"https:\/\/new.reikiforum.fr\/index.php?rest_route=\/wp\/v2\/pages"}],"about":[{"href":"https:\/\/new.reikiforum.fr\/index.php?rest_route=\/wp\/v2\/types\/page"}],"author":[{"embeddable":true,"href":"https:\/\/new.reikiforum.fr\/index.php?rest_route=\/wp\/v2\/users\/1"}],"replies":[{"embeddable":true,"href":"https:\/\/new.reikiforum.fr\/index.php?rest_route=%2Fwp%2Fv2%2Fcomments&post=7758"}],"version-history":[{"count":16,"href":"https:\/\/new.reikiforum.fr\/index.php?rest_route=\/wp\/v2\/pages\/7758\/revisions"}],"predecessor-version":[{"id":7897,"href":"https:\/\/new.reikiforum.fr\/index.php?rest_route=\/wp\/v2\/pages\/7758\/revisions\/7897"}],"up":[{"embeddable":true,"href":"https:\/\/new.reikiforum.fr\/index.php?rest_route=\/wp\/v2\/pages\/7668"}],"wp:attachment":[{"href":"https:\/\/new.reikiforum.fr\/index.php?rest_route=%2Fwp%2Fv2%2Fmedia&parent=7758"}],"curies":[{"name":"wp","href":"https:\/\/api.w.org\/{rel}","templated":true}]}}