{"id":7556,"date":"2022-08-28T16:08:16","date_gmt":"2022-08-28T16:08:16","guid":{"rendered":"https:\/\/new.reikiforum.fr\/?page_id=7556"},"modified":"2022-09-27T23:27:08","modified_gmt":"2022-09-27T23:27:08","slug":"rencontres-partage-reiki","status":"publish","type":"page","link":"https:\/\/new.reikiforum.fr\/?page_id=7556","title":{"rendered":"Rencontres \/ partage Reiki"},"content":{"rendered":"\t\t<div data-elementor-type=\"wp-page\" data-elementor-id=\"7556\" class=\"elementor elementor-7556\">\n\t\t\t\t\t\t<div class=\"elementor-inner\">\n\t\t\t\t<div class=\"elementor-section-wrap\">\n\t\t\t\t\t\t\t\t\t<section class=\"elementor-section elementor-top-section elementor-element elementor-element-5fccfe60 elementor-section-boxed elementor-section-height-default elementor-section-height-default\" data-id=\"5fccfe60\" data-element_type=\"section\">\n\t\t\t\t\t\t<div class=\"elementor-container elementor-column-gap-default\">\n\t\t\t\t\t\t\t<div class=\"elementor-row\">\n\t\t\t\t\t<div class=\"elementor-column elementor-col-50 elementor-top-column elementor-element elementor-element-504b35f5 leftSideBarCol\" data-id=\"504b35f5\" data-element_type=\"column\">\n\t\t\t<div class=\"elementor-column-wrap elementor-element-populated\">\n\t\t\t\t\t\t\t<div class=\"elementor-widget-wrap\">\n\t\t\t\t\t\t<div class=\"elementor-element elementor-element-563743b3 elementor-widget elementor-widget-wp-widget-bellows_navigation_widget\" data-id=\"563743b3\" data-element_type=\"widget\" data-widget_type=\"wp-widget-bellows_navigation_widget.default\">\n\t\t\t\t<div class=\"elementor-widget-container\">\n\t\t\t<nav id=\"bellows-main-6\" class=\"bellows bellows-nojs bellows-main bellows-source-menu bellows-align-left bellows-skin-none bellows-type-\"><ul id=\"menu-leftmenu\" class=\"bellows-nav\" data-bellows-config=\"main\"><li id=\"menu-item-112\" class=\"bellows-menu-item bellows-menu-item-type-custom bellows-menu-item-object-custom bellows-menu-item-home bellows-menu-item-112 bellows-item-level-0\"><a  href=\"https:\/\/new.reikiforum.fr\" class=\"bellows-target\"><span class=\"bellows-target-title bellows-target-text\">Accueil<\/span><\/a><\/li>\n<li id=\"menu-item-111\" class=\"bellows-menu-item bellows-menu-item-type-post_type bellows-menu-item-object-page bellows-menu-item-111 bellows-item-level-0\"><a  href=\"https:\/\/new.reikiforum.fr\/?page_id=109\" class=\"bellows-target\"><span class=\"bellows-target-title bellows-target-text\">Pr\u00e9sentation de Nita<\/span><\/a><\/li>\n<li id=\"menu-item-126\" class=\"bellows-menu-item bellows-menu-item-type-post_type bellows-menu-item-object-page bellows-menu-item-126 bellows-item-level-0\"><a  href=\"https:\/\/new.reikiforum.fr\/?page_id=116\" class=\"bellows-target\"><span class=\"bellows-target-title bellows-target-text\">Le Reiki Usui<\/span><\/a><\/li>\n<li id=\"menu-item-208\" class=\"bellows-menu-item bellows-menu-item-type-post_type bellows-menu-item-object-page bellows-menu-item-208 bellows-item-level-0\"><a  href=\"https:\/\/new.reikiforum.fr\/?page_id=201\" class=\"bellows-target\"><span class=\"bellows-target-title bellows-target-text\">Le Reiki Karuna<\/span><\/a><\/li>\n<li id=\"menu-item-216\" class=\"bellows-menu-item bellows-menu-item-type-post_type bellows-menu-item-object-page bellows-menu-item-216 bellows-item-level-0\"><a  href=\"https:\/\/new.reikiforum.fr\/?page_id=215\" class=\"bellows-target\"><span class=\"bellows-target-title bellows-target-text\">Code \u00e9thique<\/span><\/a><\/li>\n<li id=\"menu-item-226\" class=\"bellows-menu-item bellows-menu-item-type-post_type bellows-menu-item-object-page bellows-menu-item-226 bellows-item-level-0\"><a  href=\"https:\/\/new.reikiforum.fr\/?page_id=225\" class=\"bellows-target\"><span class=\"bellows-target-title bellows-target-text\">Le Reiki est\u2026 le Reiki n\u2019est pas<\/span><\/a><\/li>\n<li id=\"menu-item-240\" class=\"bellows-menu-item bellows-menu-item-type-post_type bellows-menu-item-object-page bellows-menu-item-240 bellows-item-level-0\"><a  href=\"https:\/\/new.reikiforum.fr\/?page_id=239\" class=\"bellows-target\"><span class=\"bellows-target-title bellows-target-text\">Stage de Ma\u00eetre Reiki<\/span><\/a><\/li>\n<li id=\"menu-item-297\" class=\"bellows-menu-item bellows-menu-item-type-post_type bellows-menu-item-object-page bellows-menu-item-has-children bellows-menu-item-297 bellows-item-level-0\"><a  href=\"https:\/\/new.reikiforum.fr\/?page_id=296\" class=\"bellows-target\"><span class=\"bellows-target-title bellows-target-text\">Les Cinq Id\u00e9aux du Reiki<\/span><button class=\"bellows-subtoggle\" aria-label=\"Toggle Submenu\"><i class=\"bellows-subtoggle-icon-expand fa fa-chevron-down\"><\/i><i class=\"bellows-subtoggle-icon-collapse fa fa-chevron-up\"><\/i><\/button><\/a>\n<ul class=\"bellows-submenu\">\n\t<li id=\"menu-item-320\" class=\"bellows-menu-item bellows-menu-item-type-post_type bellows-menu-item-object-page bellows-menu-item-320 bellows-item-level-1\"><a  href=\"https:\/\/new.reikiforum.fr\/?page_id=319\" class=\"bellows-target\"><span class=\"bellows-target-title bellows-target-text\">Je me lib\u00e8re de toute pr\u00e9occupation<\/span><\/a><\/li>\n\t<li id=\"menu-item-359\" class=\"bellows-menu-item bellows-menu-item-type-post_type bellows-menu-item-object-page bellows-menu-item-359 bellows-item-level-1\"><a  href=\"https:\/\/new.reikiforum.fr\/?page_id=358\" class=\"bellows-target\"><span class=\"bellows-target-title bellows-target-text\">Je me lib\u00e8re de toute col\u00e8re<\/span><\/a><\/li>\n\t<li id=\"menu-item-430\" class=\"bellows-menu-item bellows-menu-item-type-post_type bellows-menu-item-object-page bellows-menu-item-430 bellows-item-level-1\"><a  href=\"https:\/\/new.reikiforum.fr\/?page_id=429\" class=\"bellows-target\"><span class=\"bellows-target-title bellows-target-text\">Juste pour aujourd\u2019hui, je rends gr\u00e2ce pour mes nombreuses b\u00e9n\u00e9dictions, j\u2019honore mes parents mes professeurs et mes a\u00efeux<\/span><\/a><\/li>\n\t<li id=\"menu-item-567\" class=\"bellows-menu-item bellows-menu-item-type-post_type bellows-menu-item-object-page bellows-menu-item-567 bellows-item-level-1\"><a  href=\"https:\/\/new.reikiforum.fr\/?page_id=566\" class=\"bellows-target\"><span class=\"bellows-target-title bellows-target-text\">Je vis ma vie honn\u00eatement !<\/span><\/a><\/li>\n\t<li id=\"menu-item-832\" class=\"bellows-menu-item bellows-menu-item-type-post_type bellows-menu-item-object-page bellows-menu-item-832 bellows-item-level-1\"><a  href=\"https:\/\/new.reikiforum.fr\/?page_id=831\" class=\"bellows-target\"><span class=\"bellows-target-title bellows-target-text\">Je respecte la Vie autour de moi sous toute forme<\/span><\/a><\/li>\n<\/ul>\n<\/li>\n<li id=\"menu-item-1360\" class=\"bellows-menu-item bellows-menu-item-type-post_type bellows-menu-item-object-page bellows-menu-item-1360 bellows-item-level-0\"><a  href=\"https:\/\/new.reikiforum.fr\/?page_id=1359\" class=\"bellows-target\"><span class=\"bellows-target-title bellows-target-text\">Pratiquer le Reiki<\/span><\/a><\/li>\n<li id=\"menu-item-3387\" class=\"bellows-menu-item bellows-menu-item-type-post_type bellows-menu-item-object-page bellows-menu-item-3387 bellows-item-level-0\"><a  href=\"https:\/\/new.reikiforum.fr\/?page_id=3386\" class=\"bellows-target\"><span class=\"bellows-target-title bellows-target-text\">Assurance responsabilit\u00e9 civile<\/span><\/a><\/li>\n<li id=\"menu-item-7432\" class=\"bellows-menu-item bellows-menu-item-type-post_type bellows-menu-item-object-page bellows-menu-item-7432 bellows-item-level-0\"><a  href=\"https:\/\/new.reikiforum.fr\/?page_id=7429\" class=\"bellows-target\"><span class=\"bellows-target-title bellows-target-text\">La Lettre Reiki<\/span><\/a><\/li>\n<li id=\"menu-item-7438\" class=\"bellows-menu-item bellows-menu-item-type-post_type bellows-menu-item-object-page bellows-menu-item-7438 bellows-item-level-0\"><a  href=\"https:\/\/new.reikiforum.fr\/?page_id=7436\" class=\"bellows-target\"><span class=\"bellows-target-title bellows-target-text\">Marathons de Reiki \u00e0 distance<\/span><\/a><\/li>\n<li id=\"menu-item-7447\" class=\"bellows-menu-item bellows-menu-item-type-post_type bellows-menu-item-object-page bellows-menu-item-7447 bellows-item-level-0\"><a  href=\"https:\/\/new.reikiforum.fr\/?page_id=7445\" class=\"bellows-target\"><span class=\"bellows-target-title bellows-target-text\">Vous souhaitez devenir Marathonien<\/span><\/a><\/li>\n<li id=\"menu-item-7453\" class=\"bellows-menu-item bellows-menu-item-type-post_type bellows-menu-item-object-page bellows-menu-item-7453 bellows-item-level-0\"><a  href=\"https:\/\/new.reikiforum.fr\/?page_id=7451\" class=\"bellows-target\"><span class=\"bellows-target-title bellows-target-text\">Retours des Marathons<\/span><\/a><\/li>\n<li id=\"menu-item-7474\" class=\"bellows-menu-item bellows-menu-item-type-post_type bellows-menu-item-object-page bellows-menu-item-7474 bellows-item-level-0\"><a  href=\"https:\/\/new.reikiforum.fr\/?page_id=7472\" class=\"bellows-target\"><span class=\"bellows-target-title bellows-target-text\">Marathon de Reiki \u00e0 une Situation<\/span><\/a><\/li>\n<li id=\"menu-item-7482\" class=\"bellows-menu-item bellows-menu-item-type-post_type bellows-menu-item-object-page bellows-menu-item-7482 bellows-item-level-0\"><a  href=\"https:\/\/new.reikiforum.fr\/?page_id=7480\" class=\"bellows-target\"><span class=\"bellows-target-title bellows-target-text\">Reiki dans les H\u00f4pitaux \u2013 Dossier<\/span><\/a><\/li>\n<li id=\"menu-item-7964\" class=\"bellows-menu-item bellows-menu-item-type-custom bellows-menu-item-object-custom bellows-menu-item-has-children bellows-menu-item-7964 bellows-item-level-0\"><a  href=\"#\" class=\"bellows-target\"><span class=\"bellows-target-title bellows-target-text\">Reiki dans les h\u00f4pitaux &#8211; Articles<\/span><button class=\"bellows-subtoggle\" aria-label=\"Toggle Submenu\"><i class=\"bellows-subtoggle-icon-expand fa fa-chevron-down\"><\/i><i class=\"bellows-subtoggle-icon-collapse fa fa-chevron-up\"><\/i><\/button><\/a>\n<ul class=\"bellows-submenu\">\n\t<li id=\"menu-item-7956\" class=\"bellows-menu-item bellows-menu-item-type-post_type bellows-menu-item-object-post bellows-menu-item-7956 bellows-item-level-1\"><a  href=\"https:\/\/new.reikiforum.fr\/?p=7519\" class=\"bellows-target\"><span class=\"bellows-target-title bellows-target-text\">A ma fa\u00e7on\u2026<\/span><\/a><\/li>\n\t<li id=\"menu-item-7959\" class=\"bellows-menu-item bellows-menu-item-type-post_type bellows-menu-item-object-post bellows-menu-item-7959 bellows-item-level-1\"><a  href=\"https:\/\/new.reikiforum.fr\/?p=7504\" class=\"bellows-target\"><span class=\"bellows-target-title bellows-target-text\">Mon t\u00e9moignage<\/span><\/a><\/li>\n\t<li id=\"menu-item-7955\" class=\"bellows-menu-item bellows-menu-item-type-post_type bellows-menu-item-object-post bellows-menu-item-7955 bellows-item-level-1\"><a  href=\"https:\/\/new.reikiforum.fr\/?p=7509\" class=\"bellows-target\"><span class=\"bellows-target-title bellows-target-text\">10 ans de Reiki \u00e0 l\u2019hopital de Hartfort<\/span><\/a><\/li>\n\t<li id=\"menu-item-7957\" class=\"bellows-menu-item bellows-menu-item-type-post_type bellows-menu-item-object-post bellows-menu-item-7957 bellows-item-level-1\"><a  href=\"https:\/\/new.reikiforum.fr\/?p=7514\" class=\"bellows-target\"><span class=\"bellows-target-title bellows-target-text\">Aujourd\u2019hui au centre hospitalier de Brian\u00e7on<\/span><\/a><\/li>\n\t<li id=\"menu-item-7958\" class=\"bellows-menu-item bellows-menu-item-type-post_type bellows-menu-item-object-post bellows-menu-item-7958 bellows-item-level-1\"><a  href=\"https:\/\/new.reikiforum.fr\/?p=7534\" class=\"bellows-target\"><span class=\"bellows-target-title bellows-target-text\">Les Assurances remboursent les traitements de Reiki en Suisse<\/span><\/a><\/li>\n\t<li id=\"menu-item-7960\" class=\"bellows-menu-item bellows-menu-item-type-post_type bellows-menu-item-object-post bellows-menu-item-7960 bellows-item-level-1\"><a  href=\"https:\/\/new.reikiforum.fr\/?p=7544\" class=\"bellows-target\"><span class=\"bellows-target-title bellows-target-text\">Reiki \u00e0 l\u2019h\u00f4pital de la Timone<\/span><\/a><\/li>\n\t<li id=\"menu-item-7961\" class=\"bellows-menu-item bellows-menu-item-type-post_type bellows-menu-item-object-post bellows-menu-item-7961 bellows-item-level-1\"><a  href=\"https:\/\/new.reikiforum.fr\/?p=7529\" class=\"bellows-target\"><span class=\"bellows-target-title bellows-target-text\">Reiki dans les H\u00f4pitaux aux USA<\/span><\/a><\/li>\n\t<li id=\"menu-item-7962\" class=\"bellows-menu-item bellows-menu-item-type-post_type bellows-menu-item-object-post bellows-menu-item-7962 bellows-item-level-1\"><a  href=\"https:\/\/new.reikiforum.fr\/?p=7524\" class=\"bellows-target\"><span class=\"bellows-target-title bellows-target-text\">Reiki et l\u2019Allopathie<\/span><\/a><\/li>\n\t<li id=\"menu-item-7963\" class=\"bellows-menu-item bellows-menu-item-type-post_type bellows-menu-item-object-post bellows-menu-item-7963 bellows-item-level-1\"><a  href=\"https:\/\/new.reikiforum.fr\/?p=7539\" class=\"bellows-target\"><span class=\"bellows-target-title bellows-target-text\">Requ\u00eate inhabituelle<\/span><\/a><\/li>\n<\/ul>\n<\/li>\n<li id=\"menu-item-7551\" class=\"bellows-menu-item bellows-menu-item-type-post_type bellows-menu-item-object-page bellows-menu-item-7551 bellows-item-level-0\"><a  href=\"https:\/\/new.reikiforum.fr\/?page_id=7550\" class=\"bellows-target\"><span class=\"bellows-target-title bellows-target-text\">Activit\u00e9s Reiki permanentes<\/span><\/a><\/li>\n<li id=\"menu-item-7557\" class=\"bellows-menu-item bellows-menu-item-type-post_type bellows-menu-item-object-page bellows-menu-item-7557 bellows-item-level-0\"><a  href=\"https:\/\/new.reikiforum.fr\/?page_id=7556\" class=\"bellows-target\"><span class=\"bellows-target-title bellows-target-text\">Rencontres \/ partage Reiki<\/span><\/a><\/li>\n<li id=\"menu-item-7587\" class=\"bellows-menu-item bellows-menu-item-type-post_type bellows-menu-item-object-page bellows-menu-item-7587 bellows-item-level-0\"><a  href=\"https:\/\/new.reikiforum.fr\/?page_id=7586\" class=\"bellows-target\"><span class=\"bellows-target-title bellows-target-text\">Rencontres \/ partage Reiki dans les Dom-Tom<\/span><\/a><\/li>\n<li id=\"menu-item-7612\" class=\"bellows-menu-item bellows-menu-item-type-post_type bellows-menu-item-object-page bellows-menu-item-7612 bellows-item-level-0\"><a  href=\"https:\/\/new.reikiforum.fr\/?page_id=7610\" class=\"bellows-target\"><span class=\"bellows-target-title bellows-target-text\">Reiki en partenariat<\/span><\/a><\/li>\n<li id=\"menu-item-7639\" class=\"bellows-menu-item bellows-menu-item-type-post_type bellows-menu-item-object-page bellows-menu-item-7639 bellows-item-level-0\"><a  href=\"https:\/\/new.reikiforum.fr\/?page_id=7636\" class=\"bellows-target\"><span class=\"bellows-target-title bellows-target-text\">D\u00e9charge de responsabilit\u00e9<\/span><\/a><\/li>\n<li id=\"menu-item-7645\" class=\"bellows-menu-item bellows-menu-item-type-post_type bellows-menu-item-object-page bellows-menu-item-7645 bellows-item-level-0\"><a  href=\"https:\/\/new.reikiforum.fr\/?page_id=7643\" class=\"bellows-target\"><span class=\"bellows-target-title bellows-target-text\">Acc\u00e8s aux documents suite aux lives de Nita sur Youtube<\/span><\/a><\/li>\n<li id=\"menu-item-7656\" class=\"bellows-menu-item bellows-menu-item-type-post_type bellows-menu-item-object-page bellows-menu-item-7656 bellows-item-level-0\"><a  href=\"https:\/\/new.reikiforum.fr\/?page_id=7655\" class=\"bellows-target\"><span class=\"bellows-target-title bellows-target-text\">\u00a0Soir\u00e9e LIVE en direct avec Nita Mocanu<\/span><\/a><\/li>\n<li id=\"menu-item-7663\" class=\"bellows-menu-item bellows-menu-item-type-post_type bellows-menu-item-object-page bellows-menu-item-7663 bellows-item-level-0\"><a  href=\"https:\/\/new.reikiforum.fr\/?page_id=7662\" class=\"bellows-target\"><span class=\"bellows-target-title bellows-target-text\">\u00a0Re-Reiju \u00e0 distance<\/span><\/a><\/li>\n<\/ul><\/nav>\t\t<\/div>\n\t\t\t\t<\/div>\n\t\t\t\t\t\t<\/div>\n\t\t\t\t\t<\/div>\n\t\t<\/div>\n\t\t\t\t<div class=\"elementor-column elementor-col-50 elementor-top-column elementor-element elementor-element-6e4bfac4\" data-id=\"6e4bfac4\" data-element_type=\"column\">\n\t\t\t<div class=\"elementor-column-wrap elementor-element-populated\">\n\t\t\t\t\t\t\t<div class=\"elementor-widget-wrap\">\n\t\t\t\t\t\t<section class=\"elementor-section elementor-inner-section elementor-element elementor-element-5709a528 elementor-section-boxed elementor-section-height-default elementor-section-height-default\" data-id=\"5709a528\" data-element_type=\"section\">\n\t\t\t\t\t\t<div class=\"elementor-container elementor-column-gap-default\">\n\t\t\t\t\t\t\t<div class=\"elementor-row\">\n\t\t\t\t\t<div class=\"elementor-column elementor-col-100 elementor-inner-column elementor-element elementor-element-f14ce15\" data-id=\"f14ce15\" data-element_type=\"column\">\n\t\t\t<div class=\"elementor-column-wrap elementor-element-populated\">\n\t\t\t\t\t\t\t<div class=\"elementor-widget-wrap\">\n\t\t\t\t\t\t<section class=\"elementor-section elementor-inner-section elementor-element elementor-element-bd2fc7c elementor-section-boxed elementor-section-height-default elementor-section-height-default\" data-id=\"bd2fc7c\" data-element_type=\"section\">\n\t\t\t\t\t\t<div class=\"elementor-container elementor-column-gap-default\">\n\t\t\t\t\t\t\t<div class=\"elementor-row\">\n\t\t\t\t\t<div class=\"elementor-column elementor-col-100 elementor-inner-column elementor-element elementor-element-d231893\" data-id=\"d231893\" data-element_type=\"column\">\n\t\t\t<div class=\"elementor-column-wrap elementor-element-populated\">\n\t\t\t\t\t\t\t<div class=\"elementor-widget-wrap\">\n\t\t\t\t\t\t<div class=\"elementor-element elementor-element-187a20e elementor-widget elementor-widget-heading\" data-id=\"187a20e\" data-element_type=\"widget\" data-widget_type=\"heading.default\">\n\t\t\t\t<div class=\"elementor-widget-container\">\n\t\t\t<h1 class=\"elementor-heading-title elementor-size-default\">Reiki dans les H\u00f4pitaux - Dossier<\/h1>\t\t<\/div>\n\t\t\t\t<\/div>\n\t\t\t\t\t\t<\/div>\n\t\t\t\t\t<\/div>\n\t\t<\/div>\n\t\t\t\t\t\t\t\t<\/div>\n\t\t\t\t\t<\/div>\n\t\t<\/section>\n\t\t\t\t<section class=\"elementor-section elementor-inner-section elementor-element elementor-element-8692249 elementor-section-boxed elementor-section-height-default elementor-section-height-default\" data-id=\"8692249\" data-element_type=\"section\">\n\t\t\t\t\t\t<div class=\"elementor-container elementor-column-gap-default\">\n\t\t\t\t\t\t\t<div class=\"elementor-row\">\n\t\t\t\t\t<div class=\"elementor-column elementor-col-100 elementor-inner-column elementor-element elementor-element-ff17f6c\" data-id=\"ff17f6c\" data-element_type=\"column\">\n\t\t\t<div class=\"elementor-column-wrap elementor-element-populated\">\n\t\t\t\t\t\t\t<div class=\"elementor-widget-wrap\">\n\t\t\t\t\t\t<div class=\"elementor-element elementor-element-6d546c2 elementor-widget elementor-widget-text-editor\" data-id=\"6d546c2\" data-element_type=\"widget\" data-widget_type=\"text-editor.default\">\n\t\t\t\t<div class=\"elementor-widget-container\">\n\t\t\t\t\t\t\t\t<div class=\"elementor-text-editor elementor-clearfix\">\n\t\t\t\t<div id=\"Article\"><div class=\"ContenuArticle\"><p>Si vous organisez des Rencontres\/Partages\u00a0<strong>dans un but non lucratif<\/strong>, annoncez-vous gratuitement !<\/p><p>Nous ne sommes pas les organisateurs de ces Rencontres et nous d\u00e9clinons toute responsabilit\u00e9 quant aux conditions de d\u00e9roulement. Si vous n\u2019\u00eates pas en harmonie avec le d\u00e9roulement d\u2019une Rencontre, cessez d\u2019y aller &#8211; faites toujours vos choix en toute libert\u00e9.<\/p><p><strong>Ces num\u00e9ros de t\u00e9l\u00e9phone nous ont \u00e9t\u00e9 communiqu\u00e9s pour faire conna\u00eetre les rencontres-partages Reiki et ne sont pas cens\u00e9s repr\u00e9senter de la publicit\u00e9 pour les stages. Les Rencontres \u00e9tant gratuites, seule une contribution aux frais de fonctionnement peut \u00eatre demand\u00e9e.<\/strong><\/p><p><br \/><strong>Attention :<\/strong>\u00a0il arrive qu\u2019un groupe cesse de fonctionner ou qu\u2019un num\u00e9ro de t\u00e9l\u00e9phone change.<br \/><strong>Merci de nous le faire savoir aussit\u00f4t pour la mise \u00e0 jour de la liste<\/strong><\/p><\/div><\/div>\t\t\t\t\t<\/div>\n\t\t\t\t\t\t<\/div>\n\t\t\t\t<\/div>\n\t\t\t\t\t\t<\/div>\n\t\t\t\t\t<\/div>\n\t\t<\/div>\n\t\t\t\t\t\t\t\t<\/div>\n\t\t\t\t\t<\/div>\n\t\t<\/section>\n\t\t\t\t\t\t<\/div>\n\t\t\t\t\t<\/div>\n\t\t<\/div>\n\t\t\t\t\t\t\t\t<\/div>\n\t\t\t\t\t<\/div>\n\t\t<\/section>\n\t\t\t\t\t\t<\/div>\n\t\t\t\t\t<\/div>\n\t\t<\/div>\n\t\t\t\t\t\t\t\t<\/div>\n\t\t\t\t\t<\/div>\n\t\t<\/section>\n\t\t\t\t\t\t\t\t\t<\/div>\n\t\t\t<\/div>\n\t\t\t\t\t<\/div>\n\t\t","protected":false},"excerpt":{"rendered":"<p>Reiki dans les H\u00f4pitaux &#8211; Dossier Si vous organisez des Rencontres\/Partages\u00a0dans un but non lucratif, annoncez-vous gratuitement ! Nous ne sommes pas les organisateurs de ces Rencontres et nous d\u00e9clinons toute responsabilit\u00e9 quant aux conditions de d\u00e9roulement. Si vous n\u2019\u00eates pas en harmonie avec le d\u00e9roulement d\u2019une Rencontre, cessez d\u2019y aller &#8211; faites toujours vos [&hellip;]<\/p>\n","protected":false},"author":1,"featured_media":0,"parent":0,"menu_order":0,"comment_status":"closed","ping_status":"closed","template":"elementor_header_footer","meta":[],"_links":{"self":[{"href":"https:\/\/new.reikiforum.fr\/index.php?rest_route=\/wp\/v2\/pages\/7556"}],"collection":[{"href":"https:\/\/new.reikiforum.fr\/index.php?rest_route=\/wp\/v2\/pages"}],"about":[{"href":"https:\/\/new.reikiforum.fr\/index.php?rest_route=\/wp\/v2\/types\/page"}],"author":[{"embeddable":true,"href":"https:\/\/new.reikiforum.fr\/index.php?rest_route=\/wp\/v2\/users\/1"}],"replies":[{"embeddable":true,"href":"https:\/\/new.reikiforum.fr\/index.php?rest_route=%2Fwp%2Fv2%2Fcomments&post=7556"}],"version-history":[{"count":8,"href":"https:\/\/new.reikiforum.fr\/index.php?rest_route=\/wp\/v2\/pages\/7556\/revisions"}],"predecessor-version":[{"id":11388,"href":"https:\/\/new.reikiforum.fr\/index.php?rest_route=\/wp\/v2\/pages\/7556\/revisions\/11388"}],"wp:attachment":[{"href":"https:\/\/new.reikiforum.fr\/index.php?rest_route=%2Fwp%2Fv2%2Fmedia&parent=7556"}],"curies":[{"name":"wp","href":"https:\/\/api.w.org\/{rel}","templated":true}]}}