{"id":7472,"date":"2022-08-24T16:48:49","date_gmt":"2022-08-24T16:48:49","guid":{"rendered":"https:\/\/new.reikiforum.fr\/?page_id=7472"},"modified":"2022-09-27T23:46:02","modified_gmt":"2022-09-27T23:46:02","slug":"marathons-de-reiki-a-la-situation","status":"publish","type":"page","link":"https:\/\/new.reikiforum.fr\/?page_id=7472","title":{"rendered":"Marathon de Reiki \u00e0 une Situation"},"content":{"rendered":"\t\t<div data-elementor-type=\"wp-page\" data-elementor-id=\"7472\" class=\"elementor elementor-7472\">\n\t\t\t\t\t\t<div class=\"elementor-inner\">\n\t\t\t\t<div class=\"elementor-section-wrap\">\n\t\t\t\t\t\t\t\t\t<section class=\"elementor-section elementor-top-section elementor-element elementor-element-83b2dd4 elementor-section-boxed elementor-section-height-default elementor-section-height-default\" data-id=\"83b2dd4\" data-element_type=\"section\">\n\t\t\t\t\t\t<div class=\"elementor-container elementor-column-gap-default\">\n\t\t\t\t\t\t\t<div class=\"elementor-row\">\n\t\t\t\t\t<div class=\"elementor-column elementor-col-100 elementor-top-column elementor-element elementor-element-ed48301\" data-id=\"ed48301\" data-element_type=\"column\">\n\t\t\t<div class=\"elementor-column-wrap elementor-element-populated\">\n\t\t\t\t\t\t\t<div class=\"elementor-widget-wrap\">\n\t\t\t\t\t\t<section class=\"elementor-section elementor-inner-section elementor-element elementor-element-d63fc9a elementor-section-boxed elementor-section-height-default elementor-section-height-default\" data-id=\"d63fc9a\" data-element_type=\"section\">\n\t\t\t\t\t\t<div class=\"elementor-container elementor-column-gap-default\">\n\t\t\t\t\t\t\t<div class=\"elementor-row\">\n\t\t\t\t\t<div class=\"elementor-column elementor-col-100 elementor-inner-column elementor-element elementor-element-5611912\" data-id=\"5611912\" data-element_type=\"column\">\n\t\t\t<div class=\"elementor-column-wrap elementor-element-populated\">\n\t\t\t\t\t\t\t<div class=\"elementor-widget-wrap\">\n\t\t\t\t\t\t<div class=\"elementor-element elementor-element-13f7c3d elementor-widget elementor-widget-heading\" data-id=\"13f7c3d\" data-element_type=\"widget\" data-widget_type=\"heading.default\">\n\t\t\t\t<div class=\"elementor-widget-container\">\n\t\t\t<h1 class=\"elementor-heading-title elementor-size-default\">\"Marathons de Reiki \u00e0 la situation\"<\/h1>\t\t<\/div>\n\t\t\t\t<\/div>\n\t\t\t\t\t\t<\/div>\n\t\t\t\t\t<\/div>\n\t\t<\/div>\n\t\t\t\t\t\t\t\t<\/div>\n\t\t\t\t\t<\/div>\n\t\t<\/section>\n\t\t\t\t<section class=\"elementor-section elementor-inner-section elementor-element elementor-element-6f6f957 elementor-section-boxed elementor-section-height-default elementor-section-height-default\" data-id=\"6f6f957\" data-element_type=\"section\">\n\t\t\t\t\t\t<div class=\"elementor-container elementor-column-gap-default\">\n\t\t\t\t\t\t\t<div class=\"elementor-row\">\n\t\t\t\t\t<div class=\"elementor-column elementor-col-100 elementor-inner-column elementor-element elementor-element-8016293\" data-id=\"8016293\" data-element_type=\"column\">\n\t\t\t<div class=\"elementor-column-wrap elementor-element-populated\">\n\t\t\t\t\t\t\t<div class=\"elementor-widget-wrap\">\n\t\t\t\t\t\t<div class=\"elementor-element elementor-element-d994c4b elementor-widget elementor-widget-text-editor\" data-id=\"d994c4b\" data-element_type=\"widget\" data-widget_type=\"text-editor.default\">\n\t\t\t\t<div class=\"elementor-widget-container\">\n\t\t\t\t\t\t\t\t<div class=\"elementor-text-editor elementor-clearfix\">\n\t\t\t\t<p align=\"center\"><strong>Contribuer aux changements de la plan\u00e8te :<\/strong><\/p><p align=\"center\"><strong>&#8220;Marathons de Reiki \u00e0 la situation&#8221;<\/strong><\/p><p align=\"center\"><strong>Message d&#8217;urgence !<\/strong><\/p><p>\u00a0<\/p><p>Depuis de nombreuses ann\u00e9es, nous vous envoyons \u00e0 la fin de chaque mois une suggestion pour un envoi de Reiki \u00e0 une situation.<\/p><p>Malheureusement, nous sommes aujourd&#8217;hui devant plusieurs situations simultan\u00e9es, d&#8217;o\u00f9 la n\u00e9cessit\u00e9 d&#8217;une vraie liste actualisable imm\u00e9diatement.<\/p><p>A chaque nouvelle situation, nous ajouterons la phrase concernant cet \u00e9v\u00e9nement-l\u00e0. De plus, je transmettrai la m\u00eame phrase sur ma page Facebook ainsi que celle du Congr\u00e8s Reiki. Et si vous avez d&#8217;autres suggestions, n&#8217;h\u00e9sitez pas.<\/p><p>Vous pouvez int\u00e9grer la liste des affirmations dans vos envois \u00e0 distance\/votre grille de cristaux, d\u00e8s maintenant, en tant qu&#8217;envoi permanent.<\/p><p>Concr\u00e8tement : prenez chaque affirmation, une \u00e0 la fois, dans l&#8217;ordre que vous pr\u00e9f\u00e9rez, \u00e9crivez-la sur un bout de papier, ajoutez tous les symboles que vous avez re\u00e7u en stage et envoyez 5 \u00e0 10 minutes de Reiki \u00e0 distance avec ce papier ; placez-le ensuite dans la grille de cristaux.<\/p><p>Si vous n&#8217;avez pas une grille, placez le papier (avec ou sans le cristal) \u00e0 un endroit calme de votre maison et reprenez-le aussi souvent que vous pouvez.<\/p><p>Merci pour nous tous !<br \/><br \/><\/p><p>&#8220;La situation sanitaire \u00e9volue vers le plus grand bien de tous et en harmonie avec l&#8217;Univers&#8221;.<br \/><br \/><\/p><p>&#8220;Nous vivons dans un monde libre, juste et fraternel, pour le plus grand bien de tous et en harmonie avec l&#8217;Univers&#8221;.<br \/><br \/><\/p><p>&#8220;Au Parc Naturel R\u00e9gional des Causses du Quercy, pour\u00a0le plus grand bien de tous et en harmonie avec l&#8217;Univers&#8221;.<br \/><br \/><\/p><p>&#8220;Les projets terrestres offrent les degr\u00e9s de libert\u00e9 pour une ouverture universelle&#8221;.<br \/><br \/><\/p><p>&#8220;Les structures de l&#8217;homme s&#8217;adaptent au mod\u00e8le de l&#8217;\u00catre Universel&#8221;.<br \/><br \/><\/p><p>&#8220;Le calme et la s\u00e9r\u00e9nit\u00e9 r\u00e8gnent \u00e0 Paris et en France, pour le plus grand bien de tous et en harmonie avec l&#8217;Univers&#8221;.<\/p><p>\u00a0<\/p><p>&#8220;L&#8217;humanit\u00e9 a conscience du caract\u00e8re sacr\u00e9 de la Terre et agit en fonction de cela, pour le plus grand bien de tous et en harmonie avec l&#8217;univers&#8221;.<\/p><p>\u00a0<\/p><p>&#8220;Tous les \u00catres de la Terre vivent en Paix et Harmonie les uns avec les autres, pour le plus grand bien de tous et en harmonie avec l&#8217;Univers.&#8221;<\/p><p>\u00a0<\/p><p>&#8220;L&#8217;Espace \u00c9conomique Europ\u00e9en se trouve dans un \u00e9tat d&#8217;\u00e9quilibre \u00e9conomique, social et humain, pour le plus grand bien de tous et en harmonie avec l&#8217;Univers.&#8221;<\/p><p>\u00a0<\/p><p>&#8220;Au groupe dirigeant de l&#8217;Etat Islamique, pour le plus grand bien de tous et en harmonie avec l&#8217;Univers&#8221;.<\/p><p>\u00a0<\/p><p>&#8220;A toutes les entreprises et les groupes qui travaillent de pr\u00e8s ou de loin pour l&#8217;armement, pour le plus grand bien de tous et en harmonie avec l&#8217;Univers&#8221;.<\/p><p>\u00a0<\/p><p>&#8220;A tous les groupes int\u00e9gristes et extr\u00e9mistes, pour le plus grand bien de tous et en harmonie avec l&#8217;Univers&#8221;.<\/p><p>\u00a0<\/p><p>&#8220;A tous les gouvernements, pour le plus grand bien de tous et en harmonie avec l&#8217;Univers&#8221;.<\/p><p>\u00a0<\/p><p>&#8220;Aux institutions et laboratoires de recherches scientifiques, pour le plus grand bien de tous et en harmonie avec l&#8217;Univers&#8221;.<\/p><p>\u00a0<\/p><p>&#8220;Aux groupes secrets qui travaillent contre l&#8217;Humanit\u00e9, pour le plus grand bien de tous et en harmonie avec l&#8217;Univers&#8221;.<\/p><p>\u00a0<\/p><p>&#8220;A tous les groupes, li\u00e9s de pr\u00e8s ou de loin \u00e0 la manipulation g\u00e9n\u00e9tique, pour le plus grand bien de tous et en harmonie avec l&#8217;Univers&#8221;.<\/p><p>\u00a0<\/p><p>&#8220;A tout le syst\u00e8me agro-alimentaire, pour le plus grand bien de tous et en harmonie avec l&#8217;Univers&#8221;.<\/p><p>\u00a0<\/p><p>&#8220;A tout le syst\u00e8me financier et bancaire, pour le plus grand bien de tous et en harmonie avec l&#8217;Univers&#8221;.<\/p><p>\u00a0<\/p><p>&#8220;A tous les m\u00e9dias, pour le plus grand bien de tous et en harmonie avec l&#8217;Univers&#8221;.<\/p><p>\u00a0<\/p><p>&#8220;A la Commission Europ\u00e9enne, pour le plus grand bien de tous et en harmonie avec l&#8217;Univers&#8221;.<\/p><p>\u00a0<\/p><p>&#8220;A toutes les institutions gouvernementales, pour le plus grand bien de tous et en harmonie avec l&#8217;Univers&#8221;.<\/p><p>\u00a0<\/p><p>&#8220;A toutes les institutions non gouvernementales, pour leur plus grand bien, celui de tous et en harmonie avec l&#8217;univers&#8221;.<\/p><p>\u00a0<\/p><p>&#8220;A l&#8217;ordre des m\u00e9decins, pour le plus grand bien de tous et en harmonie avec l&#8217;Univers&#8221;.<\/p><p>\u00a0<\/p><p>&#8220;A l&#8217;ordre des pharmaciens, pour le plus grand bien de tous et en harmonie avec l&#8217;Univers&#8221;.<\/p><p>\u00a0<\/p><p>&#8220;A groupes d\u00e9cideurs des laboratoires pharmaceutiques, pour le plus grand bien de tous et en harmonie avec l&#8217;Univers&#8221;.<\/p><p>\u00a0<\/p><p>&#8220;A groupes d\u00e9cideurs de l&#8217;industrie chimique, pour le plus grand bien de tous et en harmonie avec l&#8217;Univers&#8221;.<\/p><p>\u00a0<\/p><p>&#8220;A tous les peuples primitifs, pour le plus grand bien de tous et en harmonie avec l&#8217;Univers&#8221;.<\/p><p>\u00a0<\/p><p>&#8220;A tous les groupes \u0153uvrant pour l&#8217;\u00e9volution de conscience, pour le plus grand bien de tous et en harmonie avec l&#8217;Univers&#8221;.<\/p><p>\u00a0<\/p><p>&#8220;A tous les groupes d\u00e9cideurs des syst\u00e8mes judiciaires, pour le plus grand bien de tous et en harmonie avec l&#8217;Univers&#8221;.<\/p><p>\u00a0<\/p><p>&#8220;A tous les prisonniers, pour le plus grand bien de tous et en harmonie avec l&#8217;Univers&#8221;.<\/p><p>\u00a0<\/p><p>&#8220;A tous les champs \u00e9lectromagn\u00e9tiques nuisibles aux vivants, pour le plus grand bien de tous et en harmonie avec l&#8217;Univers&#8221;.<\/p><p>\u00a0<\/p><p>&#8220;Les hommes \u00e9tablissent de justes relations entre eux et avec tout ce qui est, pour le plus grand bien de tous et en harmonie avec l&#8217;Univers&#8221;.<\/p><p>\u00a0<\/p><p>&#8220;Le civisme, l&#8217;altruisme et le service d\u00e9sint\u00e9ress\u00e9 sont la motivation des hommes politiques, pour le plus grand bien de tous et en harmonie avec l&#8217;Univers&#8221;.<\/p><p>\u00a0<\/p><p>&#8220;Le Reiki alimente le mouvement de coop\u00e9ration universelle, pour le plus grand bien de tous et en harmonie avec l&#8217;Univers&#8221;.<\/p><p>\u00a0<\/p><p>&#8220;La claire vision du Dessein Plan\u00e9taire inspire la contribution pleine et enti\u00e8re du r\u00e8gne humain, pour le plus grand bien de tous et en harmonie avec l&#8217;Univers&#8221;.<\/p><p>\u00a0<\/p><p>&#8220;L&#8217;amour pr\u00e9domine entre les humains, pour le plus grand bien de tous et en harmonie avec l&#8217;Univers&#8221;.<\/p><p><br \/>&#8220;La Terre \u00e9volue harmonieusement, pour le plus grand bien de tous et en harmonie avec l&#8217;Univers&#8221;.<\/p><p><br \/>&#8220;L&#8217;humanit\u00e9 respecte la vie sous toutes formes, pour le plus grand bien de tous et en harmonie avec l&#8217;Univers&#8221;.<\/p>\t\t\t\t\t<\/div>\n\t\t\t\t\t\t<\/div>\n\t\t\t\t<\/div>\n\t\t\t\t\t\t<\/div>\n\t\t\t\t\t<\/div>\n\t\t<\/div>\n\t\t\t\t\t\t\t\t<\/div>\n\t\t\t\t\t<\/div>\n\t\t<\/section>\n\t\t\t\t\t\t<\/div>\n\t\t\t\t\t<\/div>\n\t\t<\/div>\n\t\t\t\t\t\t\t\t<\/div>\n\t\t\t\t\t<\/div>\n\t\t<\/section>\n\t\t\t\t\t\t\t\t\t<\/div>\n\t\t\t<\/div>\n\t\t\t\t\t<\/div>\n\t\t","protected":false},"excerpt":{"rendered":"<p>&#8220;Marathons de Reiki \u00e0 la situation&#8221; Contribuer aux changements de la plan\u00e8te : &#8220;Marathons de Reiki \u00e0 la situation&#8221; Message d&#8217;urgence ! \u00a0 Depuis de nombreuses ann\u00e9es, nous vous envoyons \u00e0 la fin de chaque mois une suggestion pour un envoi de Reiki \u00e0 une situation. Malheureusement, nous sommes aujourd&#8217;hui devant plusieurs situations simultan\u00e9es, d&#8217;o\u00f9 [&hellip;]<\/p>\n","protected":false},"author":1,"featured_media":0,"parent":0,"menu_order":0,"comment_status":"closed","ping_status":"closed","template":"elementor_theme","meta":[],"_links":{"self":[{"href":"https:\/\/new.reikiforum.fr\/index.php?rest_route=\/wp\/v2\/pages\/7472"}],"collection":[{"href":"https:\/\/new.reikiforum.fr\/index.php?rest_route=\/wp\/v2\/pages"}],"about":[{"href":"https:\/\/new.reikiforum.fr\/index.php?rest_route=\/wp\/v2\/types\/page"}],"author":[{"embeddable":true,"href":"https:\/\/new.reikiforum.fr\/index.php?rest_route=\/wp\/v2\/users\/1"}],"replies":[{"embeddable":true,"href":"https:\/\/new.reikiforum.fr\/index.php?rest_route=%2Fwp%2Fv2%2Fcomments&post=7472"}],"version-history":[{"count":8,"href":"https:\/\/new.reikiforum.fr\/index.php?rest_route=\/wp\/v2\/pages\/7472\/revisions"}],"predecessor-version":[{"id":11416,"href":"https:\/\/new.reikiforum.fr\/index.php?rest_route=\/wp\/v2\/pages\/7472\/revisions\/11416"}],"wp:attachment":[{"href":"https:\/\/new.reikiforum.fr\/index.php?rest_route=%2Fwp%2Fv2%2Fmedia&parent=7472"}],"curies":[{"name":"wp","href":"https:\/\/api.w.org\/{rel}","templated":true}]}}