{"id":7429,"date":"2022-08-24T16:34:54","date_gmt":"2022-08-24T16:34:54","guid":{"rendered":"https:\/\/new.reikiforum.fr\/?page_id=7429"},"modified":"2022-09-27T23:11:18","modified_gmt":"2022-09-27T23:11:18","slug":"la-lettre-reiki","status":"publish","type":"page","link":"https:\/\/new.reikiforum.fr\/?page_id=7429","title":{"rendered":"La Lettre Reiki"},"content":{"rendered":"\t\t<div data-elementor-type=\"wp-page\" data-elementor-id=\"7429\" class=\"elementor elementor-7429\">\n\t\t\t\t\t\t<div class=\"elementor-inner\">\n\t\t\t\t<div class=\"elementor-section-wrap\">\n\t\t\t\t\t\t\t\t\t<section class=\"elementor-section elementor-top-section elementor-element elementor-element-907daad elementor-section-boxed elementor-section-height-default elementor-section-height-default\" data-id=\"907daad\" data-element_type=\"section\">\n\t\t\t\t\t\t<div class=\"elementor-container elementor-column-gap-default\">\n\t\t\t\t\t\t\t<div class=\"elementor-row\">\n\t\t\t\t\t<div class=\"elementor-column elementor-col-50 elementor-top-column elementor-element elementor-element-38e38e60 leftSideBarCol\" data-id=\"38e38e60\" data-element_type=\"column\">\n\t\t\t<div class=\"elementor-column-wrap elementor-element-populated\">\n\t\t\t\t\t\t\t<div class=\"elementor-widget-wrap\">\n\t\t\t\t\t\t<div class=\"elementor-element elementor-element-78112c7 elementor-widget elementor-widget-wp-widget-bellows_navigation_widget\" data-id=\"78112c7\" data-element_type=\"widget\" data-widget_type=\"wp-widget-bellows_navigation_widget.default\">\n\t\t\t\t<div class=\"elementor-widget-container\">\n\t\t\t<nav id=\"bellows-main-6\" class=\"bellows bellows-nojs bellows-main bellows-source-menu bellows-align-left bellows-skin-none bellows-type-\"><ul id=\"menu-leftmenu\" class=\"bellows-nav\" data-bellows-config=\"main\"><li id=\"menu-item-112\" class=\"bellows-menu-item bellows-menu-item-type-custom bellows-menu-item-object-custom bellows-menu-item-home bellows-menu-item-112 bellows-item-level-0\"><a  href=\"https:\/\/new.reikiforum.fr\" class=\"bellows-target\"><span class=\"bellows-target-title bellows-target-text\">Accueil<\/span><\/a><\/li>\n<li id=\"menu-item-111\" class=\"bellows-menu-item bellows-menu-item-type-post_type bellows-menu-item-object-page bellows-menu-item-111 bellows-item-level-0\"><a  href=\"https:\/\/new.reikiforum.fr\/?page_id=109\" class=\"bellows-target\"><span class=\"bellows-target-title bellows-target-text\">Pr\u00e9sentation de Nita<\/span><\/a><\/li>\n<li id=\"menu-item-126\" class=\"bellows-menu-item bellows-menu-item-type-post_type bellows-menu-item-object-page bellows-menu-item-126 bellows-item-level-0\"><a  href=\"https:\/\/new.reikiforum.fr\/?page_id=116\" class=\"bellows-target\"><span class=\"bellows-target-title bellows-target-text\">Le Reiki Usui<\/span><\/a><\/li>\n<li id=\"menu-item-208\" class=\"bellows-menu-item bellows-menu-item-type-post_type bellows-menu-item-object-page bellows-menu-item-208 bellows-item-level-0\"><a  href=\"https:\/\/new.reikiforum.fr\/?page_id=201\" class=\"bellows-target\"><span class=\"bellows-target-title bellows-target-text\">Le Reiki Karuna<\/span><\/a><\/li>\n<li id=\"menu-item-216\" class=\"bellows-menu-item bellows-menu-item-type-post_type bellows-menu-item-object-page bellows-menu-item-216 bellows-item-level-0\"><a  href=\"https:\/\/new.reikiforum.fr\/?page_id=215\" class=\"bellows-target\"><span class=\"bellows-target-title bellows-target-text\">Code \u00e9thique<\/span><\/a><\/li>\n<li id=\"menu-item-226\" class=\"bellows-menu-item bellows-menu-item-type-post_type bellows-menu-item-object-page bellows-menu-item-226 bellows-item-level-0\"><a  href=\"https:\/\/new.reikiforum.fr\/?page_id=225\" class=\"bellows-target\"><span class=\"bellows-target-title bellows-target-text\">Le Reiki est\u2026 le Reiki n\u2019est pas<\/span><\/a><\/li>\n<li id=\"menu-item-240\" class=\"bellows-menu-item bellows-menu-item-type-post_type bellows-menu-item-object-page bellows-menu-item-240 bellows-item-level-0\"><a  href=\"https:\/\/new.reikiforum.fr\/?page_id=239\" class=\"bellows-target\"><span class=\"bellows-target-title bellows-target-text\">Stage de Ma\u00eetre Reiki<\/span><\/a><\/li>\n<li id=\"menu-item-297\" class=\"bellows-menu-item bellows-menu-item-type-post_type bellows-menu-item-object-page bellows-menu-item-has-children bellows-menu-item-297 bellows-item-level-0\"><a  href=\"https:\/\/new.reikiforum.fr\/?page_id=296\" class=\"bellows-target\"><span class=\"bellows-target-title bellows-target-text\">Les Cinq Id\u00e9aux du Reiki<\/span><button class=\"bellows-subtoggle\" aria-label=\"Toggle Submenu\"><i class=\"bellows-subtoggle-icon-expand fa fa-chevron-down\"><\/i><i class=\"bellows-subtoggle-icon-collapse fa fa-chevron-up\"><\/i><\/button><\/a>\n<ul class=\"bellows-submenu\">\n\t<li id=\"menu-item-320\" class=\"bellows-menu-item bellows-menu-item-type-post_type bellows-menu-item-object-page bellows-menu-item-320 bellows-item-level-1\"><a  href=\"https:\/\/new.reikiforum.fr\/?page_id=319\" class=\"bellows-target\"><span class=\"bellows-target-title bellows-target-text\">Je me lib\u00e8re de toute pr\u00e9occupation<\/span><\/a><\/li>\n\t<li id=\"menu-item-359\" class=\"bellows-menu-item bellows-menu-item-type-post_type bellows-menu-item-object-page bellows-menu-item-359 bellows-item-level-1\"><a  href=\"https:\/\/new.reikiforum.fr\/?page_id=358\" class=\"bellows-target\"><span class=\"bellows-target-title bellows-target-text\">Je me lib\u00e8re de toute col\u00e8re<\/span><\/a><\/li>\n\t<li id=\"menu-item-430\" class=\"bellows-menu-item bellows-menu-item-type-post_type bellows-menu-item-object-page bellows-menu-item-430 bellows-item-level-1\"><a  href=\"https:\/\/new.reikiforum.fr\/?page_id=429\" class=\"bellows-target\"><span class=\"bellows-target-title bellows-target-text\">Juste pour aujourd\u2019hui, je rends gr\u00e2ce pour mes nombreuses b\u00e9n\u00e9dictions, j\u2019honore mes parents mes professeurs et mes a\u00efeux<\/span><\/a><\/li>\n\t<li id=\"menu-item-567\" class=\"bellows-menu-item bellows-menu-item-type-post_type bellows-menu-item-object-page bellows-menu-item-567 bellows-item-level-1\"><a  href=\"https:\/\/new.reikiforum.fr\/?page_id=566\" class=\"bellows-target\"><span class=\"bellows-target-title bellows-target-text\">Je vis ma vie honn\u00eatement !<\/span><\/a><\/li>\n\t<li id=\"menu-item-832\" class=\"bellows-menu-item bellows-menu-item-type-post_type bellows-menu-item-object-page bellows-menu-item-832 bellows-item-level-1\"><a  href=\"https:\/\/new.reikiforum.fr\/?page_id=831\" class=\"bellows-target\"><span class=\"bellows-target-title bellows-target-text\">Je respecte la Vie autour de moi sous toute forme<\/span><\/a><\/li>\n<\/ul>\n<\/li>\n<li id=\"menu-item-1360\" class=\"bellows-menu-item bellows-menu-item-type-post_type bellows-menu-item-object-page bellows-menu-item-1360 bellows-item-level-0\"><a  href=\"https:\/\/new.reikiforum.fr\/?page_id=1359\" class=\"bellows-target\"><span class=\"bellows-target-title bellows-target-text\">Pratiquer le Reiki<\/span><\/a><\/li>\n<li id=\"menu-item-3387\" class=\"bellows-menu-item bellows-menu-item-type-post_type bellows-menu-item-object-page bellows-menu-item-3387 bellows-item-level-0\"><a  href=\"https:\/\/new.reikiforum.fr\/?page_id=3386\" class=\"bellows-target\"><span class=\"bellows-target-title bellows-target-text\">Assurance responsabilit\u00e9 civile<\/span><\/a><\/li>\n<li id=\"menu-item-7432\" class=\"bellows-menu-item bellows-menu-item-type-post_type bellows-menu-item-object-page bellows-menu-item-7432 bellows-item-level-0\"><a  href=\"https:\/\/new.reikiforum.fr\/?page_id=7429\" class=\"bellows-target\"><span class=\"bellows-target-title bellows-target-text\">La Lettre Reiki<\/span><\/a><\/li>\n<li id=\"menu-item-7438\" class=\"bellows-menu-item bellows-menu-item-type-post_type bellows-menu-item-object-page bellows-menu-item-7438 bellows-item-level-0\"><a  href=\"https:\/\/new.reikiforum.fr\/?page_id=7436\" class=\"bellows-target\"><span class=\"bellows-target-title bellows-target-text\">Marathons de Reiki \u00e0 distance<\/span><\/a><\/li>\n<li id=\"menu-item-7447\" class=\"bellows-menu-item bellows-menu-item-type-post_type bellows-menu-item-object-page bellows-menu-item-7447 bellows-item-level-0\"><a  href=\"https:\/\/new.reikiforum.fr\/?page_id=7445\" class=\"bellows-target\"><span class=\"bellows-target-title bellows-target-text\">Vous souhaitez devenir Marathonien<\/span><\/a><\/li>\n<li id=\"menu-item-7453\" class=\"bellows-menu-item bellows-menu-item-type-post_type bellows-menu-item-object-page bellows-menu-item-7453 bellows-item-level-0\"><a  href=\"https:\/\/new.reikiforum.fr\/?page_id=7451\" class=\"bellows-target\"><span class=\"bellows-target-title bellows-target-text\">Retours des Marathons<\/span><\/a><\/li>\n<li id=\"menu-item-7474\" class=\"bellows-menu-item bellows-menu-item-type-post_type bellows-menu-item-object-page bellows-menu-item-7474 bellows-item-level-0\"><a  href=\"https:\/\/new.reikiforum.fr\/?page_id=7472\" class=\"bellows-target\"><span class=\"bellows-target-title bellows-target-text\">Marathon de Reiki \u00e0 une Situation<\/span><\/a><\/li>\n<li id=\"menu-item-7482\" class=\"bellows-menu-item bellows-menu-item-type-post_type bellows-menu-item-object-page bellows-menu-item-7482 bellows-item-level-0\"><a  href=\"https:\/\/new.reikiforum.fr\/?page_id=7480\" class=\"bellows-target\"><span class=\"bellows-target-title bellows-target-text\">Reiki dans les H\u00f4pitaux \u2013 Dossier<\/span><\/a><\/li>\n<li id=\"menu-item-7964\" class=\"bellows-menu-item bellows-menu-item-type-custom bellows-menu-item-object-custom bellows-menu-item-has-children bellows-menu-item-7964 bellows-item-level-0\"><a  href=\"#\" class=\"bellows-target\"><span class=\"bellows-target-title bellows-target-text\">Reiki dans les h\u00f4pitaux &#8211; Articles<\/span><button class=\"bellows-subtoggle\" aria-label=\"Toggle Submenu\"><i class=\"bellows-subtoggle-icon-expand fa fa-chevron-down\"><\/i><i class=\"bellows-subtoggle-icon-collapse fa fa-chevron-up\"><\/i><\/button><\/a>\n<ul class=\"bellows-submenu\">\n\t<li id=\"menu-item-7956\" class=\"bellows-menu-item bellows-menu-item-type-post_type bellows-menu-item-object-post bellows-menu-item-7956 bellows-item-level-1\"><a  href=\"https:\/\/new.reikiforum.fr\/?p=7519\" class=\"bellows-target\"><span class=\"bellows-target-title bellows-target-text\">A ma fa\u00e7on\u2026<\/span><\/a><\/li>\n\t<li id=\"menu-item-7959\" class=\"bellows-menu-item bellows-menu-item-type-post_type bellows-menu-item-object-post bellows-menu-item-7959 bellows-item-level-1\"><a  href=\"https:\/\/new.reikiforum.fr\/?p=7504\" class=\"bellows-target\"><span class=\"bellows-target-title bellows-target-text\">Mon t\u00e9moignage<\/span><\/a><\/li>\n\t<li id=\"menu-item-7955\" class=\"bellows-menu-item bellows-menu-item-type-post_type bellows-menu-item-object-post bellows-menu-item-7955 bellows-item-level-1\"><a  href=\"https:\/\/new.reikiforum.fr\/?p=7509\" class=\"bellows-target\"><span class=\"bellows-target-title bellows-target-text\">10 ans de Reiki \u00e0 l\u2019hopital de Hartfort<\/span><\/a><\/li>\n\t<li id=\"menu-item-7957\" class=\"bellows-menu-item bellows-menu-item-type-post_type bellows-menu-item-object-post bellows-menu-item-7957 bellows-item-level-1\"><a  href=\"https:\/\/new.reikiforum.fr\/?p=7514\" class=\"bellows-target\"><span class=\"bellows-target-title bellows-target-text\">Aujourd\u2019hui au centre hospitalier de Brian\u00e7on<\/span><\/a><\/li>\n\t<li id=\"menu-item-7958\" class=\"bellows-menu-item bellows-menu-item-type-post_type bellows-menu-item-object-post bellows-menu-item-7958 bellows-item-level-1\"><a  href=\"https:\/\/new.reikiforum.fr\/?p=7534\" class=\"bellows-target\"><span class=\"bellows-target-title bellows-target-text\">Les Assurances remboursent les traitements de Reiki en Suisse<\/span><\/a><\/li>\n\t<li id=\"menu-item-7960\" class=\"bellows-menu-item bellows-menu-item-type-post_type bellows-menu-item-object-post bellows-menu-item-7960 bellows-item-level-1\"><a  href=\"https:\/\/new.reikiforum.fr\/?p=7544\" class=\"bellows-target\"><span class=\"bellows-target-title bellows-target-text\">Reiki \u00e0 l\u2019h\u00f4pital de la Timone<\/span><\/a><\/li>\n\t<li id=\"menu-item-7961\" class=\"bellows-menu-item bellows-menu-item-type-post_type bellows-menu-item-object-post bellows-menu-item-7961 bellows-item-level-1\"><a  href=\"https:\/\/new.reikiforum.fr\/?p=7529\" class=\"bellows-target\"><span class=\"bellows-target-title bellows-target-text\">Reiki dans les H\u00f4pitaux aux USA<\/span><\/a><\/li>\n\t<li id=\"menu-item-7962\" class=\"bellows-menu-item bellows-menu-item-type-post_type bellows-menu-item-object-post bellows-menu-item-7962 bellows-item-level-1\"><a  href=\"https:\/\/new.reikiforum.fr\/?p=7524\" class=\"bellows-target\"><span class=\"bellows-target-title bellows-target-text\">Reiki et l\u2019Allopathie<\/span><\/a><\/li>\n\t<li id=\"menu-item-7963\" class=\"bellows-menu-item bellows-menu-item-type-post_type bellows-menu-item-object-post bellows-menu-item-7963 bellows-item-level-1\"><a  href=\"https:\/\/new.reikiforum.fr\/?p=7539\" class=\"bellows-target\"><span class=\"bellows-target-title bellows-target-text\">Requ\u00eate inhabituelle<\/span><\/a><\/li>\n<\/ul>\n<\/li>\n<li id=\"menu-item-7551\" class=\"bellows-menu-item bellows-menu-item-type-post_type bellows-menu-item-object-page bellows-menu-item-7551 bellows-item-level-0\"><a  href=\"https:\/\/new.reikiforum.fr\/?page_id=7550\" class=\"bellows-target\"><span class=\"bellows-target-title bellows-target-text\">Activit\u00e9s Reiki permanentes<\/span><\/a><\/li>\n<li id=\"menu-item-7557\" class=\"bellows-menu-item bellows-menu-item-type-post_type bellows-menu-item-object-page bellows-menu-item-7557 bellows-item-level-0\"><a  href=\"https:\/\/new.reikiforum.fr\/?page_id=7556\" class=\"bellows-target\"><span class=\"bellows-target-title bellows-target-text\">Rencontres \/ partage Reiki<\/span><\/a><\/li>\n<li id=\"menu-item-7587\" class=\"bellows-menu-item bellows-menu-item-type-post_type bellows-menu-item-object-page bellows-menu-item-7587 bellows-item-level-0\"><a  href=\"https:\/\/new.reikiforum.fr\/?page_id=7586\" class=\"bellows-target\"><span class=\"bellows-target-title bellows-target-text\">Rencontres \/ partage Reiki dans les Dom-Tom<\/span><\/a><\/li>\n<li id=\"menu-item-7612\" class=\"bellows-menu-item bellows-menu-item-type-post_type bellows-menu-item-object-page bellows-menu-item-7612 bellows-item-level-0\"><a  href=\"https:\/\/new.reikiforum.fr\/?page_id=7610\" class=\"bellows-target\"><span class=\"bellows-target-title bellows-target-text\">Reiki en partenariat<\/span><\/a><\/li>\n<li id=\"menu-item-7639\" class=\"bellows-menu-item bellows-menu-item-type-post_type bellows-menu-item-object-page bellows-menu-item-7639 bellows-item-level-0\"><a  href=\"https:\/\/new.reikiforum.fr\/?page_id=7636\" class=\"bellows-target\"><span class=\"bellows-target-title bellows-target-text\">D\u00e9charge de responsabilit\u00e9<\/span><\/a><\/li>\n<li id=\"menu-item-7645\" class=\"bellows-menu-item bellows-menu-item-type-post_type bellows-menu-item-object-page bellows-menu-item-7645 bellows-item-level-0\"><a  href=\"https:\/\/new.reikiforum.fr\/?page_id=7643\" class=\"bellows-target\"><span class=\"bellows-target-title bellows-target-text\">Acc\u00e8s aux documents suite aux lives de Nita sur Youtube<\/span><\/a><\/li>\n<li id=\"menu-item-7656\" class=\"bellows-menu-item bellows-menu-item-type-post_type bellows-menu-item-object-page bellows-menu-item-7656 bellows-item-level-0\"><a  href=\"https:\/\/new.reikiforum.fr\/?page_id=7655\" class=\"bellows-target\"><span class=\"bellows-target-title bellows-target-text\">\u00a0Soir\u00e9e LIVE en direct avec Nita Mocanu<\/span><\/a><\/li>\n<li id=\"menu-item-7663\" class=\"bellows-menu-item bellows-menu-item-type-post_type bellows-menu-item-object-page bellows-menu-item-7663 bellows-item-level-0\"><a  href=\"https:\/\/new.reikiforum.fr\/?page_id=7662\" class=\"bellows-target\"><span class=\"bellows-target-title bellows-target-text\">\u00a0Re-Reiju \u00e0 distance<\/span><\/a><\/li>\n<\/ul><\/nav>\t\t<\/div>\n\t\t\t\t<\/div>\n\t\t\t\t\t\t<\/div>\n\t\t\t\t\t<\/div>\n\t\t<\/div>\n\t\t\t\t<div class=\"elementor-column elementor-col-50 elementor-top-column elementor-element elementor-element-2a434de3\" data-id=\"2a434de3\" data-element_type=\"column\">\n\t\t\t<div class=\"elementor-column-wrap elementor-element-populated\">\n\t\t\t\t\t\t\t<div class=\"elementor-widget-wrap\">\n\t\t\t\t\t\t<section class=\"elementor-section elementor-inner-section elementor-element elementor-element-625f8fb9 elementor-section-boxed elementor-section-height-default elementor-section-height-default\" data-id=\"625f8fb9\" data-element_type=\"section\">\n\t\t\t\t\t\t<div class=\"elementor-container elementor-column-gap-default\">\n\t\t\t\t\t\t\t<div class=\"elementor-row\">\n\t\t\t\t\t<div class=\"elementor-column elementor-col-100 elementor-inner-column elementor-element elementor-element-64d997b\" data-id=\"64d997b\" data-element_type=\"column\">\n\t\t\t<div class=\"elementor-column-wrap elementor-element-populated\">\n\t\t\t\t\t\t\t<div class=\"elementor-widget-wrap\">\n\t\t\t\t\t\t<section class=\"elementor-section elementor-inner-section elementor-element elementor-element-e57bb42 elementor-section-boxed elementor-section-height-default elementor-section-height-default\" data-id=\"e57bb42\" data-element_type=\"section\">\n\t\t\t\t\t\t<div class=\"elementor-container elementor-column-gap-default\">\n\t\t\t\t\t\t\t<div class=\"elementor-row\">\n\t\t\t\t\t<div class=\"elementor-column elementor-col-100 elementor-inner-column elementor-element elementor-element-1f64353\" data-id=\"1f64353\" data-element_type=\"column\">\n\t\t\t<div class=\"elementor-column-wrap elementor-element-populated\">\n\t\t\t\t\t\t\t<div class=\"elementor-widget-wrap\">\n\t\t\t\t\t\t<div class=\"elementor-element elementor-element-f90bd00 elementor-widget elementor-widget-heading\" data-id=\"f90bd00\" data-element_type=\"widget\" data-widget_type=\"heading.default\">\n\t\t\t\t<div class=\"elementor-widget-container\">\n\t\t\t<h1 class=\"elementor-heading-title elementor-size-default\">La Lettre Reiki<\/h1>\t\t<\/div>\n\t\t\t\t<\/div>\n\t\t\t\t\t\t<\/div>\n\t\t\t\t\t<\/div>\n\t\t<\/div>\n\t\t\t\t\t\t\t\t<\/div>\n\t\t\t\t\t<\/div>\n\t\t<\/section>\n\t\t\t\t<section class=\"elementor-section elementor-inner-section elementor-element elementor-element-908e5ae elementor-section-boxed elementor-section-height-default elementor-section-height-default\" data-id=\"908e5ae\" data-element_type=\"section\">\n\t\t\t\t\t\t<div class=\"elementor-container elementor-column-gap-default\">\n\t\t\t\t\t\t\t<div class=\"elementor-row\">\n\t\t\t\t\t<div class=\"elementor-column elementor-col-100 elementor-inner-column elementor-element elementor-element-010b96d\" data-id=\"010b96d\" data-element_type=\"column\">\n\t\t\t<div class=\"elementor-column-wrap elementor-element-populated\">\n\t\t\t\t\t\t\t<div class=\"elementor-widget-wrap\">\n\t\t\t\t\t\t<div class=\"elementor-element elementor-element-49a36db elementor-widget elementor-widget-text-editor\" data-id=\"49a36db\" data-element_type=\"widget\" data-widget_type=\"text-editor.default\">\n\t\t\t\t<div class=\"elementor-widget-container\">\n\t\t\t\t\t\t\t\t<div class=\"elementor-text-editor elementor-clearfix\">\n\t\t\t\t<p align=\"center\"><strong>Abonnement<\/strong><\/p><p align=\"center\">\u00e0 envoyer \u00e0 Mundoreiki SL &#8211; BP 208 &#8211; 64702 Hendaye Cedex (France)<\/p><p align=\"center\">\u00a0<\/p><p align=\"center\">\u00a0<a href=\"https:\/\/www.reikiforum.com\/CouponAbonnement.pdf\" target=\"_blank\" rel=\"noopener\">T\u00e9l\u00e9charger le coupon d&#8217;abonnement<\/a><\/p><p align=\"center\">\u00a0<\/p><p>\u00a0Oui, j\u2019aimerais recevoir &#8220;La Lettre Reiki&#8221; chez moi pendant une ann\u00e9e et je joins\u00a0:<\/p><p>\u00a0<\/p><p>&#8211;\u00a0<strong>POUR LA FRANCE\u00a0:<\/strong><\/p><p><strong>un ch\u00e8que de 12 \u20ac pour 1 an (ou 20 \u20ac pour 2 ans)<\/strong><\/p><p>Cet argent repr\u00e9sente ma contribution aux frais (ch\u00e8que \u00e0 l\u2019ordre de Mundoreiki).<\/p><p>\u00a0<\/p><p><strong>&#8211;\u00a0POUR L&#8217;ETRANGER :<\/strong><\/p><p>Nous acceptons la carte VISA ou Master Card ou encore un virement bancaire :\u00a0demandez-nous nos coordonn\u00e9es.<\/p><p>\u00a0<\/p><p>Vous pouvez vous r\u00e9abonner ainsi pour 1 an, 2 ans ou plus :<\/p><p><strong>&#8211;\u00a0Europe et DOM (Hors France)\u00a0:\u00a015 \u20ac pour 1 an (ou 26 \u20ac pour 2 ans)<\/strong><\/p><p><strong>&#8211;\u00a0TOM et les autres continents\u00a0:\u00a020 \u20ac pour 1 an (ou 35 \u20ac pour 2 ans)<\/strong><\/p><p><strong>\u00a0<\/strong><\/p><p><strong>\u00a0<\/strong><\/p><p align=\"center\"><strong>Veuillez ne pas utiliser ce coupon pour\u00a0renouveler\u00a0votre abonnement.<\/strong><\/p><p align=\"center\"><strong>Au moment du renouvellement, nous vous enverrons automatiquement un \u00ab\u00a0Coupon de r\u00e9abonnement\u00a0\u00bb.<\/strong><\/p>\t\t\t\t\t<\/div>\n\t\t\t\t\t\t<\/div>\n\t\t\t\t<\/div>\n\t\t\t\t\t\t<\/div>\n\t\t\t\t\t<\/div>\n\t\t<\/div>\n\t\t\t\t\t\t\t\t<\/div>\n\t\t\t\t\t<\/div>\n\t\t<\/section>\n\t\t\t\t\t\t<\/div>\n\t\t\t\t\t<\/div>\n\t\t<\/div>\n\t\t\t\t\t\t\t\t<\/div>\n\t\t\t\t\t<\/div>\n\t\t<\/section>\n\t\t\t\t\t\t<\/div>\n\t\t\t\t\t<\/div>\n\t\t<\/div>\n\t\t\t\t\t\t\t\t<\/div>\n\t\t\t\t\t<\/div>\n\t\t<\/section>\n\t\t\t\t\t\t\t\t\t<\/div>\n\t\t\t<\/div>\n\t\t\t\t\t<\/div>\n\t\t","protected":false},"excerpt":{"rendered":"<p>La Lettre Reiki Abonnement \u00e0 envoyer \u00e0 Mundoreiki SL &#8211; BP 208 &#8211; 64702 Hendaye Cedex (France) \u00a0 \u00a0T\u00e9l\u00e9charger le coupon d&#8217;abonnement \u00a0 \u00a0Oui, j\u2019aimerais recevoir &#8220;La Lettre Reiki&#8221; chez moi pendant une ann\u00e9e et je joins\u00a0: \u00a0 &#8211;\u00a0POUR LA FRANCE\u00a0: un ch\u00e8que de 12 \u20ac pour 1 an (ou 20 \u20ac pour 2 ans) [&hellip;]<\/p>\n","protected":false},"author":1,"featured_media":0,"parent":0,"menu_order":0,"comment_status":"closed","ping_status":"closed","template":"elementor_header_footer","meta":[],"_links":{"self":[{"href":"https:\/\/new.reikiforum.fr\/index.php?rest_route=\/wp\/v2\/pages\/7429"}],"collection":[{"href":"https:\/\/new.reikiforum.fr\/index.php?rest_route=\/wp\/v2\/pages"}],"about":[{"href":"https:\/\/new.reikiforum.fr\/index.php?rest_route=\/wp\/v2\/types\/page"}],"author":[{"embeddable":true,"href":"https:\/\/new.reikiforum.fr\/index.php?rest_route=\/wp\/v2\/users\/1"}],"replies":[{"embeddable":true,"href":"https:\/\/new.reikiforum.fr\/index.php?rest_route=%2Fwp%2Fv2%2Fcomments&post=7429"}],"version-history":[{"count":10,"href":"https:\/\/new.reikiforum.fr\/index.php?rest_route=\/wp\/v2\/pages\/7429\/revisions"}],"predecessor-version":[{"id":11327,"href":"https:\/\/new.reikiforum.fr\/index.php?rest_route=\/wp\/v2\/pages\/7429\/revisions\/11327"}],"wp:attachment":[{"href":"https:\/\/new.reikiforum.fr\/index.php?rest_route=%2Fwp%2Fv2%2Fmedia&parent=7429"}],"curies":[{"name":"wp","href":"https:\/\/api.w.org\/{rel}","templated":true}]}}