{"id":358,"date":"2022-08-17T22:58:00","date_gmt":"2022-08-17T22:58:00","guid":{"rendered":"https:\/\/new.reikiforum.fr\/je-me-libere-de-toute-preoccupation-2\/"},"modified":"2022-09-27T23:06:24","modified_gmt":"2022-09-27T23:06:24","slug":"je-me-libere-de-toute-colere","status":"publish","type":"page","link":"https:\/\/new.reikiforum.fr\/?page_id=358","title":{"rendered":"Je me lib\u00e8re de toute col\u00e8re"},"content":{"rendered":"\t\t<div data-elementor-type=\"wp-page\" data-elementor-id=\"358\" class=\"elementor elementor-358\">\n\t\t\t\t\t\t<div class=\"elementor-inner\">\n\t\t\t\t<div class=\"elementor-section-wrap\">\n\t\t\t\t\t\t\t\t\t<section class=\"elementor-section elementor-top-section elementor-element elementor-element-6d5782f0 elementor-section-boxed elementor-section-height-default elementor-section-height-default\" data-id=\"6d5782f0\" data-element_type=\"section\">\n\t\t\t\t\t\t<div class=\"elementor-container elementor-column-gap-default\">\n\t\t\t\t\t\t\t<div class=\"elementor-row\">\n\t\t\t\t\t<div class=\"elementor-column elementor-col-50 elementor-top-column elementor-element elementor-element-449fe8e7 leftSideBarCol\" data-id=\"449fe8e7\" data-element_type=\"column\">\n\t\t\t<div class=\"elementor-column-wrap elementor-element-populated\">\n\t\t\t\t\t\t\t<div class=\"elementor-widget-wrap\">\n\t\t\t\t\t\t<div class=\"elementor-element elementor-element-5f46e509 elementor-widget elementor-widget-wp-widget-bellows_navigation_widget\" data-id=\"5f46e509\" data-element_type=\"widget\" data-widget_type=\"wp-widget-bellows_navigation_widget.default\">\n\t\t\t\t<div class=\"elementor-widget-container\">\n\t\t\t<nav id=\"bellows-main-6\" class=\"bellows bellows-nojs bellows-main bellows-source-menu bellows-align-left bellows-skin-none bellows-type-\"><ul id=\"menu-leftmenu\" class=\"bellows-nav\" data-bellows-config=\"main\"><li id=\"menu-item-112\" class=\"bellows-menu-item bellows-menu-item-type-custom bellows-menu-item-object-custom bellows-menu-item-home bellows-menu-item-112 bellows-item-level-0\"><a  href=\"https:\/\/new.reikiforum.fr\" class=\"bellows-target\"><span class=\"bellows-target-title bellows-target-text\">Accueil<\/span><\/a><\/li>\n<li id=\"menu-item-111\" class=\"bellows-menu-item bellows-menu-item-type-post_type bellows-menu-item-object-page bellows-menu-item-111 bellows-item-level-0\"><a  href=\"https:\/\/new.reikiforum.fr\/?page_id=109\" class=\"bellows-target\"><span class=\"bellows-target-title bellows-target-text\">Pr\u00e9sentation de Nita<\/span><\/a><\/li>\n<li id=\"menu-item-126\" class=\"bellows-menu-item bellows-menu-item-type-post_type bellows-menu-item-object-page bellows-menu-item-126 bellows-item-level-0\"><a  href=\"https:\/\/new.reikiforum.fr\/?page_id=116\" class=\"bellows-target\"><span class=\"bellows-target-title bellows-target-text\">Le Reiki Usui<\/span><\/a><\/li>\n<li id=\"menu-item-208\" class=\"bellows-menu-item bellows-menu-item-type-post_type bellows-menu-item-object-page bellows-menu-item-208 bellows-item-level-0\"><a  href=\"https:\/\/new.reikiforum.fr\/?page_id=201\" class=\"bellows-target\"><span class=\"bellows-target-title bellows-target-text\">Le Reiki Karuna<\/span><\/a><\/li>\n<li id=\"menu-item-216\" class=\"bellows-menu-item bellows-menu-item-type-post_type bellows-menu-item-object-page bellows-menu-item-216 bellows-item-level-0\"><a  href=\"https:\/\/new.reikiforum.fr\/?page_id=215\" class=\"bellows-target\"><span class=\"bellows-target-title bellows-target-text\">Code \u00e9thique<\/span><\/a><\/li>\n<li id=\"menu-item-226\" class=\"bellows-menu-item bellows-menu-item-type-post_type bellows-menu-item-object-page bellows-menu-item-226 bellows-item-level-0\"><a  href=\"https:\/\/new.reikiforum.fr\/?page_id=225\" class=\"bellows-target\"><span class=\"bellows-target-title bellows-target-text\">Le Reiki est\u2026 le Reiki n\u2019est pas<\/span><\/a><\/li>\n<li id=\"menu-item-240\" class=\"bellows-menu-item bellows-menu-item-type-post_type bellows-menu-item-object-page bellows-menu-item-240 bellows-item-level-0\"><a  href=\"https:\/\/new.reikiforum.fr\/?page_id=239\" class=\"bellows-target\"><span class=\"bellows-target-title bellows-target-text\">Stage de Ma\u00eetre Reiki<\/span><\/a><\/li>\n<li id=\"menu-item-297\" class=\"bellows-menu-item bellows-menu-item-type-post_type bellows-menu-item-object-page bellows-menu-item-has-children bellows-menu-item-297 bellows-item-level-0\"><a  href=\"https:\/\/new.reikiforum.fr\/?page_id=296\" class=\"bellows-target\"><span class=\"bellows-target-title bellows-target-text\">Les Cinq Id\u00e9aux du Reiki<\/span><button class=\"bellows-subtoggle\" aria-label=\"Toggle Submenu\"><i class=\"bellows-subtoggle-icon-expand fa fa-chevron-down\"><\/i><i class=\"bellows-subtoggle-icon-collapse fa fa-chevron-up\"><\/i><\/button><\/a>\n<ul class=\"bellows-submenu\">\n\t<li id=\"menu-item-320\" class=\"bellows-menu-item bellows-menu-item-type-post_type bellows-menu-item-object-page bellows-menu-item-320 bellows-item-level-1\"><a  href=\"https:\/\/new.reikiforum.fr\/?page_id=319\" class=\"bellows-target\"><span class=\"bellows-target-title bellows-target-text\">Je me lib\u00e8re de toute pr\u00e9occupation<\/span><\/a><\/li>\n\t<li id=\"menu-item-359\" class=\"bellows-menu-item bellows-menu-item-type-post_type bellows-menu-item-object-page bellows-menu-item-359 bellows-item-level-1\"><a  href=\"https:\/\/new.reikiforum.fr\/?page_id=358\" class=\"bellows-target\"><span class=\"bellows-target-title bellows-target-text\">Je me lib\u00e8re de toute col\u00e8re<\/span><\/a><\/li>\n\t<li id=\"menu-item-430\" class=\"bellows-menu-item bellows-menu-item-type-post_type bellows-menu-item-object-page bellows-menu-item-430 bellows-item-level-1\"><a  href=\"https:\/\/new.reikiforum.fr\/?page_id=429\" class=\"bellows-target\"><span class=\"bellows-target-title bellows-target-text\">Juste pour aujourd\u2019hui, je rends gr\u00e2ce pour mes nombreuses b\u00e9n\u00e9dictions, j\u2019honore mes parents mes professeurs et mes a\u00efeux<\/span><\/a><\/li>\n\t<li id=\"menu-item-567\" class=\"bellows-menu-item bellows-menu-item-type-post_type bellows-menu-item-object-page bellows-menu-item-567 bellows-item-level-1\"><a  href=\"https:\/\/new.reikiforum.fr\/?page_id=566\" class=\"bellows-target\"><span class=\"bellows-target-title bellows-target-text\">Je vis ma vie honn\u00eatement !<\/span><\/a><\/li>\n\t<li id=\"menu-item-832\" class=\"bellows-menu-item bellows-menu-item-type-post_type bellows-menu-item-object-page bellows-menu-item-832 bellows-item-level-1\"><a  href=\"https:\/\/new.reikiforum.fr\/?page_id=831\" class=\"bellows-target\"><span class=\"bellows-target-title bellows-target-text\">Je respecte la Vie autour de moi sous toute forme<\/span><\/a><\/li>\n<\/ul>\n<\/li>\n<li id=\"menu-item-1360\" class=\"bellows-menu-item bellows-menu-item-type-post_type bellows-menu-item-object-page bellows-menu-item-1360 bellows-item-level-0\"><a  href=\"https:\/\/new.reikiforum.fr\/?page_id=1359\" class=\"bellows-target\"><span class=\"bellows-target-title bellows-target-text\">Pratiquer le Reiki<\/span><\/a><\/li>\n<li id=\"menu-item-3387\" class=\"bellows-menu-item bellows-menu-item-type-post_type bellows-menu-item-object-page bellows-menu-item-3387 bellows-item-level-0\"><a  href=\"https:\/\/new.reikiforum.fr\/?page_id=3386\" class=\"bellows-target\"><span class=\"bellows-target-title bellows-target-text\">Assurance responsabilit\u00e9 civile<\/span><\/a><\/li>\n<li id=\"menu-item-7432\" class=\"bellows-menu-item bellows-menu-item-type-post_type bellows-menu-item-object-page bellows-menu-item-7432 bellows-item-level-0\"><a  href=\"https:\/\/new.reikiforum.fr\/?page_id=7429\" class=\"bellows-target\"><span class=\"bellows-target-title bellows-target-text\">La Lettre Reiki<\/span><\/a><\/li>\n<li id=\"menu-item-7438\" class=\"bellows-menu-item bellows-menu-item-type-post_type bellows-menu-item-object-page bellows-menu-item-7438 bellows-item-level-0\"><a  href=\"https:\/\/new.reikiforum.fr\/?page_id=7436\" class=\"bellows-target\"><span class=\"bellows-target-title bellows-target-text\">Marathons de Reiki \u00e0 distance<\/span><\/a><\/li>\n<li id=\"menu-item-7447\" class=\"bellows-menu-item bellows-menu-item-type-post_type bellows-menu-item-object-page bellows-menu-item-7447 bellows-item-level-0\"><a  href=\"https:\/\/new.reikiforum.fr\/?page_id=7445\" class=\"bellows-target\"><span class=\"bellows-target-title bellows-target-text\">Vous souhaitez devenir Marathonien<\/span><\/a><\/li>\n<li id=\"menu-item-7453\" class=\"bellows-menu-item bellows-menu-item-type-post_type bellows-menu-item-object-page bellows-menu-item-7453 bellows-item-level-0\"><a  href=\"https:\/\/new.reikiforum.fr\/?page_id=7451\" class=\"bellows-target\"><span class=\"bellows-target-title bellows-target-text\">Retours des Marathons<\/span><\/a><\/li>\n<li id=\"menu-item-7474\" class=\"bellows-menu-item bellows-menu-item-type-post_type bellows-menu-item-object-page bellows-menu-item-7474 bellows-item-level-0\"><a  href=\"https:\/\/new.reikiforum.fr\/?page_id=7472\" class=\"bellows-target\"><span class=\"bellows-target-title bellows-target-text\">Marathon de Reiki \u00e0 une Situation<\/span><\/a><\/li>\n<li id=\"menu-item-7482\" class=\"bellows-menu-item bellows-menu-item-type-post_type bellows-menu-item-object-page bellows-menu-item-7482 bellows-item-level-0\"><a  href=\"https:\/\/new.reikiforum.fr\/?page_id=7480\" class=\"bellows-target\"><span class=\"bellows-target-title bellows-target-text\">Reiki dans les H\u00f4pitaux \u2013 Dossier<\/span><\/a><\/li>\n<li id=\"menu-item-7964\" class=\"bellows-menu-item bellows-menu-item-type-custom bellows-menu-item-object-custom bellows-menu-item-has-children bellows-menu-item-7964 bellows-item-level-0\"><a  href=\"#\" class=\"bellows-target\"><span class=\"bellows-target-title bellows-target-text\">Reiki dans les h\u00f4pitaux &#8211; Articles<\/span><button class=\"bellows-subtoggle\" aria-label=\"Toggle Submenu\"><i class=\"bellows-subtoggle-icon-expand fa fa-chevron-down\"><\/i><i class=\"bellows-subtoggle-icon-collapse fa fa-chevron-up\"><\/i><\/button><\/a>\n<ul class=\"bellows-submenu\">\n\t<li id=\"menu-item-7956\" class=\"bellows-menu-item bellows-menu-item-type-post_type bellows-menu-item-object-post bellows-menu-item-7956 bellows-item-level-1\"><a  href=\"https:\/\/new.reikiforum.fr\/?p=7519\" class=\"bellows-target\"><span class=\"bellows-target-title bellows-target-text\">A ma fa\u00e7on\u2026<\/span><\/a><\/li>\n\t<li id=\"menu-item-7959\" class=\"bellows-menu-item bellows-menu-item-type-post_type bellows-menu-item-object-post bellows-menu-item-7959 bellows-item-level-1\"><a  href=\"https:\/\/new.reikiforum.fr\/?p=7504\" class=\"bellows-target\"><span class=\"bellows-target-title bellows-target-text\">Mon t\u00e9moignage<\/span><\/a><\/li>\n\t<li id=\"menu-item-7955\" class=\"bellows-menu-item bellows-menu-item-type-post_type bellows-menu-item-object-post bellows-menu-item-7955 bellows-item-level-1\"><a  href=\"https:\/\/new.reikiforum.fr\/?p=7509\" class=\"bellows-target\"><span class=\"bellows-target-title bellows-target-text\">10 ans de Reiki \u00e0 l\u2019hopital de Hartfort<\/span><\/a><\/li>\n\t<li id=\"menu-item-7957\" class=\"bellows-menu-item bellows-menu-item-type-post_type bellows-menu-item-object-post bellows-menu-item-7957 bellows-item-level-1\"><a  href=\"https:\/\/new.reikiforum.fr\/?p=7514\" class=\"bellows-target\"><span class=\"bellows-target-title bellows-target-text\">Aujourd\u2019hui au centre hospitalier de Brian\u00e7on<\/span><\/a><\/li>\n\t<li id=\"menu-item-7958\" class=\"bellows-menu-item bellows-menu-item-type-post_type bellows-menu-item-object-post bellows-menu-item-7958 bellows-item-level-1\"><a  href=\"https:\/\/new.reikiforum.fr\/?p=7534\" class=\"bellows-target\"><span class=\"bellows-target-title bellows-target-text\">Les Assurances remboursent les traitements de Reiki en Suisse<\/span><\/a><\/li>\n\t<li id=\"menu-item-7960\" class=\"bellows-menu-item bellows-menu-item-type-post_type bellows-menu-item-object-post bellows-menu-item-7960 bellows-item-level-1\"><a  href=\"https:\/\/new.reikiforum.fr\/?p=7544\" class=\"bellows-target\"><span class=\"bellows-target-title bellows-target-text\">Reiki \u00e0 l\u2019h\u00f4pital de la Timone<\/span><\/a><\/li>\n\t<li id=\"menu-item-7961\" class=\"bellows-menu-item bellows-menu-item-type-post_type bellows-menu-item-object-post bellows-menu-item-7961 bellows-item-level-1\"><a  href=\"https:\/\/new.reikiforum.fr\/?p=7529\" class=\"bellows-target\"><span class=\"bellows-target-title bellows-target-text\">Reiki dans les H\u00f4pitaux aux USA<\/span><\/a><\/li>\n\t<li id=\"menu-item-7962\" class=\"bellows-menu-item bellows-menu-item-type-post_type bellows-menu-item-object-post bellows-menu-item-7962 bellows-item-level-1\"><a  href=\"https:\/\/new.reikiforum.fr\/?p=7524\" class=\"bellows-target\"><span class=\"bellows-target-title bellows-target-text\">Reiki et l\u2019Allopathie<\/span><\/a><\/li>\n\t<li id=\"menu-item-7963\" class=\"bellows-menu-item bellows-menu-item-type-post_type bellows-menu-item-object-post bellows-menu-item-7963 bellows-item-level-1\"><a  href=\"https:\/\/new.reikiforum.fr\/?p=7539\" class=\"bellows-target\"><span class=\"bellows-target-title bellows-target-text\">Requ\u00eate inhabituelle<\/span><\/a><\/li>\n<\/ul>\n<\/li>\n<li id=\"menu-item-7551\" class=\"bellows-menu-item bellows-menu-item-type-post_type bellows-menu-item-object-page bellows-menu-item-7551 bellows-item-level-0\"><a  href=\"https:\/\/new.reikiforum.fr\/?page_id=7550\" class=\"bellows-target\"><span class=\"bellows-target-title bellows-target-text\">Activit\u00e9s Reiki permanentes<\/span><\/a><\/li>\n<li id=\"menu-item-7557\" class=\"bellows-menu-item bellows-menu-item-type-post_type bellows-menu-item-object-page bellows-menu-item-7557 bellows-item-level-0\"><a  href=\"https:\/\/new.reikiforum.fr\/?page_id=7556\" class=\"bellows-target\"><span class=\"bellows-target-title bellows-target-text\">Rencontres \/ partage Reiki<\/span><\/a><\/li>\n<li id=\"menu-item-7587\" class=\"bellows-menu-item bellows-menu-item-type-post_type bellows-menu-item-object-page bellows-menu-item-7587 bellows-item-level-0\"><a  href=\"https:\/\/new.reikiforum.fr\/?page_id=7586\" class=\"bellows-target\"><span class=\"bellows-target-title bellows-target-text\">Rencontres \/ partage Reiki dans les Dom-Tom<\/span><\/a><\/li>\n<li id=\"menu-item-7612\" class=\"bellows-menu-item bellows-menu-item-type-post_type bellows-menu-item-object-page bellows-menu-item-7612 bellows-item-level-0\"><a  href=\"https:\/\/new.reikiforum.fr\/?page_id=7610\" class=\"bellows-target\"><span class=\"bellows-target-title bellows-target-text\">Reiki en partenariat<\/span><\/a><\/li>\n<li id=\"menu-item-7639\" class=\"bellows-menu-item bellows-menu-item-type-post_type bellows-menu-item-object-page bellows-menu-item-7639 bellows-item-level-0\"><a  href=\"https:\/\/new.reikiforum.fr\/?page_id=7636\" class=\"bellows-target\"><span class=\"bellows-target-title bellows-target-text\">D\u00e9charge de responsabilit\u00e9<\/span><\/a><\/li>\n<li id=\"menu-item-7645\" class=\"bellows-menu-item bellows-menu-item-type-post_type bellows-menu-item-object-page bellows-menu-item-7645 bellows-item-level-0\"><a  href=\"https:\/\/new.reikiforum.fr\/?page_id=7643\" class=\"bellows-target\"><span class=\"bellows-target-title bellows-target-text\">Acc\u00e8s aux documents suite aux lives de Nita sur Youtube<\/span><\/a><\/li>\n<li id=\"menu-item-7656\" class=\"bellows-menu-item bellows-menu-item-type-post_type bellows-menu-item-object-page bellows-menu-item-7656 bellows-item-level-0\"><a  href=\"https:\/\/new.reikiforum.fr\/?page_id=7655\" class=\"bellows-target\"><span class=\"bellows-target-title bellows-target-text\">\u00a0Soir\u00e9e LIVE en direct avec Nita Mocanu<\/span><\/a><\/li>\n<li id=\"menu-item-7663\" class=\"bellows-menu-item bellows-menu-item-type-post_type bellows-menu-item-object-page bellows-menu-item-7663 bellows-item-level-0\"><a  href=\"https:\/\/new.reikiforum.fr\/?page_id=7662\" class=\"bellows-target\"><span class=\"bellows-target-title bellows-target-text\">\u00a0Re-Reiju \u00e0 distance<\/span><\/a><\/li>\n<\/ul><\/nav>\t\t<\/div>\n\t\t\t\t<\/div>\n\t\t\t\t\t\t<\/div>\n\t\t\t\t\t<\/div>\n\t\t<\/div>\n\t\t\t\t<div class=\"elementor-column elementor-col-50 elementor-top-column elementor-element elementor-element-20bdd0b\" data-id=\"20bdd0b\" data-element_type=\"column\">\n\t\t\t<div class=\"elementor-column-wrap elementor-element-populated\">\n\t\t\t\t\t\t\t<div class=\"elementor-widget-wrap\">\n\t\t\t\t\t\t<section class=\"elementor-section elementor-inner-section elementor-element elementor-element-45ba4d5d elementor-section-boxed elementor-section-height-default elementor-section-height-default\" data-id=\"45ba4d5d\" data-element_type=\"section\">\n\t\t\t\t\t\t<div class=\"elementor-container elementor-column-gap-default\">\n\t\t\t\t\t\t\t<div class=\"elementor-row\">\n\t\t\t\t\t<div class=\"elementor-column elementor-col-100 elementor-inner-column elementor-element elementor-element-7357d2e\" data-id=\"7357d2e\" data-element_type=\"column\">\n\t\t\t<div class=\"elementor-column-wrap elementor-element-populated\">\n\t\t\t\t\t\t\t<div class=\"elementor-widget-wrap\">\n\t\t\t\t\t\t<div class=\"elementor-element elementor-element-83e6f23 elementor-widget elementor-widget-heading\" data-id=\"83e6f23\" data-element_type=\"widget\" data-widget_type=\"heading.default\">\n\t\t\t\t<div class=\"elementor-widget-container\">\n\t\t\t<h3 class=\"elementor-heading-title elementor-size-default\">Juste pour aujourd'hui, je me lib\u00e8re de toute col\u00e8re<\/h3>\t\t<\/div>\n\t\t\t\t<\/div>\n\t\t\t\t\t\t<\/div>\n\t\t\t\t\t<\/div>\n\t\t<\/div>\n\t\t\t\t\t\t\t\t<\/div>\n\t\t\t\t\t<\/div>\n\t\t<\/section>\n\t\t\t\t<section class=\"elementor-section elementor-inner-section elementor-element elementor-element-98086b6 elementor-section-boxed elementor-section-height-default elementor-section-height-default\" data-id=\"98086b6\" data-element_type=\"section\">\n\t\t\t\t\t\t<div class=\"elementor-container elementor-column-gap-default\">\n\t\t\t\t\t\t\t<div class=\"elementor-row\">\n\t\t\t\t\t<div class=\"elementor-column elementor-col-100 elementor-inner-column elementor-element elementor-element-1f4277e\" data-id=\"1f4277e\" data-element_type=\"column\">\n\t\t\t<div class=\"elementor-column-wrap elementor-element-populated\">\n\t\t\t\t\t\t\t<div class=\"elementor-widget-wrap\">\n\t\t\t\t\t\t<div class=\"elementor-element elementor-element-9884c90 elementor-widget elementor-widget-text-editor\" data-id=\"9884c90\" data-element_type=\"widget\" data-widget_type=\"text-editor.default\">\n\t\t\t\t<div class=\"elementor-widget-container\">\n\t\t\t\t\t\t\t\t<div class=\"elementor-text-editor elementor-clearfix\">\n\t\t\t\t<p>La col\u00e8re est la cons\u00e9quence automatique de la pr\u00e9occupation et les deux ont la m\u00eame cause\u00a0: notre d\u00e9sir de contr\u00f4ler tout ce qui se passe autour de nous. M\u00eame si l\u2019on pouvait dire que ce d\u00e9sir est\u00a0l\u00e9gitime, nous aurions d\u00e9j\u00e0 remarqu\u00e9 qu\u2019il nous est impossible de tout contr\u00f4ler. Et parfois, il vaut mieux que nous ne puissions pas le faire, n\u2019est pas\u00a0?<\/p><p>Le m\u00e9canisme habituel est le suivant\u00a0: nous sommes en train de perdre le contr\u00f4le d\u2019une situation donn\u00e9e \u2013 nous commen\u00e7ons \u00e0 nous pr\u00e9occuper \u2013 nous nous mettons en col\u00e8re. Plus nous nous pr\u00e9occupons, plus il y a des chances que des sch\u00e9mas inconscients pr\u00e9c\u00e9dant la col\u00e8re s\u2019activent\u00a0(des complexes d\u2019inf\u00e9riorit\u00e9, des peurs, des anciennes souffrances \u00e9motionnelles) et ils seront renforc\u00e9s par des id\u00e9es v\u00e9hicul\u00e9es par certains m\u00e9dias, films, etc. (celui qui frappe le premier gagne, la meilleure d\u00e9fense c\u2019est l\u2019attaque, courir c\u2019est l\u00e2che, et un tr\u00e8s long etc.).<\/p><p>En tant que praticien de Reiki, nous avons appris lors du 1<sup>er<\/sup>\u00a0degr\u00e9 que \u00ab\u00a0juste pour aujourd\u2019hui on ne se met pas en col\u00e8re\u00a0\u00bb. D\u2019accord. Combien de personnes connaissez-vous autour de vous qui ne se mettent\u00a0jamais\u00a0en col\u00e8re\u00a0? Apr\u00e8s toutes ces ann\u00e9es de Reiki\u2026\u00a0?!<\/p><p>\u00a0\u00a0 La col\u00e8re est une \u00e9motion destructrice, qui n\u2019apporte jamais rien de positif, nous savons cela d\u00e9j\u00e0. Et \u00e9tant donn\u00e9 que nous faisons partie probablement de ceux qui se mettent de temps en temps en col\u00e8re, au moins que l\u2019on comprenne de quoi il s\u2019agit pour r\u00e9agir aussi correctement que possible.<\/p><p>\u00a0\u00a0 Pour mieux comprendre quel est l\u2019effet de la col\u00e8re sur nous, imaginez la situation suivante\u00a0: vous \u00eates en vacances dans une maison en pleine nature dans un endroit tellement beau et calme. Tout est serein et vous \u00eates vraiment bien quand soudain, en un rien de temps, il y a une terrible temp\u00eate qui arrive de nulle part.<\/p><p>\u00a0\u00a0 Que fait-on\u00a0? On ferme tout de suite les fen\u00eatres, les portes, les volets pour que la temp\u00eate n\u2019entre pas dans la maison. Mais\u2026 personne ne dit qu\u2019il faut les fermer quand une temp\u00eate arrive, alors pourquoi le fait-on\u00a0? Parce que si on laissait tout ouvert, la temp\u00eate mettrait la pagaille totale dans la maison, bien s\u00fbr.<\/p><p>\u00a0\u00a0 Pourtant, c\u2019est exactement la m\u00eame chose (et pire encore) qui se produit quand nous permettons que la temp\u00eate\/col\u00e8re entre dans notre maison\/corps, mais nous ne fermons ni les fen\u00eatres, ni les portes, ni les volets. Nous lui permettons d\u2019y entrer\u00a0!<\/p><p>La question est comment l\u2019en emp\u00eacher, comment l\u2019emp\u00eacher de nous affecter\u00a0?<\/p><p>Il ne s\u2019agit pas de serrer les dents et d\u2019avaler cette col\u00e8re et la stocker.<\/p><p>Une col\u00e8re refoul\u00e9e et stock\u00e9e va nous aider \u00e0 nous cr\u00e9er des ulc\u00e8res et des tumeurs. Nous ne voulons pas de cela.<\/p><p>Quelle est la solution\u00a0?<\/p><p>\u00a0\u00a0 Tout simplement d\u00e8s le premier instant quand nous sentons que la col\u00e8re commence \u00e0 monter, et que l\u2019on est encore suffisamment lucide, de se dire : Je suis sur le point de me mettre en col\u00e8re. Reconna\u00eetre l\u2019\u00e9tat dans lequel nous nous trouvons va faire que la temp\u00eate perdra la moiti\u00e9 de sa force\u00a0; elle sera peut-\u00eatre toujours pr\u00e9sente mais beaucoup moins forte.<\/p><p>\u00a0\u00a0 Quand on voit que malgr\u00e9 tout la tension continue \u00e0 monter, le plus sens\u00e9 \u00e0 faire est d\u2019abandonner le sujet, la situation ou le lieu, sortir et se manifester ailleurs. Car si on continue il y aura toujours une personne ou une situation qui va nous aider \u00e0 amplifier encore plus notre col\u00e8re, notre ego sera pr\u00e9sent aussi (bien s\u00fbr\u00a0!) et\u2026 ce sera trop tard.<\/p><p>\u00a0\u00a0 Manifester sa col\u00e8re ailleurs veut dire marcher, courir, sauter, se rouler par terre, crier, dire n\u2019importe quoi, taper sur un coussin (on se sent ridicule mais \u00e7a marche), etc. N\u2019importe quelle sera l\u2019activit\u00e9, elle nous aidera \u00e0 nous d\u00e9fouler, et nous lib\u00e9rer de la col\u00e8re. Et il s\u2019agit justement de cela\u00a0: se lib\u00e9rer.<\/p><p>\u00a0\u00a0 Gr\u00e2ce \u00e0 cette lib\u00e9ration, nous ne d\u00e9verserons pas notre agressivit\u00e9 et violence sur les personnes les plus proches, que nous aimons et qui ne m\u00e9ritent pas notre col\u00e8re non plus.<\/p><p>Peu \u00e0 peu, en se lib\u00e9rant de plus en plus de la pr\u00e9occupation et de la col\u00e8re, on atteindra un \u00e9tat de s\u00e9r\u00e9nit\u00e9 qui va nous aider \u00e0 comprendre et \u00e0 changer encore plus.<\/p><p>\u00a0\u00a0 Nous comprendrons que notre col\u00e8re a des cons\u00e9quences bien plus importantes que juste sur le moment respectif. Nous comprendrons que cette\u00a0\u00e9nergie tr\u00e8s forte va se comporter comme toute forme d\u2019\u00e9nergie\u00a0: elle va attirer d\u2019autres concentrations d\u2019\u00e9nergie de col\u00e8re, donc des personnes et situations qui nous aideront \u00e0 entretenir un \u00e9tat de col\u00e8re, de m\u00e9contentement, sans savoir tr\u00e8s bien pourquoi.<\/p><p>\u00a0\u00a0 Aussi, notre col\u00e8re va alimenter les r\u00e9serves subtiles de col\u00e8re, ce qu\u2019on appelle l\u2019\u00e9gr\u00e9gore de col\u00e8re, d\u2019agressivit\u00e9, de violence. En le faisant, nous devenons acteurs, responsables, de toute la col\u00e8re et l\u2019agressivit\u00e9 dans le monde, puisque les \u00ab\u00a0grands m\u00e9chants\u00a0\u00bb d\u2019aujourd\u2019hui se nourrissent eux-m\u00eames et leurs nations aussi de ce m\u00eame \u00e9gr\u00e9gore de violence\u00a0!<\/p><p>\u00a0\u00a0 Le message de Mikao Usui a \u00e9t\u00e9 tr\u00e8s simple, mais il est tellement sage. En prenant soin de soi-m\u00eame, en se d\u00e9barrassant de tous ces comportements qui nous font du mal, pas seulement que nous nous aidons \u00e0 nous-m\u00eames \u00e0 avoir une vie meilleure. Nous aidons en m\u00eame temps les gens qui nous entourent et nous aidons aussi d\u2019une fa\u00e7on indirecte tous nos semblables.<\/p><p>\u00a0\u00a0 Et en atteignant cet \u00e9tat de s\u00e9r\u00e9nit\u00e9 de plus en plus stable, nous ne nous mettrons plus en col\u00e8re non pas parce qu\u2019il faut ob\u00e9ir \u00e0 une r\u00e8gle, mais tout simplement parce que nous ne trouverons plus de raison de le faire\u00a0!<\/p><p>\u00a0<\/p><p>Nita<\/p>\t\t\t\t\t<\/div>\n\t\t\t\t\t\t<\/div>\n\t\t\t\t<\/div>\n\t\t\t\t\t\t<\/div>\n\t\t\t\t\t<\/div>\n\t\t<\/div>\n\t\t\t\t\t\t\t\t<\/div>\n\t\t\t\t\t<\/div>\n\t\t<\/section>\n\t\t\t\t\t\t<\/div>\n\t\t\t\t\t<\/div>\n\t\t<\/div>\n\t\t\t\t\t\t\t\t<\/div>\n\t\t\t\t\t<\/div>\n\t\t<\/section>\n\t\t\t\t\t\t\t\t\t<\/div>\n\t\t\t<\/div>\n\t\t\t\t\t<\/div>\n\t\t","protected":false},"excerpt":{"rendered":"<p>Juste pour aujourd&#8217;hui, je me lib\u00e8re de toute col\u00e8re La col\u00e8re est la cons\u00e9quence automatique de la pr\u00e9occupation et les deux ont la m\u00eame cause\u00a0: notre d\u00e9sir de contr\u00f4ler tout ce qui se passe autour de nous. M\u00eame si l\u2019on pouvait dire que ce d\u00e9sir est\u00a0l\u00e9gitime, nous aurions d\u00e9j\u00e0 remarqu\u00e9 qu\u2019il nous est impossible de [&hellip;]<\/p>\n","protected":false},"author":1,"featured_media":0,"parent":296,"menu_order":0,"comment_status":"closed","ping_status":"closed","template":"elementor_header_footer","meta":[],"_links":{"self":[{"href":"https:\/\/new.reikiforum.fr\/index.php?rest_route=\/wp\/v2\/pages\/358"}],"collection":[{"href":"https:\/\/new.reikiforum.fr\/index.php?rest_route=\/wp\/v2\/pages"}],"about":[{"href":"https:\/\/new.reikiforum.fr\/index.php?rest_route=\/wp\/v2\/types\/page"}],"author":[{"embeddable":true,"href":"https:\/\/new.reikiforum.fr\/index.php?rest_route=\/wp\/v2\/users\/1"}],"replies":[{"embeddable":true,"href":"https:\/\/new.reikiforum.fr\/index.php?rest_route=%2Fwp%2Fv2%2Fcomments&post=358"}],"version-history":[{"count":7,"href":"https:\/\/new.reikiforum.fr\/index.php?rest_route=\/wp\/v2\/pages\/358\/revisions"}],"predecessor-version":[{"id":11303,"href":"https:\/\/new.reikiforum.fr\/index.php?rest_route=\/wp\/v2\/pages\/358\/revisions\/11303"}],"up":[{"embeddable":true,"href":"https:\/\/new.reikiforum.fr\/index.php?rest_route=\/wp\/v2\/pages\/296"}],"wp:attachment":[{"href":"https:\/\/new.reikiforum.fr\/index.php?rest_route=%2Fwp%2Fv2%2Fmedia&parent=358"}],"curies":[{"name":"wp","href":"https:\/\/api.w.org\/{rel}","templated":true}]}}