{"id":3386,"date":"2022-08-17T22:58:00","date_gmt":"2022-08-17T22:58:00","guid":{"rendered":"https:\/\/new.reikiforum.fr\/pratiquer-le-reiki-2\/"},"modified":"2022-09-27T23:10:31","modified_gmt":"2022-09-27T23:10:31","slug":"assurance-responsabilite-civile","status":"publish","type":"page","link":"https:\/\/new.reikiforum.fr\/?page_id=3386","title":{"rendered":"Assurance responsabilit\u00e9 civile"},"content":{"rendered":"\t\t<div data-elementor-type=\"wp-page\" data-elementor-id=\"3386\" class=\"elementor elementor-3386\">\n\t\t\t\t\t\t<div class=\"elementor-inner\">\n\t\t\t\t<div class=\"elementor-section-wrap\">\n\t\t\t\t\t\t\t\t\t<section class=\"elementor-section elementor-top-section elementor-element elementor-element-7b7b4eb3 elementor-section-boxed elementor-section-height-default elementor-section-height-default\" data-id=\"7b7b4eb3\" data-element_type=\"section\">\n\t\t\t\t\t\t<div class=\"elementor-container elementor-column-gap-default\">\n\t\t\t\t\t\t\t<div class=\"elementor-row\">\n\t\t\t\t\t<div class=\"elementor-column elementor-col-50 elementor-top-column elementor-element elementor-element-31b251c8 leftSideBarCol\" data-id=\"31b251c8\" data-element_type=\"column\">\n\t\t\t<div class=\"elementor-column-wrap elementor-element-populated\">\n\t\t\t\t\t\t\t<div class=\"elementor-widget-wrap\">\n\t\t\t\t\t\t<div class=\"elementor-element elementor-element-6781b4b2 elementor-widget elementor-widget-wp-widget-bellows_navigation_widget\" data-id=\"6781b4b2\" data-element_type=\"widget\" data-widget_type=\"wp-widget-bellows_navigation_widget.default\">\n\t\t\t\t<div class=\"elementor-widget-container\">\n\t\t\t<nav id=\"bellows-main-6\" class=\"bellows bellows-nojs bellows-main bellows-source-menu bellows-align-left bellows-skin-none bellows-type-\"><ul id=\"menu-leftmenu\" class=\"bellows-nav\" data-bellows-config=\"main\"><li id=\"menu-item-112\" class=\"bellows-menu-item bellows-menu-item-type-custom bellows-menu-item-object-custom bellows-menu-item-home bellows-menu-item-112 bellows-item-level-0\"><a  href=\"https:\/\/new.reikiforum.fr\" class=\"bellows-target\"><span class=\"bellows-target-title bellows-target-text\">Accueil<\/span><\/a><\/li>\n<li id=\"menu-item-111\" class=\"bellows-menu-item bellows-menu-item-type-post_type bellows-menu-item-object-page bellows-menu-item-111 bellows-item-level-0\"><a  href=\"https:\/\/new.reikiforum.fr\/?page_id=109\" class=\"bellows-target\"><span class=\"bellows-target-title bellows-target-text\">Pr\u00e9sentation de Nita<\/span><\/a><\/li>\n<li id=\"menu-item-126\" class=\"bellows-menu-item bellows-menu-item-type-post_type bellows-menu-item-object-page bellows-menu-item-126 bellows-item-level-0\"><a  href=\"https:\/\/new.reikiforum.fr\/?page_id=116\" class=\"bellows-target\"><span class=\"bellows-target-title bellows-target-text\">Le Reiki Usui<\/span><\/a><\/li>\n<li id=\"menu-item-208\" class=\"bellows-menu-item bellows-menu-item-type-post_type bellows-menu-item-object-page bellows-menu-item-208 bellows-item-level-0\"><a  href=\"https:\/\/new.reikiforum.fr\/?page_id=201\" class=\"bellows-target\"><span class=\"bellows-target-title bellows-target-text\">Le Reiki Karuna<\/span><\/a><\/li>\n<li id=\"menu-item-216\" class=\"bellows-menu-item bellows-menu-item-type-post_type bellows-menu-item-object-page bellows-menu-item-216 bellows-item-level-0\"><a  href=\"https:\/\/new.reikiforum.fr\/?page_id=215\" class=\"bellows-target\"><span class=\"bellows-target-title bellows-target-text\">Code \u00e9thique<\/span><\/a><\/li>\n<li id=\"menu-item-226\" class=\"bellows-menu-item bellows-menu-item-type-post_type bellows-menu-item-object-page bellows-menu-item-226 bellows-item-level-0\"><a  href=\"https:\/\/new.reikiforum.fr\/?page_id=225\" class=\"bellows-target\"><span class=\"bellows-target-title bellows-target-text\">Le Reiki est\u2026 le Reiki n\u2019est pas<\/span><\/a><\/li>\n<li id=\"menu-item-240\" class=\"bellows-menu-item bellows-menu-item-type-post_type bellows-menu-item-object-page bellows-menu-item-240 bellows-item-level-0\"><a  href=\"https:\/\/new.reikiforum.fr\/?page_id=239\" class=\"bellows-target\"><span class=\"bellows-target-title bellows-target-text\">Stage de Ma\u00eetre Reiki<\/span><\/a><\/li>\n<li id=\"menu-item-297\" class=\"bellows-menu-item bellows-menu-item-type-post_type bellows-menu-item-object-page bellows-menu-item-has-children bellows-menu-item-297 bellows-item-level-0\"><a  href=\"https:\/\/new.reikiforum.fr\/?page_id=296\" class=\"bellows-target\"><span class=\"bellows-target-title bellows-target-text\">Les Cinq Id\u00e9aux du Reiki<\/span><button class=\"bellows-subtoggle\" aria-label=\"Toggle Submenu\"><i class=\"bellows-subtoggle-icon-expand fa fa-chevron-down\"><\/i><i class=\"bellows-subtoggle-icon-collapse fa fa-chevron-up\"><\/i><\/button><\/a>\n<ul class=\"bellows-submenu\">\n\t<li id=\"menu-item-320\" class=\"bellows-menu-item bellows-menu-item-type-post_type bellows-menu-item-object-page bellows-menu-item-320 bellows-item-level-1\"><a  href=\"https:\/\/new.reikiforum.fr\/?page_id=319\" class=\"bellows-target\"><span class=\"bellows-target-title bellows-target-text\">Je me lib\u00e8re de toute pr\u00e9occupation<\/span><\/a><\/li>\n\t<li id=\"menu-item-359\" class=\"bellows-menu-item bellows-menu-item-type-post_type bellows-menu-item-object-page bellows-menu-item-359 bellows-item-level-1\"><a  href=\"https:\/\/new.reikiforum.fr\/?page_id=358\" class=\"bellows-target\"><span class=\"bellows-target-title bellows-target-text\">Je me lib\u00e8re de toute col\u00e8re<\/span><\/a><\/li>\n\t<li id=\"menu-item-430\" class=\"bellows-menu-item bellows-menu-item-type-post_type bellows-menu-item-object-page bellows-menu-item-430 bellows-item-level-1\"><a  href=\"https:\/\/new.reikiforum.fr\/?page_id=429\" class=\"bellows-target\"><span class=\"bellows-target-title bellows-target-text\">Juste pour aujourd\u2019hui, je rends gr\u00e2ce pour mes nombreuses b\u00e9n\u00e9dictions, j\u2019honore mes parents mes professeurs et mes a\u00efeux<\/span><\/a><\/li>\n\t<li id=\"menu-item-567\" class=\"bellows-menu-item bellows-menu-item-type-post_type bellows-menu-item-object-page bellows-menu-item-567 bellows-item-level-1\"><a  href=\"https:\/\/new.reikiforum.fr\/?page_id=566\" class=\"bellows-target\"><span class=\"bellows-target-title bellows-target-text\">Je vis ma vie honn\u00eatement !<\/span><\/a><\/li>\n\t<li id=\"menu-item-832\" class=\"bellows-menu-item bellows-menu-item-type-post_type bellows-menu-item-object-page bellows-menu-item-832 bellows-item-level-1\"><a  href=\"https:\/\/new.reikiforum.fr\/?page_id=831\" class=\"bellows-target\"><span class=\"bellows-target-title bellows-target-text\">Je respecte la Vie autour de moi sous toute forme<\/span><\/a><\/li>\n<\/ul>\n<\/li>\n<li id=\"menu-item-1360\" class=\"bellows-menu-item bellows-menu-item-type-post_type bellows-menu-item-object-page bellows-menu-item-1360 bellows-item-level-0\"><a  href=\"https:\/\/new.reikiforum.fr\/?page_id=1359\" class=\"bellows-target\"><span class=\"bellows-target-title bellows-target-text\">Pratiquer le Reiki<\/span><\/a><\/li>\n<li id=\"menu-item-3387\" class=\"bellows-menu-item bellows-menu-item-type-post_type bellows-menu-item-object-page bellows-menu-item-3387 bellows-item-level-0\"><a  href=\"https:\/\/new.reikiforum.fr\/?page_id=3386\" class=\"bellows-target\"><span class=\"bellows-target-title bellows-target-text\">Assurance responsabilit\u00e9 civile<\/span><\/a><\/li>\n<li id=\"menu-item-7432\" class=\"bellows-menu-item bellows-menu-item-type-post_type bellows-menu-item-object-page bellows-menu-item-7432 bellows-item-level-0\"><a  href=\"https:\/\/new.reikiforum.fr\/?page_id=7429\" class=\"bellows-target\"><span class=\"bellows-target-title bellows-target-text\">La Lettre Reiki<\/span><\/a><\/li>\n<li id=\"menu-item-7438\" class=\"bellows-menu-item bellows-menu-item-type-post_type bellows-menu-item-object-page bellows-menu-item-7438 bellows-item-level-0\"><a  href=\"https:\/\/new.reikiforum.fr\/?page_id=7436\" class=\"bellows-target\"><span class=\"bellows-target-title bellows-target-text\">Marathons de Reiki \u00e0 distance<\/span><\/a><\/li>\n<li id=\"menu-item-7447\" class=\"bellows-menu-item bellows-menu-item-type-post_type bellows-menu-item-object-page bellows-menu-item-7447 bellows-item-level-0\"><a  href=\"https:\/\/new.reikiforum.fr\/?page_id=7445\" class=\"bellows-target\"><span class=\"bellows-target-title bellows-target-text\">Vous souhaitez devenir Marathonien<\/span><\/a><\/li>\n<li id=\"menu-item-7453\" class=\"bellows-menu-item bellows-menu-item-type-post_type bellows-menu-item-object-page bellows-menu-item-7453 bellows-item-level-0\"><a  href=\"https:\/\/new.reikiforum.fr\/?page_id=7451\" class=\"bellows-target\"><span class=\"bellows-target-title bellows-target-text\">Retours des Marathons<\/span><\/a><\/li>\n<li id=\"menu-item-7474\" class=\"bellows-menu-item bellows-menu-item-type-post_type bellows-menu-item-object-page bellows-menu-item-7474 bellows-item-level-0\"><a  href=\"https:\/\/new.reikiforum.fr\/?page_id=7472\" class=\"bellows-target\"><span class=\"bellows-target-title bellows-target-text\">Marathon de Reiki \u00e0 une Situation<\/span><\/a><\/li>\n<li id=\"menu-item-7482\" class=\"bellows-menu-item bellows-menu-item-type-post_type bellows-menu-item-object-page bellows-menu-item-7482 bellows-item-level-0\"><a  href=\"https:\/\/new.reikiforum.fr\/?page_id=7480\" class=\"bellows-target\"><span class=\"bellows-target-title bellows-target-text\">Reiki dans les H\u00f4pitaux \u2013 Dossier<\/span><\/a><\/li>\n<li id=\"menu-item-7964\" class=\"bellows-menu-item bellows-menu-item-type-custom bellows-menu-item-object-custom bellows-menu-item-has-children bellows-menu-item-7964 bellows-item-level-0\"><a  href=\"#\" class=\"bellows-target\"><span class=\"bellows-target-title bellows-target-text\">Reiki dans les h\u00f4pitaux &#8211; Articles<\/span><button class=\"bellows-subtoggle\" aria-label=\"Toggle Submenu\"><i class=\"bellows-subtoggle-icon-expand fa fa-chevron-down\"><\/i><i class=\"bellows-subtoggle-icon-collapse fa fa-chevron-up\"><\/i><\/button><\/a>\n<ul class=\"bellows-submenu\">\n\t<li id=\"menu-item-7956\" class=\"bellows-menu-item bellows-menu-item-type-post_type bellows-menu-item-object-post bellows-menu-item-7956 bellows-item-level-1\"><a  href=\"https:\/\/new.reikiforum.fr\/?p=7519\" class=\"bellows-target\"><span class=\"bellows-target-title bellows-target-text\">A ma fa\u00e7on\u2026<\/span><\/a><\/li>\n\t<li id=\"menu-item-7959\" class=\"bellows-menu-item bellows-menu-item-type-post_type bellows-menu-item-object-post bellows-menu-item-7959 bellows-item-level-1\"><a  href=\"https:\/\/new.reikiforum.fr\/?p=7504\" class=\"bellows-target\"><span class=\"bellows-target-title bellows-target-text\">Mon t\u00e9moignage<\/span><\/a><\/li>\n\t<li id=\"menu-item-7955\" class=\"bellows-menu-item bellows-menu-item-type-post_type bellows-menu-item-object-post bellows-menu-item-7955 bellows-item-level-1\"><a  href=\"https:\/\/new.reikiforum.fr\/?p=7509\" class=\"bellows-target\"><span class=\"bellows-target-title bellows-target-text\">10 ans de Reiki \u00e0 l\u2019hopital de Hartfort<\/span><\/a><\/li>\n\t<li id=\"menu-item-7957\" class=\"bellows-menu-item bellows-menu-item-type-post_type bellows-menu-item-object-post bellows-menu-item-7957 bellows-item-level-1\"><a  href=\"https:\/\/new.reikiforum.fr\/?p=7514\" class=\"bellows-target\"><span class=\"bellows-target-title bellows-target-text\">Aujourd\u2019hui au centre hospitalier de Brian\u00e7on<\/span><\/a><\/li>\n\t<li id=\"menu-item-7958\" class=\"bellows-menu-item bellows-menu-item-type-post_type bellows-menu-item-object-post bellows-menu-item-7958 bellows-item-level-1\"><a  href=\"https:\/\/new.reikiforum.fr\/?p=7534\" class=\"bellows-target\"><span class=\"bellows-target-title bellows-target-text\">Les Assurances remboursent les traitements de Reiki en Suisse<\/span><\/a><\/li>\n\t<li id=\"menu-item-7960\" class=\"bellows-menu-item bellows-menu-item-type-post_type bellows-menu-item-object-post bellows-menu-item-7960 bellows-item-level-1\"><a  href=\"https:\/\/new.reikiforum.fr\/?p=7544\" class=\"bellows-target\"><span class=\"bellows-target-title bellows-target-text\">Reiki \u00e0 l\u2019h\u00f4pital de la Timone<\/span><\/a><\/li>\n\t<li id=\"menu-item-7961\" class=\"bellows-menu-item bellows-menu-item-type-post_type bellows-menu-item-object-post bellows-menu-item-7961 bellows-item-level-1\"><a  href=\"https:\/\/new.reikiforum.fr\/?p=7529\" class=\"bellows-target\"><span class=\"bellows-target-title bellows-target-text\">Reiki dans les H\u00f4pitaux aux USA<\/span><\/a><\/li>\n\t<li id=\"menu-item-7962\" class=\"bellows-menu-item bellows-menu-item-type-post_type bellows-menu-item-object-post bellows-menu-item-7962 bellows-item-level-1\"><a  href=\"https:\/\/new.reikiforum.fr\/?p=7524\" class=\"bellows-target\"><span class=\"bellows-target-title bellows-target-text\">Reiki et l\u2019Allopathie<\/span><\/a><\/li>\n\t<li id=\"menu-item-7963\" class=\"bellows-menu-item bellows-menu-item-type-post_type bellows-menu-item-object-post bellows-menu-item-7963 bellows-item-level-1\"><a  href=\"https:\/\/new.reikiforum.fr\/?p=7539\" class=\"bellows-target\"><span class=\"bellows-target-title bellows-target-text\">Requ\u00eate inhabituelle<\/span><\/a><\/li>\n<\/ul>\n<\/li>\n<li id=\"menu-item-7551\" class=\"bellows-menu-item bellows-menu-item-type-post_type bellows-menu-item-object-page bellows-menu-item-7551 bellows-item-level-0\"><a  href=\"https:\/\/new.reikiforum.fr\/?page_id=7550\" class=\"bellows-target\"><span class=\"bellows-target-title bellows-target-text\">Activit\u00e9s Reiki permanentes<\/span><\/a><\/li>\n<li id=\"menu-item-7557\" class=\"bellows-menu-item bellows-menu-item-type-post_type bellows-menu-item-object-page bellows-menu-item-7557 bellows-item-level-0\"><a  href=\"https:\/\/new.reikiforum.fr\/?page_id=7556\" class=\"bellows-target\"><span class=\"bellows-target-title bellows-target-text\">Rencontres \/ partage Reiki<\/span><\/a><\/li>\n<li id=\"menu-item-7587\" class=\"bellows-menu-item bellows-menu-item-type-post_type bellows-menu-item-object-page bellows-menu-item-7587 bellows-item-level-0\"><a  href=\"https:\/\/new.reikiforum.fr\/?page_id=7586\" class=\"bellows-target\"><span class=\"bellows-target-title bellows-target-text\">Rencontres \/ partage Reiki dans les Dom-Tom<\/span><\/a><\/li>\n<li id=\"menu-item-7612\" class=\"bellows-menu-item bellows-menu-item-type-post_type bellows-menu-item-object-page bellows-menu-item-7612 bellows-item-level-0\"><a  href=\"https:\/\/new.reikiforum.fr\/?page_id=7610\" class=\"bellows-target\"><span class=\"bellows-target-title bellows-target-text\">Reiki en partenariat<\/span><\/a><\/li>\n<li id=\"menu-item-7639\" class=\"bellows-menu-item bellows-menu-item-type-post_type bellows-menu-item-object-page bellows-menu-item-7639 bellows-item-level-0\"><a  href=\"https:\/\/new.reikiforum.fr\/?page_id=7636\" class=\"bellows-target\"><span class=\"bellows-target-title bellows-target-text\">D\u00e9charge de responsabilit\u00e9<\/span><\/a><\/li>\n<li id=\"menu-item-7645\" class=\"bellows-menu-item bellows-menu-item-type-post_type bellows-menu-item-object-page bellows-menu-item-7645 bellows-item-level-0\"><a  href=\"https:\/\/new.reikiforum.fr\/?page_id=7643\" class=\"bellows-target\"><span class=\"bellows-target-title bellows-target-text\">Acc\u00e8s aux documents suite aux lives de Nita sur Youtube<\/span><\/a><\/li>\n<li id=\"menu-item-7656\" class=\"bellows-menu-item bellows-menu-item-type-post_type bellows-menu-item-object-page bellows-menu-item-7656 bellows-item-level-0\"><a  href=\"https:\/\/new.reikiforum.fr\/?page_id=7655\" class=\"bellows-target\"><span class=\"bellows-target-title bellows-target-text\">\u00a0Soir\u00e9e LIVE en direct avec Nita Mocanu<\/span><\/a><\/li>\n<li id=\"menu-item-7663\" class=\"bellows-menu-item bellows-menu-item-type-post_type bellows-menu-item-object-page bellows-menu-item-7663 bellows-item-level-0\"><a  href=\"https:\/\/new.reikiforum.fr\/?page_id=7662\" class=\"bellows-target\"><span class=\"bellows-target-title bellows-target-text\">\u00a0Re-Reiju \u00e0 distance<\/span><\/a><\/li>\n<\/ul><\/nav>\t\t<\/div>\n\t\t\t\t<\/div>\n\t\t\t\t\t\t<\/div>\n\t\t\t\t\t<\/div>\n\t\t<\/div>\n\t\t\t\t<div class=\"elementor-column elementor-col-50 elementor-top-column elementor-element elementor-element-3a492058\" data-id=\"3a492058\" data-element_type=\"column\">\n\t\t\t<div class=\"elementor-column-wrap elementor-element-populated\">\n\t\t\t\t\t\t\t<div class=\"elementor-widget-wrap\">\n\t\t\t\t\t\t<section class=\"elementor-section elementor-inner-section elementor-element elementor-element-4f5fab2d elementor-section-boxed elementor-section-height-default elementor-section-height-default\" data-id=\"4f5fab2d\" data-element_type=\"section\">\n\t\t\t\t\t\t<div class=\"elementor-container elementor-column-gap-default\">\n\t\t\t\t\t\t\t<div class=\"elementor-row\">\n\t\t\t\t\t<div class=\"elementor-column elementor-col-100 elementor-inner-column elementor-element elementor-element-ac9a52f\" data-id=\"ac9a52f\" data-element_type=\"column\">\n\t\t\t<div class=\"elementor-column-wrap elementor-element-populated\">\n\t\t\t\t\t\t\t<div class=\"elementor-widget-wrap\">\n\t\t\t\t\t\t<section class=\"elementor-section elementor-inner-section elementor-element elementor-element-9f0ecdb elementor-section-boxed elementor-section-height-default elementor-section-height-default\" data-id=\"9f0ecdb\" data-element_type=\"section\">\n\t\t\t\t\t\t<div class=\"elementor-container elementor-column-gap-default\">\n\t\t\t\t\t\t\t<div class=\"elementor-row\">\n\t\t\t\t\t<div class=\"elementor-column elementor-col-100 elementor-inner-column elementor-element elementor-element-c26f3be\" data-id=\"c26f3be\" data-element_type=\"column\">\n\t\t\t<div class=\"elementor-column-wrap elementor-element-populated\">\n\t\t\t\t\t\t\t<div class=\"elementor-widget-wrap\">\n\t\t\t\t\t\t<div class=\"elementor-element elementor-element-0dc2b4a elementor-widget elementor-widget-heading\" data-id=\"0dc2b4a\" data-element_type=\"widget\" data-widget_type=\"heading.default\">\n\t\t\t\t<div class=\"elementor-widget-container\">\n\t\t\t<h1 class=\"elementor-heading-title elementor-size-default\">Assurance Responsabilit\u00e9 Civile et Professionnelle pour les praticiens et enseignants de Reiki\n<\/h1>\t\t<\/div>\n\t\t\t\t<\/div>\n\t\t\t\t\t\t<\/div>\n\t\t\t\t\t<\/div>\n\t\t<\/div>\n\t\t\t\t\t\t\t\t<\/div>\n\t\t\t\t\t<\/div>\n\t\t<\/section>\n\t\t\t\t<section class=\"elementor-section elementor-inner-section elementor-element elementor-element-b5a5caf elementor-section-boxed elementor-section-height-default elementor-section-height-default\" data-id=\"b5a5caf\" data-element_type=\"section\">\n\t\t\t\t\t\t<div class=\"elementor-container elementor-column-gap-default\">\n\t\t\t\t\t\t\t<div class=\"elementor-row\">\n\t\t\t\t\t<div class=\"elementor-column elementor-col-100 elementor-inner-column elementor-element elementor-element-489587e\" data-id=\"489587e\" data-element_type=\"column\">\n\t\t\t<div class=\"elementor-column-wrap elementor-element-populated\">\n\t\t\t\t\t\t\t<div class=\"elementor-widget-wrap\">\n\t\t\t\t\t\t<div class=\"elementor-element elementor-element-5149e35 elementor-widget elementor-widget-text-editor\" data-id=\"5149e35\" data-element_type=\"widget\" data-widget_type=\"text-editor.default\">\n\t\t\t\t<div class=\"elementor-widget-container\">\n\t\t\t\t\t\t\t\t<div class=\"elementor-text-editor elementor-clearfix\">\n\t\t\t\t<p align=\"left\">Voici un th\u00e8me \u00e9pineux jusqu\u2019\u00e0 il y a quelque temps\u00a0: on veut travailler l\u00e9galement de tous les points de vue mais on ne dispose pas d\u2019une assurance correcte comme tout autre professionnel.<\/p><p align=\"left\">Le Monde change y compris dans notre domaine\u00a0!<\/p><p align=\"left\">Le Reiki est class\u00e9 dans les M\u00e9decines non conventionnelles, \u00e0 c\u00f4t\u00e9 de\u00a0la Phytoth\u00e9rapie, Lithoth\u00e9rapie, Cristalloth\u00e9rapie, Kinelogie (avec ses nombreux aspects), M\u00e9decine Chinoise, Chromoth\u00e9rapie, R\u00e9flexologie, Shiatsu, Do Inn, Magn\u00e9tisme, Feng Shui, et un tr\u00e8s long etc.<\/p><p align=\"left\">Malgr\u00e9 le fait que ce genre d\u2019assurance existe depuis un certain temps d\u00e9j\u00e0, il para\u00eet que la Loi interdit aux assureurs de faire la publicit\u00e9 des contrats sp\u00e9cifiques. Quoi qu\u2019il en soit, t\u00f4t ou tard, les bonnes nouvelles circulent\u00a0!<\/p><p align=\"left\">Parlez-en \u00e0 votre assurance, informez-vous et prenez votre d\u00e9cision. Ma d\u00e9marche ici n\u2019est pas de faire de la publicit\u00e9 \u00e0 un ou l\u2019autre des Cabinets, mais d\u2019informer que ces possibilit\u00e9s existent. La d\u00e9cision appartient \u00e0 chacun.<\/p><p align=\"left\">Dans ces contrats, on trouvera \u00e0 la base deux points\u00a0:<\/p><p align=\"left\">&#8211;\u00a0\u00a0\u00a0\u00a0\u00a0\u00a0\u00a0\u00a0\u00a0Responsabilit\u00e9 Civile Exploitation et Professionnelle<\/p><p align=\"left\">&#8211;\u00a0\u00a0\u00a0\u00a0\u00a0\u00a0\u00a0\u00a0\u00a0Protection Juridique Vie Professionnelle et Vie Priv\u00e9e<\/p><p align=\"left\">On peut choisir de les compl\u00e9ter par une Assurance Perte d\u2019Exploitation et aussi par une Assurance Multirisque des Locaux.<\/p>\t\t\t\t\t<\/div>\n\t\t\t\t\t\t<\/div>\n\t\t\t\t<\/div>\n\t\t\t\t\t\t<\/div>\n\t\t\t\t\t<\/div>\n\t\t<\/div>\n\t\t\t\t\t\t\t\t<\/div>\n\t\t\t\t\t<\/div>\n\t\t<\/section>\n\t\t\t\t\t\t<\/div>\n\t\t\t\t\t<\/div>\n\t\t<\/div>\n\t\t\t\t\t\t\t\t<\/div>\n\t\t\t\t\t<\/div>\n\t\t<\/section>\n\t\t\t\t\t\t<\/div>\n\t\t\t\t\t<\/div>\n\t\t<\/div>\n\t\t\t\t\t\t\t\t<\/div>\n\t\t\t\t\t<\/div>\n\t\t<\/section>\n\t\t\t\t\t\t\t\t\t<\/div>\n\t\t\t<\/div>\n\t\t\t\t\t<\/div>\n\t\t","protected":false},"excerpt":{"rendered":"<p>Assurance Responsabilit\u00e9 Civile et Professionnelle pour les praticiens et enseignants de Reiki Voici un th\u00e8me \u00e9pineux jusqu\u2019\u00e0 il y a quelque temps\u00a0: on veut travailler l\u00e9galement de tous les points de vue mais on ne dispose pas d\u2019une assurance correcte comme tout autre professionnel. Le Monde change y compris dans notre domaine\u00a0! Le Reiki est [&hellip;]<\/p>\n","protected":false},"author":1,"featured_media":0,"parent":1359,"menu_order":0,"comment_status":"closed","ping_status":"closed","template":"elementor_header_footer","meta":[],"_links":{"self":[{"href":"https:\/\/new.reikiforum.fr\/index.php?rest_route=\/wp\/v2\/pages\/3386"}],"collection":[{"href":"https:\/\/new.reikiforum.fr\/index.php?rest_route=\/wp\/v2\/pages"}],"about":[{"href":"https:\/\/new.reikiforum.fr\/index.php?rest_route=\/wp\/v2\/types\/page"}],"author":[{"embeddable":true,"href":"https:\/\/new.reikiforum.fr\/index.php?rest_route=\/wp\/v2\/users\/1"}],"replies":[{"embeddable":true,"href":"https:\/\/new.reikiforum.fr\/index.php?rest_route=%2Fwp%2Fv2%2Fcomments&post=3386"}],"version-history":[{"count":11,"href":"https:\/\/new.reikiforum.fr\/index.php?rest_route=\/wp\/v2\/pages\/3386\/revisions"}],"predecessor-version":[{"id":11323,"href":"https:\/\/new.reikiforum.fr\/index.php?rest_route=\/wp\/v2\/pages\/3386\/revisions\/11323"}],"up":[{"embeddable":true,"href":"https:\/\/new.reikiforum.fr\/index.php?rest_route=\/wp\/v2\/pages\/1359"}],"wp:attachment":[{"href":"https:\/\/new.reikiforum.fr\/index.php?rest_route=%2Fwp%2Fv2%2Fmedia&parent=3386"}],"curies":[{"name":"wp","href":"https:\/\/api.w.org\/{rel}","templated":true}]}}