{"id":215,"date":"2022-08-17T22:58:00","date_gmt":"2022-08-17T22:58:00","guid":{"rendered":"https:\/\/new.reikiforum.fr\/le-reiki-karuna-2\/"},"modified":"2022-09-27T23:00:04","modified_gmt":"2022-09-27T23:00:04","slug":"code-ethique","status":"publish","type":"page","link":"https:\/\/new.reikiforum.fr\/?page_id=215","title":{"rendered":"Code \u00e9thique"},"content":{"rendered":"\t\t<div data-elementor-type=\"wp-page\" data-elementor-id=\"215\" class=\"elementor elementor-215\">\n\t\t\t\t\t\t<div class=\"elementor-inner\">\n\t\t\t\t<div class=\"elementor-section-wrap\">\n\t\t\t\t\t\t\t\t\t<section class=\"elementor-section elementor-top-section elementor-element elementor-element-5084b945 elementor-section-boxed elementor-section-height-default elementor-section-height-default\" data-id=\"5084b945\" data-element_type=\"section\">\n\t\t\t\t\t\t<div class=\"elementor-container elementor-column-gap-default\">\n\t\t\t\t\t\t\t<div class=\"elementor-row\">\n\t\t\t\t\t<div class=\"elementor-column elementor-col-50 elementor-top-column elementor-element elementor-element-5bd15c7e leftSideBarCol\" data-id=\"5bd15c7e\" data-element_type=\"column\">\n\t\t\t<div class=\"elementor-column-wrap elementor-element-populated\">\n\t\t\t\t\t\t\t<div class=\"elementor-widget-wrap\">\n\t\t\t\t\t\t<div class=\"elementor-element elementor-element-6de69d11 elementor-widget elementor-widget-wp-widget-bellows_navigation_widget\" data-id=\"6de69d11\" data-element_type=\"widget\" data-widget_type=\"wp-widget-bellows_navigation_widget.default\">\n\t\t\t\t<div class=\"elementor-widget-container\">\n\t\t\t<nav id=\"bellows-main-6\" class=\"bellows bellows-nojs bellows-main bellows-source-menu bellows-align-left bellows-skin-none bellows-type-\"><ul id=\"menu-leftmenu\" class=\"bellows-nav\" data-bellows-config=\"main\"><li id=\"menu-item-112\" class=\"bellows-menu-item bellows-menu-item-type-custom bellows-menu-item-object-custom bellows-menu-item-home bellows-menu-item-112 bellows-item-level-0\"><a  href=\"https:\/\/new.reikiforum.fr\" class=\"bellows-target\"><span class=\"bellows-target-title bellows-target-text\">Accueil<\/span><\/a><\/li>\n<li id=\"menu-item-111\" class=\"bellows-menu-item bellows-menu-item-type-post_type bellows-menu-item-object-page bellows-menu-item-111 bellows-item-level-0\"><a  href=\"https:\/\/new.reikiforum.fr\/?page_id=109\" class=\"bellows-target\"><span class=\"bellows-target-title bellows-target-text\">Pr\u00e9sentation de Nita<\/span><\/a><\/li>\n<li id=\"menu-item-126\" class=\"bellows-menu-item bellows-menu-item-type-post_type bellows-menu-item-object-page bellows-menu-item-126 bellows-item-level-0\"><a  href=\"https:\/\/new.reikiforum.fr\/?page_id=116\" class=\"bellows-target\"><span class=\"bellows-target-title bellows-target-text\">Le Reiki Usui<\/span><\/a><\/li>\n<li id=\"menu-item-208\" class=\"bellows-menu-item bellows-menu-item-type-post_type bellows-menu-item-object-page bellows-menu-item-208 bellows-item-level-0\"><a  href=\"https:\/\/new.reikiforum.fr\/?page_id=201\" class=\"bellows-target\"><span class=\"bellows-target-title bellows-target-text\">Le Reiki Karuna<\/span><\/a><\/li>\n<li id=\"menu-item-216\" class=\"bellows-menu-item bellows-menu-item-type-post_type bellows-menu-item-object-page bellows-menu-item-216 bellows-item-level-0\"><a  href=\"https:\/\/new.reikiforum.fr\/?page_id=215\" class=\"bellows-target\"><span class=\"bellows-target-title bellows-target-text\">Code \u00e9thique<\/span><\/a><\/li>\n<li id=\"menu-item-226\" class=\"bellows-menu-item bellows-menu-item-type-post_type bellows-menu-item-object-page bellows-menu-item-226 bellows-item-level-0\"><a  href=\"https:\/\/new.reikiforum.fr\/?page_id=225\" class=\"bellows-target\"><span class=\"bellows-target-title bellows-target-text\">Le Reiki est\u2026 le Reiki n\u2019est pas<\/span><\/a><\/li>\n<li id=\"menu-item-240\" class=\"bellows-menu-item bellows-menu-item-type-post_type bellows-menu-item-object-page bellows-menu-item-240 bellows-item-level-0\"><a  href=\"https:\/\/new.reikiforum.fr\/?page_id=239\" class=\"bellows-target\"><span class=\"bellows-target-title bellows-target-text\">Stage de Ma\u00eetre Reiki<\/span><\/a><\/li>\n<li id=\"menu-item-297\" class=\"bellows-menu-item bellows-menu-item-type-post_type bellows-menu-item-object-page bellows-menu-item-has-children bellows-menu-item-297 bellows-item-level-0\"><a  href=\"https:\/\/new.reikiforum.fr\/?page_id=296\" class=\"bellows-target\"><span class=\"bellows-target-title bellows-target-text\">Les Cinq Id\u00e9aux du Reiki<\/span><button class=\"bellows-subtoggle\" aria-label=\"Toggle Submenu\"><i class=\"bellows-subtoggle-icon-expand fa fa-chevron-down\"><\/i><i class=\"bellows-subtoggle-icon-collapse fa fa-chevron-up\"><\/i><\/button><\/a>\n<ul class=\"bellows-submenu\">\n\t<li id=\"menu-item-320\" class=\"bellows-menu-item bellows-menu-item-type-post_type bellows-menu-item-object-page bellows-menu-item-320 bellows-item-level-1\"><a  href=\"https:\/\/new.reikiforum.fr\/?page_id=319\" class=\"bellows-target\"><span class=\"bellows-target-title bellows-target-text\">Je me lib\u00e8re de toute pr\u00e9occupation<\/span><\/a><\/li>\n\t<li id=\"menu-item-359\" class=\"bellows-menu-item bellows-menu-item-type-post_type bellows-menu-item-object-page bellows-menu-item-359 bellows-item-level-1\"><a  href=\"https:\/\/new.reikiforum.fr\/?page_id=358\" class=\"bellows-target\"><span class=\"bellows-target-title bellows-target-text\">Je me lib\u00e8re de toute col\u00e8re<\/span><\/a><\/li>\n\t<li id=\"menu-item-430\" class=\"bellows-menu-item bellows-menu-item-type-post_type bellows-menu-item-object-page bellows-menu-item-430 bellows-item-level-1\"><a  href=\"https:\/\/new.reikiforum.fr\/?page_id=429\" class=\"bellows-target\"><span class=\"bellows-target-title bellows-target-text\">Juste pour aujourd\u2019hui, je rends gr\u00e2ce pour mes nombreuses b\u00e9n\u00e9dictions, j\u2019honore mes parents mes professeurs et mes a\u00efeux<\/span><\/a><\/li>\n\t<li id=\"menu-item-567\" class=\"bellows-menu-item bellows-menu-item-type-post_type bellows-menu-item-object-page bellows-menu-item-567 bellows-item-level-1\"><a  href=\"https:\/\/new.reikiforum.fr\/?page_id=566\" class=\"bellows-target\"><span class=\"bellows-target-title bellows-target-text\">Je vis ma vie honn\u00eatement !<\/span><\/a><\/li>\n\t<li id=\"menu-item-832\" class=\"bellows-menu-item bellows-menu-item-type-post_type bellows-menu-item-object-page bellows-menu-item-832 bellows-item-level-1\"><a  href=\"https:\/\/new.reikiforum.fr\/?page_id=831\" class=\"bellows-target\"><span class=\"bellows-target-title bellows-target-text\">Je respecte la Vie autour de moi sous toute forme<\/span><\/a><\/li>\n<\/ul>\n<\/li>\n<li id=\"menu-item-1360\" class=\"bellows-menu-item bellows-menu-item-type-post_type bellows-menu-item-object-page bellows-menu-item-1360 bellows-item-level-0\"><a  href=\"https:\/\/new.reikiforum.fr\/?page_id=1359\" class=\"bellows-target\"><span class=\"bellows-target-title bellows-target-text\">Pratiquer le Reiki<\/span><\/a><\/li>\n<li id=\"menu-item-3387\" class=\"bellows-menu-item bellows-menu-item-type-post_type bellows-menu-item-object-page bellows-menu-item-3387 bellows-item-level-0\"><a  href=\"https:\/\/new.reikiforum.fr\/?page_id=3386\" class=\"bellows-target\"><span class=\"bellows-target-title bellows-target-text\">Assurance responsabilit\u00e9 civile<\/span><\/a><\/li>\n<li id=\"menu-item-7432\" class=\"bellows-menu-item bellows-menu-item-type-post_type bellows-menu-item-object-page bellows-menu-item-7432 bellows-item-level-0\"><a  href=\"https:\/\/new.reikiforum.fr\/?page_id=7429\" class=\"bellows-target\"><span class=\"bellows-target-title bellows-target-text\">La Lettre Reiki<\/span><\/a><\/li>\n<li id=\"menu-item-7438\" class=\"bellows-menu-item bellows-menu-item-type-post_type bellows-menu-item-object-page bellows-menu-item-7438 bellows-item-level-0\"><a  href=\"https:\/\/new.reikiforum.fr\/?page_id=7436\" class=\"bellows-target\"><span class=\"bellows-target-title bellows-target-text\">Marathons de Reiki \u00e0 distance<\/span><\/a><\/li>\n<li id=\"menu-item-7447\" class=\"bellows-menu-item bellows-menu-item-type-post_type bellows-menu-item-object-page bellows-menu-item-7447 bellows-item-level-0\"><a  href=\"https:\/\/new.reikiforum.fr\/?page_id=7445\" class=\"bellows-target\"><span class=\"bellows-target-title bellows-target-text\">Vous souhaitez devenir Marathonien<\/span><\/a><\/li>\n<li id=\"menu-item-7453\" class=\"bellows-menu-item bellows-menu-item-type-post_type bellows-menu-item-object-page bellows-menu-item-7453 bellows-item-level-0\"><a  href=\"https:\/\/new.reikiforum.fr\/?page_id=7451\" class=\"bellows-target\"><span class=\"bellows-target-title bellows-target-text\">Retours des Marathons<\/span><\/a><\/li>\n<li id=\"menu-item-7474\" class=\"bellows-menu-item bellows-menu-item-type-post_type bellows-menu-item-object-page bellows-menu-item-7474 bellows-item-level-0\"><a  href=\"https:\/\/new.reikiforum.fr\/?page_id=7472\" class=\"bellows-target\"><span class=\"bellows-target-title bellows-target-text\">Marathon de Reiki \u00e0 une Situation<\/span><\/a><\/li>\n<li id=\"menu-item-7482\" class=\"bellows-menu-item bellows-menu-item-type-post_type bellows-menu-item-object-page bellows-menu-item-7482 bellows-item-level-0\"><a  href=\"https:\/\/new.reikiforum.fr\/?page_id=7480\" class=\"bellows-target\"><span class=\"bellows-target-title bellows-target-text\">Reiki dans les H\u00f4pitaux \u2013 Dossier<\/span><\/a><\/li>\n<li id=\"menu-item-7964\" class=\"bellows-menu-item bellows-menu-item-type-custom bellows-menu-item-object-custom bellows-menu-item-has-children bellows-menu-item-7964 bellows-item-level-0\"><a  href=\"#\" class=\"bellows-target\"><span class=\"bellows-target-title bellows-target-text\">Reiki dans les h\u00f4pitaux &#8211; Articles<\/span><button class=\"bellows-subtoggle\" aria-label=\"Toggle Submenu\"><i class=\"bellows-subtoggle-icon-expand fa fa-chevron-down\"><\/i><i class=\"bellows-subtoggle-icon-collapse fa fa-chevron-up\"><\/i><\/button><\/a>\n<ul class=\"bellows-submenu\">\n\t<li id=\"menu-item-7956\" class=\"bellows-menu-item bellows-menu-item-type-post_type bellows-menu-item-object-post bellows-menu-item-7956 bellows-item-level-1\"><a  href=\"https:\/\/new.reikiforum.fr\/?p=7519\" class=\"bellows-target\"><span class=\"bellows-target-title bellows-target-text\">A ma fa\u00e7on\u2026<\/span><\/a><\/li>\n\t<li id=\"menu-item-7959\" class=\"bellows-menu-item bellows-menu-item-type-post_type bellows-menu-item-object-post bellows-menu-item-7959 bellows-item-level-1\"><a  href=\"https:\/\/new.reikiforum.fr\/?p=7504\" class=\"bellows-target\"><span class=\"bellows-target-title bellows-target-text\">Mon t\u00e9moignage<\/span><\/a><\/li>\n\t<li id=\"menu-item-7955\" class=\"bellows-menu-item bellows-menu-item-type-post_type bellows-menu-item-object-post bellows-menu-item-7955 bellows-item-level-1\"><a  href=\"https:\/\/new.reikiforum.fr\/?p=7509\" class=\"bellows-target\"><span class=\"bellows-target-title bellows-target-text\">10 ans de Reiki \u00e0 l\u2019hopital de Hartfort<\/span><\/a><\/li>\n\t<li id=\"menu-item-7957\" class=\"bellows-menu-item bellows-menu-item-type-post_type bellows-menu-item-object-post bellows-menu-item-7957 bellows-item-level-1\"><a  href=\"https:\/\/new.reikiforum.fr\/?p=7514\" class=\"bellows-target\"><span class=\"bellows-target-title bellows-target-text\">Aujourd\u2019hui au centre hospitalier de Brian\u00e7on<\/span><\/a><\/li>\n\t<li id=\"menu-item-7958\" class=\"bellows-menu-item bellows-menu-item-type-post_type bellows-menu-item-object-post bellows-menu-item-7958 bellows-item-level-1\"><a  href=\"https:\/\/new.reikiforum.fr\/?p=7534\" class=\"bellows-target\"><span class=\"bellows-target-title bellows-target-text\">Les Assurances remboursent les traitements de Reiki en Suisse<\/span><\/a><\/li>\n\t<li id=\"menu-item-7960\" class=\"bellows-menu-item bellows-menu-item-type-post_type bellows-menu-item-object-post bellows-menu-item-7960 bellows-item-level-1\"><a  href=\"https:\/\/new.reikiforum.fr\/?p=7544\" class=\"bellows-target\"><span class=\"bellows-target-title bellows-target-text\">Reiki \u00e0 l\u2019h\u00f4pital de la Timone<\/span><\/a><\/li>\n\t<li id=\"menu-item-7961\" class=\"bellows-menu-item bellows-menu-item-type-post_type bellows-menu-item-object-post bellows-menu-item-7961 bellows-item-level-1\"><a  href=\"https:\/\/new.reikiforum.fr\/?p=7529\" class=\"bellows-target\"><span class=\"bellows-target-title bellows-target-text\">Reiki dans les H\u00f4pitaux aux USA<\/span><\/a><\/li>\n\t<li id=\"menu-item-7962\" class=\"bellows-menu-item bellows-menu-item-type-post_type bellows-menu-item-object-post bellows-menu-item-7962 bellows-item-level-1\"><a  href=\"https:\/\/new.reikiforum.fr\/?p=7524\" class=\"bellows-target\"><span class=\"bellows-target-title bellows-target-text\">Reiki et l\u2019Allopathie<\/span><\/a><\/li>\n\t<li id=\"menu-item-7963\" class=\"bellows-menu-item bellows-menu-item-type-post_type bellows-menu-item-object-post bellows-menu-item-7963 bellows-item-level-1\"><a  href=\"https:\/\/new.reikiforum.fr\/?p=7539\" class=\"bellows-target\"><span class=\"bellows-target-title bellows-target-text\">Requ\u00eate inhabituelle<\/span><\/a><\/li>\n<\/ul>\n<\/li>\n<li id=\"menu-item-7551\" class=\"bellows-menu-item bellows-menu-item-type-post_type bellows-menu-item-object-page bellows-menu-item-7551 bellows-item-level-0\"><a  href=\"https:\/\/new.reikiforum.fr\/?page_id=7550\" class=\"bellows-target\"><span class=\"bellows-target-title bellows-target-text\">Activit\u00e9s Reiki permanentes<\/span><\/a><\/li>\n<li id=\"menu-item-7557\" class=\"bellows-menu-item bellows-menu-item-type-post_type bellows-menu-item-object-page bellows-menu-item-7557 bellows-item-level-0\"><a  href=\"https:\/\/new.reikiforum.fr\/?page_id=7556\" class=\"bellows-target\"><span class=\"bellows-target-title bellows-target-text\">Rencontres \/ partage Reiki<\/span><\/a><\/li>\n<li id=\"menu-item-7587\" class=\"bellows-menu-item bellows-menu-item-type-post_type bellows-menu-item-object-page bellows-menu-item-7587 bellows-item-level-0\"><a  href=\"https:\/\/new.reikiforum.fr\/?page_id=7586\" class=\"bellows-target\"><span class=\"bellows-target-title bellows-target-text\">Rencontres \/ partage Reiki dans les Dom-Tom<\/span><\/a><\/li>\n<li id=\"menu-item-7612\" class=\"bellows-menu-item bellows-menu-item-type-post_type bellows-menu-item-object-page bellows-menu-item-7612 bellows-item-level-0\"><a  href=\"https:\/\/new.reikiforum.fr\/?page_id=7610\" class=\"bellows-target\"><span class=\"bellows-target-title bellows-target-text\">Reiki en partenariat<\/span><\/a><\/li>\n<li id=\"menu-item-7639\" class=\"bellows-menu-item bellows-menu-item-type-post_type bellows-menu-item-object-page bellows-menu-item-7639 bellows-item-level-0\"><a  href=\"https:\/\/new.reikiforum.fr\/?page_id=7636\" class=\"bellows-target\"><span class=\"bellows-target-title bellows-target-text\">D\u00e9charge de responsabilit\u00e9<\/span><\/a><\/li>\n<li id=\"menu-item-7645\" class=\"bellows-menu-item bellows-menu-item-type-post_type bellows-menu-item-object-page bellows-menu-item-7645 bellows-item-level-0\"><a  href=\"https:\/\/new.reikiforum.fr\/?page_id=7643\" class=\"bellows-target\"><span class=\"bellows-target-title bellows-target-text\">Acc\u00e8s aux documents suite aux lives de Nita sur Youtube<\/span><\/a><\/li>\n<li id=\"menu-item-7656\" class=\"bellows-menu-item bellows-menu-item-type-post_type bellows-menu-item-object-page bellows-menu-item-7656 bellows-item-level-0\"><a  href=\"https:\/\/new.reikiforum.fr\/?page_id=7655\" class=\"bellows-target\"><span class=\"bellows-target-title bellows-target-text\">\u00a0Soir\u00e9e LIVE en direct avec Nita Mocanu<\/span><\/a><\/li>\n<li id=\"menu-item-7663\" class=\"bellows-menu-item bellows-menu-item-type-post_type bellows-menu-item-object-page bellows-menu-item-7663 bellows-item-level-0\"><a  href=\"https:\/\/new.reikiforum.fr\/?page_id=7662\" class=\"bellows-target\"><span class=\"bellows-target-title bellows-target-text\">\u00a0Re-Reiju \u00e0 distance<\/span><\/a><\/li>\n<\/ul><\/nav>\t\t<\/div>\n\t\t\t\t<\/div>\n\t\t\t\t\t\t<\/div>\n\t\t\t\t\t<\/div>\n\t\t<\/div>\n\t\t\t\t<div class=\"elementor-column elementor-col-50 elementor-top-column elementor-element elementor-element-7a067f51\" data-id=\"7a067f51\" data-element_type=\"column\">\n\t\t\t<div class=\"elementor-column-wrap elementor-element-populated\">\n\t\t\t\t\t\t\t<div class=\"elementor-widget-wrap\">\n\t\t\t\t\t\t<section class=\"elementor-section elementor-inner-section elementor-element elementor-element-7f7d433c elementor-section-boxed elementor-section-height-default elementor-section-height-default\" data-id=\"7f7d433c\" data-element_type=\"section\">\n\t\t\t\t\t\t<div class=\"elementor-container elementor-column-gap-default\">\n\t\t\t\t\t\t\t<div class=\"elementor-row\">\n\t\t\t\t\t<div class=\"elementor-column elementor-col-100 elementor-inner-column elementor-element elementor-element-5c1d338\" data-id=\"5c1d338\" data-element_type=\"column\">\n\t\t\t<div class=\"elementor-column-wrap elementor-element-populated\">\n\t\t\t\t\t\t\t<div class=\"elementor-widget-wrap\">\n\t\t\t\t\t\t<div class=\"elementor-element elementor-element-76bf47a elementor-widget elementor-widget-heading\" data-id=\"76bf47a\" data-element_type=\"widget\" data-widget_type=\"heading.default\">\n\t\t\t\t<div class=\"elementor-widget-container\">\n\t\t\t<h3 class=\"elementor-heading-title elementor-size-default\">Un Code d'Ethique des Praticiens et des Ma\u00eetres Enseignants de Reiki Usui<\/h3>\t\t<\/div>\n\t\t\t\t<\/div>\n\t\t\t\t\t\t<\/div>\n\t\t\t\t\t<\/div>\n\t\t<\/div>\n\t\t\t\t\t\t\t\t<\/div>\n\t\t\t\t\t<\/div>\n\t\t<\/section>\n\t\t\t\t<section class=\"elementor-section elementor-inner-section elementor-element elementor-element-2ff7550 elementor-section-boxed elementor-section-height-default elementor-section-height-default\" data-id=\"2ff7550\" data-element_type=\"section\">\n\t\t\t\t\t\t<div class=\"elementor-container elementor-column-gap-default\">\n\t\t\t\t\t\t\t<div class=\"elementor-row\">\n\t\t\t\t\t<div class=\"elementor-column elementor-col-100 elementor-inner-column elementor-element elementor-element-d0841c4\" data-id=\"d0841c4\" data-element_type=\"column\">\n\t\t\t<div class=\"elementor-column-wrap elementor-element-populated\">\n\t\t\t\t\t\t\t<div class=\"elementor-widget-wrap\">\n\t\t\t\t\t\t<div class=\"elementor-element elementor-element-b0c3302 elementor-widget elementor-widget-text-editor\" data-id=\"b0c3302\" data-element_type=\"widget\" data-widget_type=\"text-editor.default\">\n\t\t\t\t<div class=\"elementor-widget-container\">\n\t\t\t\t\t\t\t\t<div class=\"elementor-text-editor elementor-clearfix\">\n\t\t\t\t<p align=\"center\"><strong>Un Code d&#8217;Ethique<\/strong><\/p><p align=\"center\"><strong>des Praticiens et des Ma\u00eetres Enseignants de Reiki Usui<\/strong><\/p>\t\t\t\t\t<\/div>\n\t\t\t\t\t\t<\/div>\n\t\t\t\t<\/div>\n\t\t\t\t<div class=\"elementor-element elementor-element-ca04d35 elementor-widget elementor-widget-text-editor\" data-id=\"ca04d35\" data-element_type=\"widget\" data-widget_type=\"text-editor.default\">\n\t\t\t\t<div class=\"elementor-widget-container\">\n\t\t\t\t\t\t\t\t<div class=\"elementor-text-editor elementor-clearfix\">\n\t\t\t\t<div class=\"gmail_default\"><p>Le Praticien de Reiki \u2013 femme ou homme \u2013 est une personne ayant suivi la formation et re\u00e7u les initiations Reiki de la part d\u2019un enseignant dont la lign\u00e9e remonte \u00e0 Mikao Usui.<\/p><p>Le Ma\u00eetre de Reiki \u2013 femme ou homme \u2013 est une personne ayant suivi la formation d&#8217;enseignant Reiki et re\u00e7u l\u2019initiation \u00e0 la Ma\u00eetrise de Reiki d\u2019un enseignant dont la lign\u00e9e remonte \u00e0 Mikao Usui. Il\/elle a les connaissances et les capacit\u00e9s pour proposer la formation de Reiki \u00e0 d&#8217;autres personnes.<\/p><p>Le Praticien et le Ma\u00eetre Enseignant de Reiki d\u00e9clarent en toute conscience que le Reiki a pour vocation de s&#8217;inscrire parmi les techniques de bien-\u00eatre, d&#8217;\u00e9nerg\u00e9tisation, d&#8217;accompagnement.<\/p><p>De m\u00eame, le Praticien et le Ma\u00eetre Enseignant de Reiki d\u00e9clarent en leur \u00e2me et conscience que le Reiki n&#8217;a de pr\u00e8s ou de loin aucune appartenance \u00e0 quelque ordre religieux ou sectaire que ce soit.<\/p><p><strong>Le Praticien\/Ma\u00eetre de Reiki, s\u2019engage \u00e0 :<\/strong><\/p><p><strong>1.<\/strong>\u00a0Respecter et suivre les Id\u00e9aux du Reiki de Mikao Usui et en favoriser la diffusion. Ils sont un guide de conduite permanente dans la vie quotidienne, ainsi qu\u2019une partie importante de l\u2019enseignement et la pratique du Reiki.<\/p><p><strong>2.<\/strong>\u00a0Continuer \u00e0 travailler sur sa propre \u00e9volution personnelle et professionnelle, \u00e0 tous les niveaux, dans l\u2019esprit du Reiki.<\/p><p><strong>3.<\/strong>\u00a0Laisser \u00e0 chacun le libre choix du praticien ou du Ma\u00eetre Enseignant.<\/p><p><strong>4.\u00a0<\/strong>Encourager le praticien \u00e0 se perfectionner.<\/p><p><strong>5.<\/strong>\u00a0Toujours traiter les \u00e9l\u00e8ves et les personnes demandant des s\u00e9ances de Reiki avec le plus grand respect.<\/p><p><strong>6.<\/strong>\u00a0Apporter toute information utile \u00e0 tout \u00e9l\u00e8ve ou personne demandant une s\u00e9ance de Reiki.<\/p><p><strong>7.<\/strong>\u00a0Toujours pratiquer une communication honn\u00eate et transparente sur le Reiki, sa nature, son potentiel et ses limites, la dur\u00e9e et les modalit\u00e9s de d\u00e9roulement des s\u00e9ances de Reiki.<\/p><p><strong>8.<\/strong>\u00a0Informer clairement des tarifs pratiqu\u00e9s pour les s\u00e9ances de Reiki et pour les formations. Donner toutes les pr\u00e9cisions concernant les stages et les s\u00e9ances de Reiki (contenu, dur\u00e9e, co\u00fbt, etc.).<\/p><p><strong>9.<\/strong>\u00a0Ne jamais \u00e9mettre de diagnostic, d&#8217;aucun type.<\/p><p><strong>10<\/strong>. N&#8217;interf\u00e9rer en aucun cas dans la relation des clients Reiki avec le corps m\u00e9dical.<\/p><p><strong>11.<\/strong>\u00a0Expliquer que le Reiki passe parfaitement bien \u00e0 travers les v\u00eatements et qu&#8217;il n\u2019est donc nul besoin de se d\u00e9v\u00eatir.<\/p><p>Ne jamais exercer sur la\/le client\/e des attouchements, abus de pouvoir, harc\u00e8lements moraux ou sexuels ou tout autre genre d&#8217;abus, quels qu&#8217;ils soient, en quelque domaine que ce soit. Ne pas avoir de relations intimes avec le\/la client\/e pendant la p\u00e9riode totale des s\u00e9ances.<\/p><p><strong>12.<\/strong>\u00a0Respecter la confidentialit\u00e9 des informations re\u00e7ues de la personne pendant une s\u00e9ance ou un stage de Reiki, quelle qu\u2019en soit la nature.<\/p><p><strong>13.<\/strong>\u00a0Encourager les Praticiens et Maitres Enseignants \u00e0 observer une hygi\u00e8ne de vie saine, pendant leurs activit\u00e9s Reiki : stages et\/ou s\u00e9ances de Reiki.<\/p><p><strong>14.<\/strong>\u00a0Respecter les lois et les r\u00e8glements sur la propri\u00e9t\u00e9 intellectuelle : ne jamais utiliser et\/ou diffuser des documents et mat\u00e9riels p\u00e9dagogiques provenant d\u2019un autre Ma\u00eetre de Reiki sans son accord explicite.<\/p><p><strong>15.<\/strong>\u00a0Travailler toujours avec Honn\u00eatet\u00e9, Respect, Conscience et Amour.<\/p><p><strong>16.<\/strong>\u00a0Respecter la vie priv\u00e9e de chaque personne \u00e0 laquelle seront prodigu\u00e9es des s\u00e9ances de Reiki.<\/p><p><strong>17<\/strong>. Faire une publicit\u00e9 toujours honn\u00eate, r\u00e9elle et s&#8217;abstenir au plus haut degr\u00e9 de manipuler les lecteurs ou les clients\/\u00e9l\u00e8ves potentiels dans les \u00e9crits divers, quel que soit le support, directement ou indirectement.<\/p><p><strong>18.<\/strong>\u00a0Reconna\u00eetre que d\u00e9tenir ou constituer un fichier manuel et\/ou informatique relatif aux clients est soumis aux lois en vigueur.<\/p><\/div>\t\t\t\t\t<\/div>\n\t\t\t\t\t\t<\/div>\n\t\t\t\t<\/div>\n\t\t\t\t\t\t<\/div>\n\t\t\t\t\t<\/div>\n\t\t<\/div>\n\t\t\t\t\t\t\t\t<\/div>\n\t\t\t\t\t<\/div>\n\t\t<\/section>\n\t\t\t\t\t\t<\/div>\n\t\t\t\t\t<\/div>\n\t\t<\/div>\n\t\t\t\t\t\t\t\t<\/div>\n\t\t\t\t\t<\/div>\n\t\t<\/section>\n\t\t\t\t\t\t\t\t\t<\/div>\n\t\t\t<\/div>\n\t\t\t\t\t<\/div>\n\t\t","protected":false},"excerpt":{"rendered":"<p>Un Code d&#8217;Ethique des Praticiens et des Ma\u00eetres Enseignants de Reiki Usui Un Code d&#8217;Ethique des Praticiens et des Ma\u00eetres Enseignants de Reiki Usui Le Praticien de Reiki \u2013 femme ou homme \u2013 est une personne ayant suivi la formation et re\u00e7u les initiations Reiki de la part d\u2019un enseignant dont la lign\u00e9e remonte \u00e0 [&hellip;]<\/p>\n","protected":false},"author":1,"featured_media":0,"parent":0,"menu_order":0,"comment_status":"closed","ping_status":"closed","template":"elementor_header_footer","meta":[],"_links":{"self":[{"href":"https:\/\/new.reikiforum.fr\/index.php?rest_route=\/wp\/v2\/pages\/215"}],"collection":[{"href":"https:\/\/new.reikiforum.fr\/index.php?rest_route=\/wp\/v2\/pages"}],"about":[{"href":"https:\/\/new.reikiforum.fr\/index.php?rest_route=\/wp\/v2\/types\/page"}],"author":[{"embeddable":true,"href":"https:\/\/new.reikiforum.fr\/index.php?rest_route=\/wp\/v2\/users\/1"}],"replies":[{"embeddable":true,"href":"https:\/\/new.reikiforum.fr\/index.php?rest_route=%2Fwp%2Fv2%2Fcomments&post=215"}],"version-history":[{"count":7,"href":"https:\/\/new.reikiforum.fr\/index.php?rest_route=\/wp\/v2\/pages\/215\/revisions"}],"predecessor-version":[{"id":11283,"href":"https:\/\/new.reikiforum.fr\/index.php?rest_route=\/wp\/v2\/pages\/215\/revisions\/11283"}],"wp:attachment":[{"href":"https:\/\/new.reikiforum.fr\/index.php?rest_route=%2Fwp%2Fv2%2Fmedia&parent=215"}],"curies":[{"name":"wp","href":"https:\/\/api.w.org\/{rel}","templated":true}]}}